{"id":8075,"date":"2024-10-29T14:51:54","date_gmt":"2024-10-29T13:51:54","guid":{"rendered":"https:\/\/thesalmonmarket.com\/producto\/filete-de-halibute-fumado-enrolado\/"},"modified":"2026-04-14T10:30:20","modified_gmt":"2026-04-14T08:30:20","slug":"filete-de-halibute-fumado-enrolado","status":"publish","type":"product","link":"https:\/\/thesalmonmarket.com\/pt\/produto\/filete-de-halibute-fumado-enrolado\/","title":{"rendered":"Filete de alabote fumado em fatias"},"content":{"rendered":"<p><strong>Pr\u00e9-cortado e sem pele.<\/strong><\/p>\n<p>Este produto \u00e9 enviado refrigerado para garantir a m\u00e1xima qualidade da tua encomenda.<\/p>\n<p><strong>Conselhos de conserva\u00e7\u00e3o: <\/strong>Entre 0\u00baC e 4\u00baC.<\/p>\n<p><strong>Produto previamente descongelado<\/strong>.<\/p>\n<p>&nbsp;<\/p>\n","protected":false},"excerpt":{"rendered":"<p><strong>Filete de alabote fumado, fatiado,<\/strong> em embalagens <strong>de 100 gramas<\/strong>.<\/p>\n<p>Descobre o nosso <strong>filete de halibute fumado<\/strong>, uma joia gastron\u00f3mica que eleva a tua experi\u00eancia gourmet a outro n\u00edvel. O nosso <strong>filete de halibute <\/strong>foi cuidadosamente selecionado e fumado com t\u00e9cnicas tradicionais que real\u00e7am o seu sabor, conseguindo um equil\u00edbrio perfeito entre textura e frescura. <\/p>\n<p><strong>Carne suculenta para qualquer prato.<\/strong> O alabote<strong>, <\/strong>tamb\u00e9m conhecido como halibut em espanhol, \u00e9 um peixe conhecido na alta cozinha pela sua<strong> carne branca e suculenta<\/strong> e, neste formato fatiado, oferece uma experi\u00eancia pr\u00e1tica para desfrutar em aperitivos, saladas ou como prato principal.<\/p>\n<p><strong>Um peixe saud\u00e1vel rico em \u00d3mega 3.<\/strong> O halibute tem propriedades nutricionais excepcionais. Rico em prote\u00ednas, \u00f3mega 3 e vitaminas B, cada filete de halibute proporciona benef\u00edcios para a sa\u00fade cardiovascular, apoiando uma dieta equilibrada e saud\u00e1vel.  <\/p>\n<p>Experimenta o <strong>filete de halibute <\/strong>fumado fatiado, um prazer para os paladares mais exigentes. D\u00e1 um toque gourmet aos teus pratos e surpreende todos com esta iguaria requintada. <\/p>\n<p>Adiciona-o ao teu carrinho e eleva a tua cozinha com o sabor aut\u00eantico do halibute fumado!<\/p>\n","protected":false},"featured_media":9181,"comment_status":"open","ping_status":"closed","template":"","meta":{"_acf_changed":false,"inline_featured_image":false,"_joinchat":[]},"product_brand":[],"product_cat":[228],"product_tag":[221],"class_list":{"0":"post-8075","1":"product","2":"type-product","3":"status-publish","4":"has-post-thumbnail","6":"product_cat-outros-produtos","7":"product_tag-descongelacao","9":"first","10":"instock","11":"taxable","12":"shipping-taxable","13":"purchasable","14":"product-type-simple"},"acf":[],"yoast_head":"<!-- This site is optimized with the Yoast SEO plugin v27.3 - https:\/\/yoast.com\/product\/yoast-seo-wordpress\/ -->\n<title>Filete de alabote fumado em fatias - The Salmon Market<\/title>\n<meta name=\"description\" content=\"Filete de alabote fumado numa embalagem de 100 gramas. Fumado \u00e0 m\u00e3o segundo o m\u00e9todo tradicional noruegu\u00eas - entra e n\u00e3o percas esta oportunidade!\" \/>\n<meta name=\"robots\" content=\"index, follow, max-snippet:-1, max-image-preview:large, max-video-preview:-1\" \/>\n<link rel=\"canonical\" href=\"https:\/\/thesalmonmarket.com\/pt\/produto\/filete-de-halibute-fumado-enrolado\/\" \/>\n<meta property=\"og:locale\" content=\"pt_PT\" \/>\n<meta property=\"og:type\" content=\"article\" \/>\n<meta property=\"og:title\" content=\"Filete de alabote fumado em fatias - The Salmon Market\" \/>\n<meta property=\"og:description\" content=\"Filete de alabote fumado numa embalagem de 100 gramas. Fumado \u00e0 m\u00e3o segundo o m\u00e9todo tradicional noruegu\u00eas - entra e n\u00e3o percas esta oportunidade!\" \/>\n<meta property=\"og:url\" content=\"https:\/\/thesalmonmarket.com\/pt\/produto\/filete-de-halibute-fumado-enrolado\/\" \/>\n<meta property=\"og:site_name\" content=\"The Salmon Market\" \/>\n<meta property=\"article:modified_time\" content=\"2026-04-14T08:30:20+00:00\" \/>\n<meta property=\"og:image\" content=\"https:\/\/thesalmonmarket.com\/wp-content\/uploads\/2026\/02\/halibut-ahumado.jpg\" \/>\n\t<meta property=\"og:image:width\" content=\"800\" \/>\n\t<meta property=\"og:image:height\" content=\"800\" \/>\n\t<meta property=\"og:image:type\" content=\"image\/jpeg\" \/>\n<meta name=\"twitter:card\" content=\"summary_large_image\" \/>\n<script type=\"application\/ld+json\" class=\"yoast-schema-graph\">{\"@context\":\"https:\\\/\\\/schema.org\",\"@graph\":[{\"@type\":\"WebPage\",\"@id\":\"https:\\\/\\\/thesalmonmarket.com\\\/pt\\\/produto\\\/filete-de-halibute-fumado-enrolado\\\/\",\"url\":\"https:\\\/\\\/thesalmonmarket.com\\\/pt\\\/produto\\\/filete-de-halibute-fumado-enrolado\\\/\",\"name\":\"Filete de alabote fumado em fatias - The Salmon Market\",\"isPartOf\":{\"@id\":\"https:\\\/\\\/thesalmonmarket.com\\\/pt\\\/#website\"},\"primaryImageOfPage\":{\"@id\":\"https:\\\/\\\/thesalmonmarket.com\\\/pt\\\/produto\\\/filete-de-halibute-fumado-enrolado\\\/#primaryimage\"},\"image\":{\"@id\":\"https:\\\/\\\/thesalmonmarket.com\\\/pt\\\/produto\\\/filete-de-halibute-fumado-enrolado\\\/#primaryimage\"},\"thumbnailUrl\":\"https:\\\/\\\/thesalmonmarket.com\\\/wp-content\\\/uploads\\\/2026\\\/02\\\/halibut-ahumado.jpg\",\"datePublished\":\"2024-10-29T13:51:54+00:00\",\"dateModified\":\"2026-04-14T08:30:20+00:00\",\"description\":\"Filete de alabote fumado numa embalagem de 100 gramas. Fumado \u00e0 m\u00e3o segundo o m\u00e9todo tradicional noruegu\u00eas - entra e n\u00e3o percas esta oportunidade!\",\"breadcrumb\":{\"@id\":\"https:\\\/\\\/thesalmonmarket.com\\\/pt\\\/produto\\\/filete-de-halibute-fumado-enrolado\\\/#breadcrumb\"},\"inLanguage\":\"pt\",\"potentialAction\":[{\"@type\":\"ReadAction\",\"target\":[\"https:\\\/\\\/thesalmonmarket.com\\\/pt\\\/produto\\\/filete-de-halibute-fumado-enrolado\\\/\"]}]},{\"@type\":\"ImageObject\",\"inLanguage\":\"pt\",\"@id\":\"https:\\\/\\\/thesalmonmarket.com\\\/pt\\\/produto\\\/filete-de-halibute-fumado-enrolado\\\/#primaryimage\",\"url\":\"https:\\\/\\\/thesalmonmarket.com\\\/wp-content\\\/uploads\\\/2026\\\/02\\\/halibut-ahumado.jpg\",\"contentUrl\":\"https:\\\/\\\/thesalmonmarket.com\\\/wp-content\\\/uploads\\\/2026\\\/02\\\/halibut-ahumado.jpg\",\"width\":800,\"height\":800,\"caption\":\"Alabote fumado\"},{\"@type\":\"BreadcrumbList\",\"@id\":\"https:\\\/\\\/thesalmonmarket.com\\\/pt\\\/produto\\\/filete-de-halibute-fumado-enrolado\\\/#breadcrumb\",\"itemListElement\":[{\"@type\":\"ListItem\",\"position\":1,\"name\":\"Portada\",\"item\":\"https:\\\/\\\/thesalmonmarket.com\\\/pt\\\/casa\\\/\"},{\"@type\":\"ListItem\",\"position\":2,\"name\":\"Shop\",\"item\":\"https:\\\/\\\/thesalmonmarket.com\\\/pt\\\/shop\\\/\"},{\"@type\":\"ListItem\",\"position\":3,\"name\":\"Filete de alabote fumado em fatias\"}]},{\"@type\":\"WebSite\",\"@id\":\"https:\\\/\\\/thesalmonmarket.com\\\/pt\\\/#website\",\"url\":\"https:\\\/\\\/thesalmonmarket.com\\\/pt\\\/\",\"name\":\"The Salmon Market\",\"description\":\"Tienda online de salm\u00f3n ahumado y fresco\",\"potentialAction\":[{\"@type\":\"SearchAction\",\"target\":{\"@type\":\"EntryPoint\",\"urlTemplate\":\"https:\\\/\\\/thesalmonmarket.com\\\/pt\\\/?s={search_term_string}\"},\"query-input\":{\"@type\":\"PropertyValueSpecification\",\"valueRequired\":true,\"valueName\":\"search_term_string\"}}],\"inLanguage\":\"pt\"}]}<\/script>\n<!-- \/ Yoast SEO plugin. -->","yoast_head_json":{"title":"Filete de alabote fumado em fatias - The Salmon Market","description":"Filete de alabote fumado numa embalagem de 100 gramas. Fumado \u00e0 m\u00e3o segundo o m\u00e9todo tradicional noruegu\u00eas - entra e n\u00e3o percas esta oportunidade!","robots":{"index":"index","follow":"follow","max-snippet":"max-snippet:-1","max-image-preview":"max-image-preview:large","max-video-preview":"max-video-preview:-1"},"canonical":"https:\/\/thesalmonmarket.com\/pt\/produto\/filete-de-halibute-fumado-enrolado\/","og_locale":"pt_PT","og_type":"article","og_title":"Filete de alabote fumado em fatias - The Salmon Market","og_description":"Filete de alabote fumado numa embalagem de 100 gramas. Fumado \u00e0 m\u00e3o segundo o m\u00e9todo tradicional noruegu\u00eas - entra e n\u00e3o percas esta oportunidade!","og_url":"https:\/\/thesalmonmarket.com\/pt\/produto\/filete-de-halibute-fumado-enrolado\/","og_site_name":"The Salmon Market","article_modified_time":"2026-04-14T08:30:20+00:00","og_image":[{"width":800,"height":800,"url":"https:\/\/thesalmonmarket.com\/wp-content\/uploads\/2026\/02\/halibut-ahumado.jpg","type":"image\/jpeg"}],"twitter_card":"summary_large_image","schema":{"@context":"https:\/\/schema.org","@graph":[{"@type":"WebPage","@id":"https:\/\/thesalmonmarket.com\/pt\/produto\/filete-de-halibute-fumado-enrolado\/","url":"https:\/\/thesalmonmarket.com\/pt\/produto\/filete-de-halibute-fumado-enrolado\/","name":"Filete de alabote fumado em fatias - The Salmon Market","isPartOf":{"@id":"https:\/\/thesalmonmarket.com\/pt\/#website"},"primaryImageOfPage":{"@id":"https:\/\/thesalmonmarket.com\/pt\/produto\/filete-de-halibute-fumado-enrolado\/#primaryimage"},"image":{"@id":"https:\/\/thesalmonmarket.com\/pt\/produto\/filete-de-halibute-fumado-enrolado\/#primaryimage"},"thumbnailUrl":"https:\/\/thesalmonmarket.com\/wp-content\/uploads\/2026\/02\/halibut-ahumado.jpg","datePublished":"2024-10-29T13:51:54+00:00","dateModified":"2026-04-14T08:30:20+00:00","description":"Filete de alabote fumado numa embalagem de 100 gramas. Fumado \u00e0 m\u00e3o segundo o m\u00e9todo tradicional noruegu\u00eas - entra e n\u00e3o percas esta oportunidade!","breadcrumb":{"@id":"https:\/\/thesalmonmarket.com\/pt\/produto\/filete-de-halibute-fumado-enrolado\/#breadcrumb"},"inLanguage":"pt","potentialAction":[{"@type":"ReadAction","target":["https:\/\/thesalmonmarket.com\/pt\/produto\/filete-de-halibute-fumado-enrolado\/"]}]},{"@type":"ImageObject","inLanguage":"pt","@id":"https:\/\/thesalmonmarket.com\/pt\/produto\/filete-de-halibute-fumado-enrolado\/#primaryimage","url":"https:\/\/thesalmonmarket.com\/wp-content\/uploads\/2026\/02\/halibut-ahumado.jpg","contentUrl":"https:\/\/thesalmonmarket.com\/wp-content\/uploads\/2026\/02\/halibut-ahumado.jpg","width":800,"height":800,"caption":"Alabote fumado"},{"@type":"BreadcrumbList","@id":"https:\/\/thesalmonmarket.com\/pt\/produto\/filete-de-halibute-fumado-enrolado\/#breadcrumb","itemListElement":[{"@type":"ListItem","position":1,"name":"Portada","item":"https:\/\/thesalmonmarket.com\/pt\/casa\/"},{"@type":"ListItem","position":2,"name":"Shop","item":"https:\/\/thesalmonmarket.com\/pt\/shop\/"},{"@type":"ListItem","position":3,"name":"Filete de alabote fumado em fatias"}]},{"@type":"WebSite","@id":"https:\/\/thesalmonmarket.com\/pt\/#website","url":"https:\/\/thesalmonmarket.com\/pt\/","name":"The Salmon Market","description":"Tienda online de salm\u00f3n ahumado y fresco","potentialAction":[{"@type":"SearchAction","target":{"@type":"EntryPoint","urlTemplate":"https:\/\/thesalmonmarket.com\/pt\/?s={search_term_string}"},"query-input":{"@type":"PropertyValueSpecification","valueRequired":true,"valueName":"search_term_string"}}],"inLanguage":"pt"}]}},"_links":{"self":[{"href":"https:\/\/thesalmonmarket.com\/pt\/wp-json\/wp\/v2\/product\/8075","targetHints":{"allow":["GET"]}}],"collection":[{"href":"https:\/\/thesalmonmarket.com\/pt\/wp-json\/wp\/v2\/product"}],"about":[{"href":"https:\/\/thesalmonmarket.com\/pt\/wp-json\/wp\/v2\/types\/product"}],"replies":[{"embeddable":true,"href":"https:\/\/thesalmonmarket.com\/pt\/wp-json\/wp\/v2\/comments?post=8075"}],"wp:featuredmedia":[{"embeddable":true,"href":"https:\/\/thesalmonmarket.com\/pt\/wp-json\/wp\/v2\/media\/9181"}],"wp:attachment":[{"href":"https:\/\/thesalmonmarket.com\/pt\/wp-json\/wp\/v2\/media?parent=8075"}],"wp:term":[{"taxonomy":"product_brand","embeddable":true,"href":"https:\/\/thesalmonmarket.com\/pt\/wp-json\/wp\/v2\/product_brand?post=8075"},{"taxonomy":"product_cat","embeddable":true,"href":"https:\/\/thesalmonmarket.com\/pt\/wp-json\/wp\/v2\/product_cat?post=8075"},{"taxonomy":"product_tag","embeddable":true,"href":"https:\/\/thesalmonmarket.com\/pt\/wp-json\/wp\/v2\/product_tag?post=8075"}],"curies":[{"name":"wp","href":"https:\/\/api.w.org\/{rel}","templated":true}]}}