{"id":8070,"date":"2024-05-21T17:19:37","date_gmt":"2024-05-21T15:19:37","guid":{"rendered":"https:\/\/thesalmonmarket.com\/producto\/lagostins-crus-inteiros-premium\/"},"modified":"2026-04-14T10:29:00","modified_gmt":"2026-04-14T08:29:00","slug":"langostino-crudo-entero","status":"publish","type":"product","link":"https:\/\/thesalmonmarket.com\/pt\/produto\/langostino-crudo-entero\/","title":{"rendered":"Lagostins crus inteiros Premium"},"content":{"rendered":"<p>&nbsp;<\/p>\n<p>Este produto \u00e9 enviado congelado para garantir a melhor qualidade da tua encomenda.<\/p>\n<p><strong>Instru\u00e7\u00f5es de conserva\u00e7\u00e3o: <\/strong>Congela a -18\u00baC. Uma vez descongelado, conserva a uma temperatura entre 0-4\u00baC. <\/p>\n","protected":false},"excerpt":{"rendered":"<p>Camar\u00e3o Vannamei cru, inteiro, com casca e cabe\u00e7a. Numa caixa de 800 g. <\/p>\n<p>O <strong>camar\u00e3o cru de Vannamei<\/strong> \u00e9 um dos mariscos mais apreciados na cozinha internacional pelo seu sabor e versatilidade. <strong>Inteiro e cru<\/strong>, este <strong>camar\u00e3o<\/strong> conserva todas as suas qualidades naturais, oferecendo uma carne suculenta e firme. <\/p>\n<p><strong>Os camar\u00f5es crus inteiros<\/strong> s\u00e3o ideais para receitas que exijam uma apresenta\u00e7\u00e3o completa do marisco. Perfeitos para <strong>grelhar<\/strong>, <strong>cozer <\/strong>ou preparar <strong>pratos de estilo mediterr\u00e2nico, asi\u00e1tico ou latino-americano<\/strong>. <\/p>\n<p>Ao <strong>cozinhar com camar\u00f5es inteiros congelados<\/strong>, s\u00e3o utilizadas todas as partes do marisco, o que contribui para um <strong>sabor intenso<\/strong> e uma experi\u00eancia culin\u00e1ria mais rica. Este produto n\u00e3o \u00e9 apenas nutritivo, mas tamb\u00e9m uma excelente escolha para quem procura uma alimenta\u00e7\u00e3o saud\u00e1vel e deliciosa. <\/p>\n<p>Este camar\u00e3o \u00e9 proveniente de explora\u00e7\u00f5es certificadas da Am\u00e9rica do Sul. A produ\u00e7\u00e3o e o acondicionamento s\u00e3o efectuados sob<strong> rigorosos protocolos de qualidade<\/strong>. Com o envio congelado, cada camar\u00e3o tem a garantia de manter a sua <strong>frescura e sabor<\/strong>. Os camar\u00f5es <strong>s\u00e3o mantidos em condi\u00e7\u00f5es perfeitas<\/strong>, o que preserva a sua frescura e qualidade. Se quiseres comprar camar\u00f5es crus congelados, esta \u00e9 a tua op\u00e7\u00e3o.   <\/p>\n","protected":false},"featured_media":8532,"comment_status":"open","ping_status":"closed","template":"","meta":{"_acf_changed":false,"inline_featured_image":false,"_joinchat":[]},"product_brand":[],"product_cat":[228],"product_tag":[229,225],"class_list":{"0":"post-8070","1":"product","2":"type-product","3":"status-publish","4":"has-post-thumbnail","6":"product_cat-outros-produtos","7":"product_tag-camarao","8":"product_tag-congelado-pt","10":"first","11":"outofstock","12":"taxable","13":"shipping-taxable","14":"purchasable","15":"product-type-simple"},"acf":[],"yoast_head":"<!-- This site is optimized with the Yoast SEO plugin v27.3 - https:\/\/yoast.com\/product\/yoast-seo-wordpress\/ -->\n<title>Lagostins crus inteiros Premium - The Salmon Market<\/title>\n<meta name=\"description\" content=\"Camar\u00e3o cru inteiro, com casca e cabe\u00e7a. Experimenta o camar\u00e3o Vannamei inteiro, com todo o seu sabor, perfeito para grelhar ou cozer, n\u00e3o percas!\" \/>\n<meta name=\"robots\" content=\"index, follow, max-snippet:-1, max-image-preview:large, max-video-preview:-1\" \/>\n<link rel=\"canonical\" href=\"https:\/\/thesalmonmarket.com\/pt\/produto\/langostino-crudo-entero\/\" \/>\n<meta property=\"og:locale\" content=\"pt_PT\" \/>\n<meta property=\"og:type\" content=\"article\" \/>\n<meta property=\"og:title\" content=\"Lagostins crus inteiros Premium - The Salmon Market\" \/>\n<meta property=\"og:description\" content=\"Camar\u00e3o cru inteiro, com casca e cabe\u00e7a. Experimenta o camar\u00e3o Vannamei inteiro, com todo o seu sabor, perfeito para grelhar ou cozer, n\u00e3o percas!\" \/>\n<meta property=\"og:url\" content=\"https:\/\/thesalmonmarket.com\/pt\/produto\/langostino-crudo-entero\/\" \/>\n<meta property=\"og:site_name\" content=\"The Salmon Market\" \/>\n<meta property=\"article:modified_time\" content=\"2026-04-14T08:29:00+00:00\" \/>\n<meta property=\"og:image\" content=\"https:\/\/thesalmonmarket.com\/wp-content\/uploads\/2024\/05\/langostino-entero-crudo-1.jpg\" \/>\n\t<meta property=\"og:image:width\" content=\"800\" \/>\n\t<meta property=\"og:image:height\" content=\"800\" \/>\n\t<meta property=\"og:image:type\" content=\"image\/jpeg\" \/>\n<meta name=\"twitter:card\" content=\"summary_large_image\" \/>\n<script type=\"application\/ld+json\" class=\"yoast-schema-graph\">{\"@context\":\"https:\\\/\\\/schema.org\",\"@graph\":[{\"@type\":\"WebPage\",\"@id\":\"https:\\\/\\\/thesalmonmarket.com\\\/pt\\\/produto\\\/langostino-crudo-entero\\\/\",\"url\":\"https:\\\/\\\/thesalmonmarket.com\\\/pt\\\/produto\\\/langostino-crudo-entero\\\/\",\"name\":\"Lagostins crus inteiros Premium - The Salmon Market\",\"isPartOf\":{\"@id\":\"https:\\\/\\\/thesalmonmarket.com\\\/pt\\\/#website\"},\"primaryImageOfPage\":{\"@id\":\"https:\\\/\\\/thesalmonmarket.com\\\/pt\\\/produto\\\/langostino-crudo-entero\\\/#primaryimage\"},\"image\":{\"@id\":\"https:\\\/\\\/thesalmonmarket.com\\\/pt\\\/produto\\\/langostino-crudo-entero\\\/#primaryimage\"},\"thumbnailUrl\":\"https:\\\/\\\/thesalmonmarket.com\\\/wp-content\\\/uploads\\\/2024\\\/05\\\/langostino-entero-crudo-1.jpg\",\"datePublished\":\"2024-05-21T15:19:37+00:00\",\"dateModified\":\"2026-04-14T08:29:00+00:00\",\"description\":\"Camar\u00e3o cru inteiro, com casca e cabe\u00e7a. Experimenta o camar\u00e3o Vannamei inteiro, com todo o seu sabor, perfeito para grelhar ou cozer, n\u00e3o percas!\",\"breadcrumb\":{\"@id\":\"https:\\\/\\\/thesalmonmarket.com\\\/pt\\\/produto\\\/langostino-crudo-entero\\\/#breadcrumb\"},\"inLanguage\":\"pt\",\"potentialAction\":[{\"@type\":\"ReadAction\",\"target\":[\"https:\\\/\\\/thesalmonmarket.com\\\/pt\\\/produto\\\/langostino-crudo-entero\\\/\"]}]},{\"@type\":\"ImageObject\",\"inLanguage\":\"pt\",\"@id\":\"https:\\\/\\\/thesalmonmarket.com\\\/pt\\\/produto\\\/langostino-crudo-entero\\\/#primaryimage\",\"url\":\"https:\\\/\\\/thesalmonmarket.com\\\/wp-content\\\/uploads\\\/2024\\\/05\\\/langostino-entero-crudo-1.jpg\",\"contentUrl\":\"https:\\\/\\\/thesalmonmarket.com\\\/wp-content\\\/uploads\\\/2024\\\/05\\\/langostino-entero-crudo-1.jpg\",\"width\":800,\"height\":800},{\"@type\":\"BreadcrumbList\",\"@id\":\"https:\\\/\\\/thesalmonmarket.com\\\/pt\\\/produto\\\/langostino-crudo-entero\\\/#breadcrumb\",\"itemListElement\":[{\"@type\":\"ListItem\",\"position\":1,\"name\":\"Portada\",\"item\":\"https:\\\/\\\/thesalmonmarket.com\\\/pt\\\/casa\\\/\"},{\"@type\":\"ListItem\",\"position\":2,\"name\":\"Shop\",\"item\":\"https:\\\/\\\/thesalmonmarket.com\\\/pt\\\/shop\\\/\"},{\"@type\":\"ListItem\",\"position\":3,\"name\":\"Lagostins crus inteiros Premium\"}]},{\"@type\":\"WebSite\",\"@id\":\"https:\\\/\\\/thesalmonmarket.com\\\/pt\\\/#website\",\"url\":\"https:\\\/\\\/thesalmonmarket.com\\\/pt\\\/\",\"name\":\"The Salmon Market\",\"description\":\"Tienda online de salm\u00f3n ahumado y fresco\",\"potentialAction\":[{\"@type\":\"SearchAction\",\"target\":{\"@type\":\"EntryPoint\",\"urlTemplate\":\"https:\\\/\\\/thesalmonmarket.com\\\/pt\\\/?s={search_term_string}\"},\"query-input\":{\"@type\":\"PropertyValueSpecification\",\"valueRequired\":true,\"valueName\":\"search_term_string\"}}],\"inLanguage\":\"pt\"}]}<\/script>\n<!-- \/ Yoast SEO plugin. -->","yoast_head_json":{"title":"Lagostins crus inteiros Premium - The Salmon Market","description":"Camar\u00e3o cru inteiro, com casca e cabe\u00e7a. Experimenta o camar\u00e3o Vannamei inteiro, com todo o seu sabor, perfeito para grelhar ou cozer, n\u00e3o percas!","robots":{"index":"index","follow":"follow","max-snippet":"max-snippet:-1","max-image-preview":"max-image-preview:large","max-video-preview":"max-video-preview:-1"},"canonical":"https:\/\/thesalmonmarket.com\/pt\/produto\/langostino-crudo-entero\/","og_locale":"pt_PT","og_type":"article","og_title":"Lagostins crus inteiros Premium - The Salmon Market","og_description":"Camar\u00e3o cru inteiro, com casca e cabe\u00e7a. Experimenta o camar\u00e3o Vannamei inteiro, com todo o seu sabor, perfeito para grelhar ou cozer, n\u00e3o percas!","og_url":"https:\/\/thesalmonmarket.com\/pt\/produto\/langostino-crudo-entero\/","og_site_name":"The Salmon Market","article_modified_time":"2026-04-14T08:29:00+00:00","og_image":[{"width":800,"height":800,"url":"https:\/\/thesalmonmarket.com\/wp-content\/uploads\/2024\/05\/langostino-entero-crudo-1.jpg","type":"image\/jpeg"}],"twitter_card":"summary_large_image","schema":{"@context":"https:\/\/schema.org","@graph":[{"@type":"WebPage","@id":"https:\/\/thesalmonmarket.com\/pt\/produto\/langostino-crudo-entero\/","url":"https:\/\/thesalmonmarket.com\/pt\/produto\/langostino-crudo-entero\/","name":"Lagostins crus inteiros Premium - The Salmon Market","isPartOf":{"@id":"https:\/\/thesalmonmarket.com\/pt\/#website"},"primaryImageOfPage":{"@id":"https:\/\/thesalmonmarket.com\/pt\/produto\/langostino-crudo-entero\/#primaryimage"},"image":{"@id":"https:\/\/thesalmonmarket.com\/pt\/produto\/langostino-crudo-entero\/#primaryimage"},"thumbnailUrl":"https:\/\/thesalmonmarket.com\/wp-content\/uploads\/2024\/05\/langostino-entero-crudo-1.jpg","datePublished":"2024-05-21T15:19:37+00:00","dateModified":"2026-04-14T08:29:00+00:00","description":"Camar\u00e3o cru inteiro, com casca e cabe\u00e7a. Experimenta o camar\u00e3o Vannamei inteiro, com todo o seu sabor, perfeito para grelhar ou cozer, n\u00e3o percas!","breadcrumb":{"@id":"https:\/\/thesalmonmarket.com\/pt\/produto\/langostino-crudo-entero\/#breadcrumb"},"inLanguage":"pt","potentialAction":[{"@type":"ReadAction","target":["https:\/\/thesalmonmarket.com\/pt\/produto\/langostino-crudo-entero\/"]}]},{"@type":"ImageObject","inLanguage":"pt","@id":"https:\/\/thesalmonmarket.com\/pt\/produto\/langostino-crudo-entero\/#primaryimage","url":"https:\/\/thesalmonmarket.com\/wp-content\/uploads\/2024\/05\/langostino-entero-crudo-1.jpg","contentUrl":"https:\/\/thesalmonmarket.com\/wp-content\/uploads\/2024\/05\/langostino-entero-crudo-1.jpg","width":800,"height":800},{"@type":"BreadcrumbList","@id":"https:\/\/thesalmonmarket.com\/pt\/produto\/langostino-crudo-entero\/#breadcrumb","itemListElement":[{"@type":"ListItem","position":1,"name":"Portada","item":"https:\/\/thesalmonmarket.com\/pt\/casa\/"},{"@type":"ListItem","position":2,"name":"Shop","item":"https:\/\/thesalmonmarket.com\/pt\/shop\/"},{"@type":"ListItem","position":3,"name":"Lagostins crus inteiros Premium"}]},{"@type":"WebSite","@id":"https:\/\/thesalmonmarket.com\/pt\/#website","url":"https:\/\/thesalmonmarket.com\/pt\/","name":"The Salmon Market","description":"Tienda online de salm\u00f3n ahumado y fresco","potentialAction":[{"@type":"SearchAction","target":{"@type":"EntryPoint","urlTemplate":"https:\/\/thesalmonmarket.com\/pt\/?s={search_term_string}"},"query-input":{"@type":"PropertyValueSpecification","valueRequired":true,"valueName":"search_term_string"}}],"inLanguage":"pt"}]}},"_links":{"self":[{"href":"https:\/\/thesalmonmarket.com\/pt\/wp-json\/wp\/v2\/product\/8070","targetHints":{"allow":["GET"]}}],"collection":[{"href":"https:\/\/thesalmonmarket.com\/pt\/wp-json\/wp\/v2\/product"}],"about":[{"href":"https:\/\/thesalmonmarket.com\/pt\/wp-json\/wp\/v2\/types\/product"}],"replies":[{"embeddable":true,"href":"https:\/\/thesalmonmarket.com\/pt\/wp-json\/wp\/v2\/comments?post=8070"}],"wp:featuredmedia":[{"embeddable":true,"href":"https:\/\/thesalmonmarket.com\/pt\/wp-json\/wp\/v2\/media\/8532"}],"wp:attachment":[{"href":"https:\/\/thesalmonmarket.com\/pt\/wp-json\/wp\/v2\/media?parent=8070"}],"wp:term":[{"taxonomy":"product_brand","embeddable":true,"href":"https:\/\/thesalmonmarket.com\/pt\/wp-json\/wp\/v2\/product_brand?post=8070"},{"taxonomy":"product_cat","embeddable":true,"href":"https:\/\/thesalmonmarket.com\/pt\/wp-json\/wp\/v2\/product_cat?post=8070"},{"taxonomy":"product_tag","embeddable":true,"href":"https:\/\/thesalmonmarket.com\/pt\/wp-json\/wp\/v2\/product_tag?post=8070"}],"curies":[{"name":"wp","href":"https:\/\/api.w.org\/{rel}","templated":true}]}}