{"id":8064,"date":"2024-01-30T11:33:39","date_gmt":"2024-01-30T10:33:39","guid":{"rendered":"https:\/\/thesalmonmarket.com\/producto\/camarao-vannamei-premium\/"},"modified":"2026-05-05T10:47:06","modified_gmt":"2026-05-05T08:47:06","slug":"langostino-vannamei","status":"publish","type":"product","link":"https:\/\/thesalmonmarket.com\/pt\/produto\/langostino-vannamei\/","title":{"rendered":"Camar\u00e3o Vannamei Premium"},"content":{"rendered":"<p>&nbsp;<\/p>\n<p>Produto congelado desde a origem, chegar\u00e1 a tua casa descongelado e pronto a consumir.<\/p>\n<p><strong>Instru\u00e7\u00f5es de conserva\u00e7\u00e3o: <\/strong>Congela a -18\u00baC. Uma vez descongelado, conserva a uma temperatura entre 0-4\u00baC. <\/p>\n","protected":false},"excerpt":{"rendered":"<p>Camar\u00f5es vannamei crus, descascados, sem pele e com cauda. Num saco de 800 g. <\/p>\n<p>O camar\u00e3o Vannamei \u00e9 o camar\u00e3o de viveiro mais conhecido do mundo. \u00c9 amplamente cultivado em aquacultura devido ao seu r\u00e1pido crescimento e adaptabilidade a diferentes condi\u00e7\u00f5es ambientais. \u00c9 tamb\u00e9m conhecido como <strong>camar\u00e3o branco do Pac\u00edfico<\/strong>.  <\/p>\n<p>Este camar\u00e3o tem uma carne suculenta e firme, com um delicioso sabor suave, onde as suas propriedades nutricionais, bem como a sua facilidade de cozedura, o tornam uma escolha popular na cozinha internacional. \u00c9 utilizado numa grande variedade de pratos, desde italiano, indiano, japon\u00eas, tailand\u00eas, chin\u00eas, mexicano, comida tradicional, pokes, etc. <\/p>\n","protected":false},"featured_media":9270,"comment_status":"open","ping_status":"closed","template":"","meta":{"_acf_changed":false,"inline_featured_image":false,"_joinchat":[]},"product_brand":[],"product_cat":[228],"product_tag":[229,225],"class_list":{"0":"post-8064","1":"product","2":"type-product","3":"status-publish","4":"has-post-thumbnail","6":"product_cat-outros-produtos","7":"product_tag-camarao","8":"product_tag-congelado-pt","10":"first","11":"instock","12":"taxable","13":"shipping-taxable","14":"purchasable","15":"product-type-simple"},"acf":[],"yoast_head":"<!-- This site is optimized with the Yoast SEO plugin v27.3 - https:\/\/yoast.com\/product\/yoast-seo-wordpress\/ -->\n<title>Camar\u00e3o Vannamei Premium - The Salmon Market<\/title>\n<meta name=\"description\" content=\"Camar\u00e3o Vannamei ou camar\u00e3o branco do Pac\u00edfico congelado. Carne suculenta e firme, com um sabor suave e doce. Experimenta e ficar\u00e1s surpreendido.\" \/>\n<meta name=\"robots\" content=\"index, follow, max-snippet:-1, max-image-preview:large, max-video-preview:-1\" \/>\n<link rel=\"canonical\" href=\"https:\/\/thesalmonmarket.com\/pt\/produto\/langostino-vannamei\/\" \/>\n<meta property=\"og:locale\" content=\"pt_PT\" \/>\n<meta property=\"og:type\" content=\"article\" \/>\n<meta property=\"og:title\" content=\"Camar\u00e3o Vannamei Premium - The Salmon Market\" \/>\n<meta property=\"og:description\" content=\"Camar\u00e3o Vannamei ou camar\u00e3o branco do Pac\u00edfico congelado. Carne suculenta e firme, com um sabor suave e doce. Experimenta e ficar\u00e1s surpreendido.\" \/>\n<meta property=\"og:url\" content=\"https:\/\/thesalmonmarket.com\/pt\/produto\/langostino-vannamei\/\" \/>\n<meta property=\"og:site_name\" content=\"The Salmon Market\" \/>\n<meta property=\"article:modified_time\" content=\"2026-05-05T08:47:06+00:00\" \/>\n<meta property=\"og:image\" content=\"https:\/\/thesalmonmarket.com\/wp-content\/uploads\/2024\/01\/MG_1122.jpg\" \/>\n\t<meta property=\"og:image:width\" content=\"800\" \/>\n\t<meta property=\"og:image:height\" content=\"800\" \/>\n\t<meta property=\"og:image:type\" content=\"image\/jpeg\" \/>\n<meta name=\"twitter:card\" content=\"summary_large_image\" \/>\n<script type=\"application\/ld+json\" class=\"yoast-schema-graph\">{\"@context\":\"https:\\\/\\\/schema.org\",\"@graph\":[{\"@type\":\"WebPage\",\"@id\":\"https:\\\/\\\/thesalmonmarket.com\\\/pt\\\/produto\\\/langostino-vannamei\\\/\",\"url\":\"https:\\\/\\\/thesalmonmarket.com\\\/pt\\\/produto\\\/langostino-vannamei\\\/\",\"name\":\"Camar\u00e3o Vannamei Premium - The Salmon Market\",\"isPartOf\":{\"@id\":\"https:\\\/\\\/thesalmonmarket.com\\\/pt\\\/#website\"},\"primaryImageOfPage\":{\"@id\":\"https:\\\/\\\/thesalmonmarket.com\\\/pt\\\/produto\\\/langostino-vannamei\\\/#primaryimage\"},\"image\":{\"@id\":\"https:\\\/\\\/thesalmonmarket.com\\\/pt\\\/produto\\\/langostino-vannamei\\\/#primaryimage\"},\"thumbnailUrl\":\"https:\\\/\\\/thesalmonmarket.com\\\/wp-content\\\/uploads\\\/2024\\\/01\\\/MG_1122.jpg\",\"datePublished\":\"2024-01-30T10:33:39+00:00\",\"dateModified\":\"2026-05-05T08:47:06+00:00\",\"description\":\"Camar\u00e3o Vannamei ou camar\u00e3o branco do Pac\u00edfico congelado. Carne suculenta e firme, com um sabor suave e doce. Experimenta e ficar\u00e1s surpreendido.\",\"breadcrumb\":{\"@id\":\"https:\\\/\\\/thesalmonmarket.com\\\/pt\\\/produto\\\/langostino-vannamei\\\/#breadcrumb\"},\"inLanguage\":\"pt\",\"potentialAction\":[{\"@type\":\"ReadAction\",\"target\":[\"https:\\\/\\\/thesalmonmarket.com\\\/pt\\\/produto\\\/langostino-vannamei\\\/\"]}]},{\"@type\":\"ImageObject\",\"inLanguage\":\"pt\",\"@id\":\"https:\\\/\\\/thesalmonmarket.com\\\/pt\\\/produto\\\/langostino-vannamei\\\/#primaryimage\",\"url\":\"https:\\\/\\\/thesalmonmarket.com\\\/wp-content\\\/uploads\\\/2024\\\/01\\\/MG_1122.jpg\",\"contentUrl\":\"https:\\\/\\\/thesalmonmarket.com\\\/wp-content\\\/uploads\\\/2024\\\/01\\\/MG_1122.jpg\",\"width\":800,\"height\":800},{\"@type\":\"BreadcrumbList\",\"@id\":\"https:\\\/\\\/thesalmonmarket.com\\\/pt\\\/produto\\\/langostino-vannamei\\\/#breadcrumb\",\"itemListElement\":[{\"@type\":\"ListItem\",\"position\":1,\"name\":\"Portada\",\"item\":\"https:\\\/\\\/thesalmonmarket.com\\\/pt\\\/casa\\\/\"},{\"@type\":\"ListItem\",\"position\":2,\"name\":\"Shop\",\"item\":\"https:\\\/\\\/thesalmonmarket.com\\\/pt\\\/shop\\\/\"},{\"@type\":\"ListItem\",\"position\":3,\"name\":\"Camar\u00e3o Vannamei Premium\"}]},{\"@type\":\"WebSite\",\"@id\":\"https:\\\/\\\/thesalmonmarket.com\\\/pt\\\/#website\",\"url\":\"https:\\\/\\\/thesalmonmarket.com\\\/pt\\\/\",\"name\":\"The Salmon Market\",\"description\":\"Tienda online de salm\u00f3n ahumado y fresco\",\"potentialAction\":[{\"@type\":\"SearchAction\",\"target\":{\"@type\":\"EntryPoint\",\"urlTemplate\":\"https:\\\/\\\/thesalmonmarket.com\\\/pt\\\/?s={search_term_string}\"},\"query-input\":{\"@type\":\"PropertyValueSpecification\",\"valueRequired\":true,\"valueName\":\"search_term_string\"}}],\"inLanguage\":\"pt\"}]}<\/script>\n<!-- \/ Yoast SEO plugin. -->","yoast_head_json":{"title":"Camar\u00e3o Vannamei Premium - The Salmon Market","description":"Camar\u00e3o Vannamei ou camar\u00e3o branco do Pac\u00edfico congelado. Carne suculenta e firme, com um sabor suave e doce. Experimenta e ficar\u00e1s surpreendido.","robots":{"index":"index","follow":"follow","max-snippet":"max-snippet:-1","max-image-preview":"max-image-preview:large","max-video-preview":"max-video-preview:-1"},"canonical":"https:\/\/thesalmonmarket.com\/pt\/produto\/langostino-vannamei\/","og_locale":"pt_PT","og_type":"article","og_title":"Camar\u00e3o Vannamei Premium - The Salmon Market","og_description":"Camar\u00e3o Vannamei ou camar\u00e3o branco do Pac\u00edfico congelado. Carne suculenta e firme, com um sabor suave e doce. Experimenta e ficar\u00e1s surpreendido.","og_url":"https:\/\/thesalmonmarket.com\/pt\/produto\/langostino-vannamei\/","og_site_name":"The Salmon Market","article_modified_time":"2026-05-05T08:47:06+00:00","og_image":[{"width":800,"height":800,"url":"https:\/\/thesalmonmarket.com\/wp-content\/uploads\/2024\/01\/MG_1122.jpg","type":"image\/jpeg"}],"twitter_card":"summary_large_image","schema":{"@context":"https:\/\/schema.org","@graph":[{"@type":"WebPage","@id":"https:\/\/thesalmonmarket.com\/pt\/produto\/langostino-vannamei\/","url":"https:\/\/thesalmonmarket.com\/pt\/produto\/langostino-vannamei\/","name":"Camar\u00e3o Vannamei Premium - The Salmon Market","isPartOf":{"@id":"https:\/\/thesalmonmarket.com\/pt\/#website"},"primaryImageOfPage":{"@id":"https:\/\/thesalmonmarket.com\/pt\/produto\/langostino-vannamei\/#primaryimage"},"image":{"@id":"https:\/\/thesalmonmarket.com\/pt\/produto\/langostino-vannamei\/#primaryimage"},"thumbnailUrl":"https:\/\/thesalmonmarket.com\/wp-content\/uploads\/2024\/01\/MG_1122.jpg","datePublished":"2024-01-30T10:33:39+00:00","dateModified":"2026-05-05T08:47:06+00:00","description":"Camar\u00e3o Vannamei ou camar\u00e3o branco do Pac\u00edfico congelado. Carne suculenta e firme, com um sabor suave e doce. Experimenta e ficar\u00e1s surpreendido.","breadcrumb":{"@id":"https:\/\/thesalmonmarket.com\/pt\/produto\/langostino-vannamei\/#breadcrumb"},"inLanguage":"pt","potentialAction":[{"@type":"ReadAction","target":["https:\/\/thesalmonmarket.com\/pt\/produto\/langostino-vannamei\/"]}]},{"@type":"ImageObject","inLanguage":"pt","@id":"https:\/\/thesalmonmarket.com\/pt\/produto\/langostino-vannamei\/#primaryimage","url":"https:\/\/thesalmonmarket.com\/wp-content\/uploads\/2024\/01\/MG_1122.jpg","contentUrl":"https:\/\/thesalmonmarket.com\/wp-content\/uploads\/2024\/01\/MG_1122.jpg","width":800,"height":800},{"@type":"BreadcrumbList","@id":"https:\/\/thesalmonmarket.com\/pt\/produto\/langostino-vannamei\/#breadcrumb","itemListElement":[{"@type":"ListItem","position":1,"name":"Portada","item":"https:\/\/thesalmonmarket.com\/pt\/casa\/"},{"@type":"ListItem","position":2,"name":"Shop","item":"https:\/\/thesalmonmarket.com\/pt\/shop\/"},{"@type":"ListItem","position":3,"name":"Camar\u00e3o Vannamei Premium"}]},{"@type":"WebSite","@id":"https:\/\/thesalmonmarket.com\/pt\/#website","url":"https:\/\/thesalmonmarket.com\/pt\/","name":"The Salmon Market","description":"Tienda online de salm\u00f3n ahumado y fresco","potentialAction":[{"@type":"SearchAction","target":{"@type":"EntryPoint","urlTemplate":"https:\/\/thesalmonmarket.com\/pt\/?s={search_term_string}"},"query-input":{"@type":"PropertyValueSpecification","valueRequired":true,"valueName":"search_term_string"}}],"inLanguage":"pt"}]}},"_links":{"self":[{"href":"https:\/\/thesalmonmarket.com\/pt\/wp-json\/wp\/v2\/product\/8064","targetHints":{"allow":["GET"]}}],"collection":[{"href":"https:\/\/thesalmonmarket.com\/pt\/wp-json\/wp\/v2\/product"}],"about":[{"href":"https:\/\/thesalmonmarket.com\/pt\/wp-json\/wp\/v2\/types\/product"}],"replies":[{"embeddable":true,"href":"https:\/\/thesalmonmarket.com\/pt\/wp-json\/wp\/v2\/comments?post=8064"}],"wp:featuredmedia":[{"embeddable":true,"href":"https:\/\/thesalmonmarket.com\/pt\/wp-json\/wp\/v2\/media\/9270"}],"wp:attachment":[{"href":"https:\/\/thesalmonmarket.com\/pt\/wp-json\/wp\/v2\/media?parent=8064"}],"wp:term":[{"taxonomy":"product_brand","embeddable":true,"href":"https:\/\/thesalmonmarket.com\/pt\/wp-json\/wp\/v2\/product_brand?post=8064"},{"taxonomy":"product_cat","embeddable":true,"href":"https:\/\/thesalmonmarket.com\/pt\/wp-json\/wp\/v2\/product_cat?post=8064"},{"taxonomy":"product_tag","embeddable":true,"href":"https:\/\/thesalmonmarket.com\/pt\/wp-json\/wp\/v2\/product_tag?post=8064"}],"curies":[{"name":"wp","href":"https:\/\/api.w.org\/{rel}","templated":true}]}}