{"id":8045,"date":"2023-06-23T12:50:11","date_gmt":"2023-06-23T10:50:11","guid":{"rendered":"https:\/\/thesalmonmarket.com\/producto\/salmao-selvagem-do-alasca\/"},"modified":"2026-04-27T15:52:52","modified_gmt":"2026-04-27T13:52:52","slug":"salmao-selvagem","status":"publish","type":"product","link":"https:\/\/thesalmonmarket.com\/pt\/produto\/salmao-selvagem\/","title":{"rendered":"Salm\u00e3o selvagem do Alasca 100 g"},"content":{"rendered":"<p><strong>Produto com pele.<\/strong><\/p>\n<p>Este produto \u00e9 enviado congelado para garantir a melhor qualidade da tua encomenda.<\/p>\n<p><strong>Instru\u00e7\u00f5es de conserva\u00e7\u00e3o:<\/strong> Congela a -18\u00baC. Uma vez descongelado, conserva a uma temperatura entre 0-4\u00baC. <\/p>\n","protected":false},"excerpt":{"rendered":"<p><span style=\"color: #ff0000;\">NOTA: ESTE PRODUTO ESTAR\u00c1 NOVAMENTE DISPON\u00cdVEL EM SETEMBRO\/OUTUBRO<\/span><\/p>\n<p><strong>Envio congelado.<\/strong><\/p>\n<p>Filete de salm\u00e3o selvagem do Alasca, com um peso entre 400 e 700 gramas.<\/p>\n<p>Este \u00e9 um dos salm\u00f5es mais saborosos da Am\u00e9rica, capturado nas \u00e1guas frias e cristalinas do Pac\u00edfico Norte. Com uma carne firme e suculenta, este salm\u00e3o oferece um sabor \u00fanico e natural, rico em \u00e1cidos gordos \u00f3mega 3. Capturado de forma sustent\u00e1vel na natureza, o nosso salm\u00e3o do Alasca \u00e9 uma escolha saud\u00e1vel e deliciosa para os amantes de marisco de qualidade.  <\/p>\n<p>Lembra-te que, por ser selvagem e ter uma dieta natural, <strong>o salm\u00e3o do Alasca tem uma textura robusta e um sabor diferente<\/strong>. A sua carne tende a ser mais firme porque nada longas dist\u00e2ncias na natureza. Como s\u00e3o capturados no seu ambiente natural, a sua qualidade \u00e9 completamente org\u00e2nica, sem qualquer interven\u00e7\u00e3o humana em termos de alimenta\u00e7\u00e3o ou controlo durante a sua vida.  <\/p>\n<p><strong>Se est\u00e1s habituado ao salm\u00e3o noruegu\u00eas, vais encontrar algumas diferen\u00e7as<\/strong>. Tem isto em mente, pois nem todos os nossos clientes se habituam a um sabor e textura diferentes. <\/p>\n","protected":false},"featured_media":8051,"comment_status":"open","ping_status":"closed","template":"","meta":{"_acf_changed":false,"inline_featured_image":false,"_joinchat":[]},"product_brand":[],"product_cat":[222],"product_tag":[225,220,219],"class_list":{"0":"post-8045","1":"product","2":"type-product","3":"status-publish","4":"has-post-thumbnail","6":"product_cat-salmao-fresco","7":"product_tag-congelado-pt","8":"product_tag-salmao-selvagem","9":"product_tag-salmao-sem-pele","11":"first","12":"instock","13":"taxable","14":"shipping-taxable","15":"purchasable","16":"product-type-variable","17":"has-default-attributes"},"acf":[],"yoast_head":"<!-- This site is optimized with the Yoast SEO plugin v27.3 - https:\/\/yoast.com\/product\/yoast-seo-wordpress\/ -->\n<title>Salm\u00e3o selvagem do Alasca 100 g - The Salmon Market<\/title>\n<meta name=\"description\" content=\"Filete de salm\u00e3o selvagem do Alasca, com um peso entre 600 e 750g. Carne firme e menos gordura do que o salm\u00e3o noruegu\u00eas, com um sabor mais puro - experimenta!\" \/>\n<meta name=\"robots\" content=\"index, follow, max-snippet:-1, max-image-preview:large, max-video-preview:-1\" \/>\n<link rel=\"canonical\" href=\"https:\/\/thesalmonmarket.com\/pt\/produto\/salmao-selvagem\/\" \/>\n<meta property=\"og:locale\" content=\"pt_PT\" \/>\n<meta property=\"og:type\" content=\"article\" \/>\n<meta property=\"og:title\" content=\"Salm\u00e3o selvagem do Alasca\" \/>\n<meta property=\"og:description\" content=\"Descobre o sabor aut\u00eantico do salm\u00e3o selvagem do Alasca em The Salmon Market.\" \/>\n<meta property=\"og:url\" content=\"https:\/\/thesalmonmarket.com\/pt\/produto\/salmao-selvagem\/\" \/>\n<meta property=\"og:site_name\" content=\"The Salmon Market\" \/>\n<meta property=\"article:modified_time\" content=\"2026-04-27T13:52:52+00:00\" \/>\n<meta property=\"og:image\" content=\"https:\/\/thesalmonmarket.com\/wp-content\/uploads\/2023\/06\/salmon-alaska-salvaje-fresco-filete-01.jpg\" \/>\n<meta name=\"twitter:card\" content=\"summary_large_image\" \/>\n<meta name=\"twitter:title\" content=\"Salm\u00e3o selvagem do Alasca\" \/>\n<meta name=\"twitter:description\" content=\"Descobre o salm\u00e3o selvagem do Alasca em The Salmon Market.\" \/>\n<meta name=\"twitter:image\" content=\"https:\/\/thesalmonmarket.com\/wp-content\/uploads\/2023\/06\/salmon-alaska-salvaje-fresco-filete-03.jpg\" \/>\n<script type=\"application\/ld+json\" class=\"yoast-schema-graph\">{\"@context\":\"https:\\\/\\\/schema.org\",\"@graph\":[{\"@type\":\"WebPage\",\"@id\":\"https:\\\/\\\/thesalmonmarket.com\\\/pt\\\/produto\\\/salmao-selvagem\\\/\",\"url\":\"https:\\\/\\\/thesalmonmarket.com\\\/pt\\\/produto\\\/salmao-selvagem\\\/\",\"name\":\"Salm\u00e3o selvagem do Alasca 100 g - The Salmon Market\",\"isPartOf\":{\"@id\":\"https:\\\/\\\/thesalmonmarket.com\\\/pt\\\/#website\"},\"primaryImageOfPage\":{\"@id\":\"https:\\\/\\\/thesalmonmarket.com\\\/pt\\\/produto\\\/salmao-selvagem\\\/#primaryimage\"},\"image\":{\"@id\":\"https:\\\/\\\/thesalmonmarket.com\\\/pt\\\/produto\\\/salmao-selvagem\\\/#primaryimage\"},\"thumbnailUrl\":\"https:\\\/\\\/thesalmonmarket.com\\\/wp-content\\\/uploads\\\/2023\\\/06\\\/salmon-alaska-salvaje-fresco-filete-01.jpg\",\"datePublished\":\"2023-06-23T10:50:11+00:00\",\"dateModified\":\"2026-04-27T13:52:52+00:00\",\"description\":\"Filete de salm\u00e3o selvagem do Alasca, com um peso entre 600 e 750g. Carne firme e menos gordura do que o salm\u00e3o noruegu\u00eas, com um sabor mais puro - experimenta!\",\"breadcrumb\":{\"@id\":\"https:\\\/\\\/thesalmonmarket.com\\\/pt\\\/produto\\\/salmao-selvagem\\\/#breadcrumb\"},\"inLanguage\":\"pt\",\"potentialAction\":[{\"@type\":\"ReadAction\",\"target\":[\"https:\\\/\\\/thesalmonmarket.com\\\/pt\\\/produto\\\/salmao-selvagem\\\/\"]}]},{\"@type\":\"ImageObject\",\"inLanguage\":\"pt\",\"@id\":\"https:\\\/\\\/thesalmonmarket.com\\\/pt\\\/produto\\\/salmao-selvagem\\\/#primaryimage\",\"url\":\"https:\\\/\\\/thesalmonmarket.com\\\/wp-content\\\/uploads\\\/2023\\\/06\\\/salmon-alaska-salvaje-fresco-filete-01.jpg\",\"contentUrl\":\"https:\\\/\\\/thesalmonmarket.com\\\/wp-content\\\/uploads\\\/2023\\\/06\\\/salmon-alaska-salvaje-fresco-filete-01.jpg\",\"width\":800,\"height\":800,\"caption\":\"salm\u00e3o selvagem\"},{\"@type\":\"BreadcrumbList\",\"@id\":\"https:\\\/\\\/thesalmonmarket.com\\\/pt\\\/produto\\\/salmao-selvagem\\\/#breadcrumb\",\"itemListElement\":[{\"@type\":\"ListItem\",\"position\":1,\"name\":\"Portada\",\"item\":\"https:\\\/\\\/thesalmonmarket.com\\\/pt\\\/casa\\\/\"},{\"@type\":\"ListItem\",\"position\":2,\"name\":\"Shop\",\"item\":\"https:\\\/\\\/thesalmonmarket.com\\\/pt\\\/shop\\\/\"},{\"@type\":\"ListItem\",\"position\":3,\"name\":\"Salm\u00e3o selvagem do Alasca 100 g\"}]},{\"@type\":\"WebSite\",\"@id\":\"https:\\\/\\\/thesalmonmarket.com\\\/pt\\\/#website\",\"url\":\"https:\\\/\\\/thesalmonmarket.com\\\/pt\\\/\",\"name\":\"The Salmon Market\",\"description\":\"Tienda online de salm\u00f3n ahumado y fresco\",\"potentialAction\":[{\"@type\":\"SearchAction\",\"target\":{\"@type\":\"EntryPoint\",\"urlTemplate\":\"https:\\\/\\\/thesalmonmarket.com\\\/pt\\\/?s={search_term_string}\"},\"query-input\":{\"@type\":\"PropertyValueSpecification\",\"valueRequired\":true,\"valueName\":\"search_term_string\"}}],\"inLanguage\":\"pt\"}]}<\/script>\n<!-- \/ Yoast SEO plugin. -->","yoast_head_json":{"title":"Salm\u00e3o selvagem do Alasca 100 g - The Salmon Market","description":"Filete de salm\u00e3o selvagem do Alasca, com um peso entre 600 e 750g. Carne firme e menos gordura do que o salm\u00e3o noruegu\u00eas, com um sabor mais puro - experimenta!","robots":{"index":"index","follow":"follow","max-snippet":"max-snippet:-1","max-image-preview":"max-image-preview:large","max-video-preview":"max-video-preview:-1"},"canonical":"https:\/\/thesalmonmarket.com\/pt\/produto\/salmao-selvagem\/","og_locale":"pt_PT","og_type":"article","og_title":"Salm\u00e3o selvagem do Alasca","og_description":"Descobre o sabor aut\u00eantico do salm\u00e3o selvagem do Alasca em The Salmon Market.","og_url":"https:\/\/thesalmonmarket.com\/pt\/produto\/salmao-selvagem\/","og_site_name":"The Salmon Market","article_modified_time":"2026-04-27T13:52:52+00:00","og_image":[{"url":"https:\/\/thesalmonmarket.com\/wp-content\/uploads\/2023\/06\/salmon-alaska-salvaje-fresco-filete-01.jpg","type":"","width":"","height":""}],"twitter_card":"summary_large_image","twitter_title":"Salm\u00e3o selvagem do Alasca","twitter_description":"Descobre o salm\u00e3o selvagem do Alasca em The Salmon Market.","twitter_image":"https:\/\/thesalmonmarket.com\/wp-content\/uploads\/2023\/06\/salmon-alaska-salvaje-fresco-filete-03.jpg","schema":{"@context":"https:\/\/schema.org","@graph":[{"@type":"WebPage","@id":"https:\/\/thesalmonmarket.com\/pt\/produto\/salmao-selvagem\/","url":"https:\/\/thesalmonmarket.com\/pt\/produto\/salmao-selvagem\/","name":"Salm\u00e3o selvagem do Alasca 100 g - The Salmon Market","isPartOf":{"@id":"https:\/\/thesalmonmarket.com\/pt\/#website"},"primaryImageOfPage":{"@id":"https:\/\/thesalmonmarket.com\/pt\/produto\/salmao-selvagem\/#primaryimage"},"image":{"@id":"https:\/\/thesalmonmarket.com\/pt\/produto\/salmao-selvagem\/#primaryimage"},"thumbnailUrl":"https:\/\/thesalmonmarket.com\/wp-content\/uploads\/2023\/06\/salmon-alaska-salvaje-fresco-filete-01.jpg","datePublished":"2023-06-23T10:50:11+00:00","dateModified":"2026-04-27T13:52:52+00:00","description":"Filete de salm\u00e3o selvagem do Alasca, com um peso entre 600 e 750g. Carne firme e menos gordura do que o salm\u00e3o noruegu\u00eas, com um sabor mais puro - experimenta!","breadcrumb":{"@id":"https:\/\/thesalmonmarket.com\/pt\/produto\/salmao-selvagem\/#breadcrumb"},"inLanguage":"pt","potentialAction":[{"@type":"ReadAction","target":["https:\/\/thesalmonmarket.com\/pt\/produto\/salmao-selvagem\/"]}]},{"@type":"ImageObject","inLanguage":"pt","@id":"https:\/\/thesalmonmarket.com\/pt\/produto\/salmao-selvagem\/#primaryimage","url":"https:\/\/thesalmonmarket.com\/wp-content\/uploads\/2023\/06\/salmon-alaska-salvaje-fresco-filete-01.jpg","contentUrl":"https:\/\/thesalmonmarket.com\/wp-content\/uploads\/2023\/06\/salmon-alaska-salvaje-fresco-filete-01.jpg","width":800,"height":800,"caption":"salm\u00e3o selvagem"},{"@type":"BreadcrumbList","@id":"https:\/\/thesalmonmarket.com\/pt\/produto\/salmao-selvagem\/#breadcrumb","itemListElement":[{"@type":"ListItem","position":1,"name":"Portada","item":"https:\/\/thesalmonmarket.com\/pt\/casa\/"},{"@type":"ListItem","position":2,"name":"Shop","item":"https:\/\/thesalmonmarket.com\/pt\/shop\/"},{"@type":"ListItem","position":3,"name":"Salm\u00e3o selvagem do Alasca 100 g"}]},{"@type":"WebSite","@id":"https:\/\/thesalmonmarket.com\/pt\/#website","url":"https:\/\/thesalmonmarket.com\/pt\/","name":"The Salmon Market","description":"Tienda online de salm\u00f3n ahumado y fresco","potentialAction":[{"@type":"SearchAction","target":{"@type":"EntryPoint","urlTemplate":"https:\/\/thesalmonmarket.com\/pt\/?s={search_term_string}"},"query-input":{"@type":"PropertyValueSpecification","valueRequired":true,"valueName":"search_term_string"}}],"inLanguage":"pt"}]}},"_links":{"self":[{"href":"https:\/\/thesalmonmarket.com\/pt\/wp-json\/wp\/v2\/product\/8045","targetHints":{"allow":["GET"]}}],"collection":[{"href":"https:\/\/thesalmonmarket.com\/pt\/wp-json\/wp\/v2\/product"}],"about":[{"href":"https:\/\/thesalmonmarket.com\/pt\/wp-json\/wp\/v2\/types\/product"}],"replies":[{"embeddable":true,"href":"https:\/\/thesalmonmarket.com\/pt\/wp-json\/wp\/v2\/comments?post=8045"}],"wp:featuredmedia":[{"embeddable":true,"href":"https:\/\/thesalmonmarket.com\/pt\/wp-json\/wp\/v2\/media\/8051"}],"wp:attachment":[{"href":"https:\/\/thesalmonmarket.com\/pt\/wp-json\/wp\/v2\/media?parent=8045"}],"wp:term":[{"taxonomy":"product_brand","embeddable":true,"href":"https:\/\/thesalmonmarket.com\/pt\/wp-json\/wp\/v2\/product_brand?post=8045"},{"taxonomy":"product_cat","embeddable":true,"href":"https:\/\/thesalmonmarket.com\/pt\/wp-json\/wp\/v2\/product_cat?post=8045"},{"taxonomy":"product_tag","embeddable":true,"href":"https:\/\/thesalmonmarket.com\/pt\/wp-json\/wp\/v2\/product_tag?post=8045"}],"curies":[{"name":"wp","href":"https:\/\/api.w.org\/{rel}","templated":true}]}}