{"id":8038,"date":"2021-03-31T09:23:08","date_gmt":"2021-03-31T07:23:08","guid":{"rendered":"https:\/\/thesalmonmarket.com\/producto\/cubos-de-salmao-poke-1-kg\/"},"modified":"2026-04-14T10:29:31","modified_gmt":"2026-04-14T08:29:31","slug":"cubos-de-salmao-para-poke","status":"publish","type":"product","link":"https:\/\/thesalmonmarket.com\/pt\/produto\/cubos-de-salmao-para-poke\/","title":{"rendered":"Cubos de salm\u00e3o poke 1 kg"},"content":{"rendered":"<p>Este produto \u00e9 enviado congelado para garantir a melhor qualidade da tua encomenda.<\/p>\n<p><strong>Instru\u00e7\u00f5es de conserva\u00e7\u00e3o: <\/strong>Congela a -18\u00baC. Uma vez descongelado, conserva a uma temperatura entre 0-4\u00baC. <\/p>\n","protected":false},"excerpt":{"rendered":"<p><strong>1 Kg. enviado congelado. <\/strong><\/p>\n<p>Cubos de salm\u00e3o de primeira qualidade, frescos, sem pele e prontos a comer. Este corte \u00e9 perfeito para preparar, entre outros, tartares, poke bowls ou ceviches. <\/p>\n<p>No nosso blogue, mostramos-te como preparar um delicioso e saud\u00e1vel poke de salm\u00e3o com os nossos cubos de salm\u00e3o.<\/p>\n","protected":false},"featured_media":8040,"comment_status":"open","ping_status":"closed","template":"","meta":{"_acf_changed":false,"inline_featured_image":false,"_joinchat":[]},"product_brand":[],"product_cat":[222],"product_tag":[225,223,219],"class_list":{"0":"post-8038","1":"product","2":"type-product","3":"status-publish","4":"has-post-thumbnail","6":"product_cat-salmao-fresco","7":"product_tag-congelado-pt","8":"product_tag-salmao-cru","9":"product_tag-salmao-sem-pele","11":"first","12":"outofstock","13":"taxable","14":"shipping-taxable","15":"purchasable","16":"product-type-simple"},"acf":[],"yoast_head":"<!-- This site is optimized with the Yoast SEO plugin v27.3 - https:\/\/yoast.com\/product\/yoast-seo-wordpress\/ -->\n<title>Cubos de salm\u00e3o poke 1 kg - The Salmon Market<\/title>\n<meta name=\"description\" content=\"Cubos de salm\u00e3o de primeira qualidade, frescos, sem pele e prontos a comer. Este corte \u00e9 perfeito para preparar, entre outros, tartares, poke bowls ou ceviches.\" \/>\n<meta name=\"robots\" content=\"index, follow, max-snippet:-1, max-image-preview:large, max-video-preview:-1\" \/>\n<link rel=\"canonical\" href=\"https:\/\/thesalmonmarket.com\/pt\/produto\/cubos-de-salmao-para-poke\/\" \/>\n<meta property=\"og:locale\" content=\"pt_PT\" \/>\n<meta property=\"og:type\" content=\"article\" \/>\n<meta property=\"og:title\" content=\"Cubos de salm\u00e3o poke 1 kg - The Salmon Market\" \/>\n<meta property=\"og:description\" content=\"Cubos de salm\u00e3o de primeira qualidade, frescos, sem pele e prontos a comer. Este corte \u00e9 perfeito para preparar, entre outros, tartares, poke bowls ou ceviches.\" \/>\n<meta property=\"og:url\" content=\"https:\/\/thesalmonmarket.com\/pt\/produto\/cubos-de-salmao-para-poke\/\" \/>\n<meta property=\"og:site_name\" content=\"The Salmon Market\" \/>\n<meta property=\"article:modified_time\" content=\"2026-04-14T08:29:31+00:00\" \/>\n<meta property=\"og:image\" content=\"https:\/\/thesalmonmarket.com\/wp-content\/uploads\/2021\/03\/The-Salmon-Market-cubos-salmo\u0301n-poke.jpg\" \/>\n\t<meta property=\"og:image:width\" content=\"800\" \/>\n\t<meta property=\"og:image:height\" content=\"800\" \/>\n\t<meta property=\"og:image:type\" content=\"image\/jpeg\" \/>\n<meta name=\"twitter:card\" content=\"summary_large_image\" \/>\n<script type=\"application\/ld+json\" class=\"yoast-schema-graph\">{\"@context\":\"https:\\\/\\\/schema.org\",\"@graph\":[{\"@type\":\"WebPage\",\"@id\":\"https:\\\/\\\/thesalmonmarket.com\\\/pt\\\/produto\\\/cubos-de-salmao-para-poke\\\/\",\"url\":\"https:\\\/\\\/thesalmonmarket.com\\\/pt\\\/produto\\\/cubos-de-salmao-para-poke\\\/\",\"name\":\"Cubos de salm\u00e3o poke 1 kg - The Salmon Market\",\"isPartOf\":{\"@id\":\"https:\\\/\\\/thesalmonmarket.com\\\/pt\\\/#website\"},\"primaryImageOfPage\":{\"@id\":\"https:\\\/\\\/thesalmonmarket.com\\\/pt\\\/produto\\\/cubos-de-salmao-para-poke\\\/#primaryimage\"},\"image\":{\"@id\":\"https:\\\/\\\/thesalmonmarket.com\\\/pt\\\/produto\\\/cubos-de-salmao-para-poke\\\/#primaryimage\"},\"thumbnailUrl\":\"https:\\\/\\\/thesalmonmarket.com\\\/wp-content\\\/uploads\\\/2021\\\/03\\\/The-Salmon-Market-cubos-salmo\u0301n-poke.jpg\",\"datePublished\":\"2021-03-31T07:23:08+00:00\",\"dateModified\":\"2026-04-14T08:29:31+00:00\",\"description\":\"Cubos de salm\u00e3o de primeira qualidade, frescos, sem pele e prontos a comer. Este corte \u00e9 perfeito para preparar, entre outros, tartares, poke bowls ou ceviches.\",\"breadcrumb\":{\"@id\":\"https:\\\/\\\/thesalmonmarket.com\\\/pt\\\/produto\\\/cubos-de-salmao-para-poke\\\/#breadcrumb\"},\"inLanguage\":\"pt\",\"potentialAction\":[{\"@type\":\"ReadAction\",\"target\":[\"https:\\\/\\\/thesalmonmarket.com\\\/pt\\\/produto\\\/cubos-de-salmao-para-poke\\\/\"]}]},{\"@type\":\"ImageObject\",\"inLanguage\":\"pt\",\"@id\":\"https:\\\/\\\/thesalmonmarket.com\\\/pt\\\/produto\\\/cubos-de-salmao-para-poke\\\/#primaryimage\",\"url\":\"https:\\\/\\\/thesalmonmarket.com\\\/wp-content\\\/uploads\\\/2021\\\/03\\\/The-Salmon-Market-cubos-salmo\u0301n-poke.jpg\",\"contentUrl\":\"https:\\\/\\\/thesalmonmarket.com\\\/wp-content\\\/uploads\\\/2021\\\/03\\\/The-Salmon-Market-cubos-salmo\u0301n-poke.jpg\",\"width\":800,\"height\":800,\"caption\":\"tacos de salm\u00e3o poke\"},{\"@type\":\"BreadcrumbList\",\"@id\":\"https:\\\/\\\/thesalmonmarket.com\\\/pt\\\/produto\\\/cubos-de-salmao-para-poke\\\/#breadcrumb\",\"itemListElement\":[{\"@type\":\"ListItem\",\"position\":1,\"name\":\"Portada\",\"item\":\"https:\\\/\\\/thesalmonmarket.com\\\/pt\\\/casa\\\/\"},{\"@type\":\"ListItem\",\"position\":2,\"name\":\"Shop\",\"item\":\"https:\\\/\\\/thesalmonmarket.com\\\/pt\\\/shop\\\/\"},{\"@type\":\"ListItem\",\"position\":3,\"name\":\"Cubos de salm\u00e3o poke 1 kg\"}]},{\"@type\":\"WebSite\",\"@id\":\"https:\\\/\\\/thesalmonmarket.com\\\/pt\\\/#website\",\"url\":\"https:\\\/\\\/thesalmonmarket.com\\\/pt\\\/\",\"name\":\"The Salmon Market\",\"description\":\"Tienda online de salm\u00f3n ahumado y fresco\",\"potentialAction\":[{\"@type\":\"SearchAction\",\"target\":{\"@type\":\"EntryPoint\",\"urlTemplate\":\"https:\\\/\\\/thesalmonmarket.com\\\/pt\\\/?s={search_term_string}\"},\"query-input\":{\"@type\":\"PropertyValueSpecification\",\"valueRequired\":true,\"valueName\":\"search_term_string\"}}],\"inLanguage\":\"pt\"}]}<\/script>\n<!-- \/ Yoast SEO plugin. -->","yoast_head_json":{"title":"Cubos de salm\u00e3o poke 1 kg - The Salmon Market","description":"Cubos de salm\u00e3o de primeira qualidade, frescos, sem pele e prontos a comer. Este corte \u00e9 perfeito para preparar, entre outros, tartares, poke bowls ou ceviches.","robots":{"index":"index","follow":"follow","max-snippet":"max-snippet:-1","max-image-preview":"max-image-preview:large","max-video-preview":"max-video-preview:-1"},"canonical":"https:\/\/thesalmonmarket.com\/pt\/produto\/cubos-de-salmao-para-poke\/","og_locale":"pt_PT","og_type":"article","og_title":"Cubos de salm\u00e3o poke 1 kg - The Salmon Market","og_description":"Cubos de salm\u00e3o de primeira qualidade, frescos, sem pele e prontos a comer. Este corte \u00e9 perfeito para preparar, entre outros, tartares, poke bowls ou ceviches.","og_url":"https:\/\/thesalmonmarket.com\/pt\/produto\/cubos-de-salmao-para-poke\/","og_site_name":"The Salmon Market","article_modified_time":"2026-04-14T08:29:31+00:00","og_image":[{"width":800,"height":800,"url":"https:\/\/thesalmonmarket.com\/wp-content\/uploads\/2021\/03\/The-Salmon-Market-cubos-salmo\u0301n-poke.jpg","type":"image\/jpeg"}],"twitter_card":"summary_large_image","schema":{"@context":"https:\/\/schema.org","@graph":[{"@type":"WebPage","@id":"https:\/\/thesalmonmarket.com\/pt\/produto\/cubos-de-salmao-para-poke\/","url":"https:\/\/thesalmonmarket.com\/pt\/produto\/cubos-de-salmao-para-poke\/","name":"Cubos de salm\u00e3o poke 1 kg - The Salmon Market","isPartOf":{"@id":"https:\/\/thesalmonmarket.com\/pt\/#website"},"primaryImageOfPage":{"@id":"https:\/\/thesalmonmarket.com\/pt\/produto\/cubos-de-salmao-para-poke\/#primaryimage"},"image":{"@id":"https:\/\/thesalmonmarket.com\/pt\/produto\/cubos-de-salmao-para-poke\/#primaryimage"},"thumbnailUrl":"https:\/\/thesalmonmarket.com\/wp-content\/uploads\/2021\/03\/The-Salmon-Market-cubos-salmo\u0301n-poke.jpg","datePublished":"2021-03-31T07:23:08+00:00","dateModified":"2026-04-14T08:29:31+00:00","description":"Cubos de salm\u00e3o de primeira qualidade, frescos, sem pele e prontos a comer. Este corte \u00e9 perfeito para preparar, entre outros, tartares, poke bowls ou ceviches.","breadcrumb":{"@id":"https:\/\/thesalmonmarket.com\/pt\/produto\/cubos-de-salmao-para-poke\/#breadcrumb"},"inLanguage":"pt","potentialAction":[{"@type":"ReadAction","target":["https:\/\/thesalmonmarket.com\/pt\/produto\/cubos-de-salmao-para-poke\/"]}]},{"@type":"ImageObject","inLanguage":"pt","@id":"https:\/\/thesalmonmarket.com\/pt\/produto\/cubos-de-salmao-para-poke\/#primaryimage","url":"https:\/\/thesalmonmarket.com\/wp-content\/uploads\/2021\/03\/The-Salmon-Market-cubos-salmo\u0301n-poke.jpg","contentUrl":"https:\/\/thesalmonmarket.com\/wp-content\/uploads\/2021\/03\/The-Salmon-Market-cubos-salmo\u0301n-poke.jpg","width":800,"height":800,"caption":"tacos de salm\u00e3o poke"},{"@type":"BreadcrumbList","@id":"https:\/\/thesalmonmarket.com\/pt\/produto\/cubos-de-salmao-para-poke\/#breadcrumb","itemListElement":[{"@type":"ListItem","position":1,"name":"Portada","item":"https:\/\/thesalmonmarket.com\/pt\/casa\/"},{"@type":"ListItem","position":2,"name":"Shop","item":"https:\/\/thesalmonmarket.com\/pt\/shop\/"},{"@type":"ListItem","position":3,"name":"Cubos de salm\u00e3o poke 1 kg"}]},{"@type":"WebSite","@id":"https:\/\/thesalmonmarket.com\/pt\/#website","url":"https:\/\/thesalmonmarket.com\/pt\/","name":"The Salmon Market","description":"Tienda online de salm\u00f3n ahumado y fresco","potentialAction":[{"@type":"SearchAction","target":{"@type":"EntryPoint","urlTemplate":"https:\/\/thesalmonmarket.com\/pt\/?s={search_term_string}"},"query-input":{"@type":"PropertyValueSpecification","valueRequired":true,"valueName":"search_term_string"}}],"inLanguage":"pt"}]}},"_links":{"self":[{"href":"https:\/\/thesalmonmarket.com\/pt\/wp-json\/wp\/v2\/product\/8038","targetHints":{"allow":["GET"]}}],"collection":[{"href":"https:\/\/thesalmonmarket.com\/pt\/wp-json\/wp\/v2\/product"}],"about":[{"href":"https:\/\/thesalmonmarket.com\/pt\/wp-json\/wp\/v2\/types\/product"}],"replies":[{"embeddable":true,"href":"https:\/\/thesalmonmarket.com\/pt\/wp-json\/wp\/v2\/comments?post=8038"}],"wp:featuredmedia":[{"embeddable":true,"href":"https:\/\/thesalmonmarket.com\/pt\/wp-json\/wp\/v2\/media\/8040"}],"wp:attachment":[{"href":"https:\/\/thesalmonmarket.com\/pt\/wp-json\/wp\/v2\/media?parent=8038"}],"wp:term":[{"taxonomy":"product_brand","embeddable":true,"href":"https:\/\/thesalmonmarket.com\/pt\/wp-json\/wp\/v2\/product_brand?post=8038"},{"taxonomy":"product_cat","embeddable":true,"href":"https:\/\/thesalmonmarket.com\/pt\/wp-json\/wp\/v2\/product_cat?post=8038"},{"taxonomy":"product_tag","embeddable":true,"href":"https:\/\/thesalmonmarket.com\/pt\/wp-json\/wp\/v2\/product_tag?post=8038"}],"curies":[{"name":"wp","href":"https:\/\/api.w.org\/{rel}","templated":true}]}}