{"id":8031,"date":"2023-01-04T12:15:46","date_gmt":"2023-01-04T11:15:46","guid":{"rendered":"https:\/\/thesalmonmarket.com\/producto\/salmao-fumado-noruegues-cortado-as-fatias\/"},"modified":"2025-08-06T12:12:19","modified_gmt":"2025-08-06T10:12:19","slug":"salmon-ahumado-en-lonchas","status":"publish","type":"product","link":"https:\/\/thesalmonmarket.com\/pt\/produto\/salmon-ahumado-en-lonchas\/","title":{"rendered":"Salm\u00e3o fumado noruegu\u00eas, cortado \u00e0s fatias"},"content":{"rendered":"<p><strong>Pr\u00e9-cortado e sem pele.<\/strong><\/p>\n<p>Este produto \u00e9 enviado refrigerado para garantir a m\u00e1xima qualidade da tua encomenda.<\/p>\n<p><strong>Conselhos de conserva\u00e7\u00e3o: <\/strong>Entre 0\u00baC e 4\u00baC.<\/p>\n<p><strong>Produto previamente descongelado<\/strong>.<\/p>\n","protected":false},"excerpt":{"rendered":"<p>Filete de salm\u00e3o fumado noruegu\u00eas de primeira qualidade, pr\u00e9-cortado e sem pele.<\/p>\n<p>Salm\u00e3o fumado de forma tradicional, seguindo o m\u00e9todo tradicional das aldeias do norte da Noruega. A composi\u00e7\u00e3o das madeiras e ervas utilizadas no processo de fumagem \u00e9 um segredo transmitido de pai para filho, resultando num salm\u00e3o com um sabor e aroma \u00fanicos. <\/p>\n<p>Este formato \u00e9 ideal para preparar pratos como canap\u00e9s, tostas, saladas, sandu\u00edches, bagels, tartares&#8230;<\/p>\n","protected":false},"featured_media":9183,"comment_status":"open","ping_status":"closed","template":"","meta":{"_acf_changed":false,"inline_featured_image":false,"_joinchat":[]},"product_brand":[],"product_cat":[218],"product_tag":[221,219],"class_list":{"0":"post-8031","1":"product","2":"type-product","3":"status-publish","4":"has-post-thumbnail","6":"product_cat-salmao-fumado","7":"product_tag-descongelacao","8":"product_tag-salmao-sem-pele","10":"first","11":"instock","12":"taxable","13":"shipping-taxable","14":"purchasable","15":"product-type-variable","16":"has-default-attributes"},"acf":[],"yoast_head":"<!-- This site is optimized with the Yoast SEO plugin v27.3 - https:\/\/yoast.com\/product\/yoast-seo-wordpress\/ -->\n<title>Salm\u00e3o fumado noruegu\u00eas, cortado \u00e0s fatias - The Salmon Market<\/title>\n<meta name=\"description\" content=\"Salm\u00e3o fumado em fatias em embalagens de 100 ou 200 gramas. Fumado \u00e0 m\u00e3o de acordo com o m\u00e9todo tradicional das aldeias do norte da Noruega.\" \/>\n<meta name=\"robots\" content=\"index, follow, max-snippet:-1, max-image-preview:large, max-video-preview:-1\" \/>\n<link rel=\"canonical\" href=\"https:\/\/thesalmonmarket.com\/pt\/produto\/salmon-ahumado-en-lonchas\/\" \/>\n<meta property=\"og:locale\" content=\"pt_PT\" \/>\n<meta property=\"og:type\" content=\"article\" \/>\n<meta property=\"og:title\" content=\"Salm\u00e3o fumado noruegu\u00eas, cortado \u00e0s fatias - The Salmon Market\" \/>\n<meta property=\"og:description\" content=\"Salm\u00e3o fumado em fatias em embalagens de 100 ou 200 gramas. Fumado \u00e0 m\u00e3o de acordo com o m\u00e9todo tradicional das aldeias do norte da Noruega.\" \/>\n<meta property=\"og:url\" content=\"https:\/\/thesalmonmarket.com\/pt\/produto\/salmon-ahumado-en-lonchas\/\" \/>\n<meta property=\"og:site_name\" content=\"The Salmon Market\" \/>\n<meta property=\"article:modified_time\" content=\"2025-08-06T10:12:19+00:00\" \/>\n<meta property=\"og:image\" content=\"https:\/\/thesalmonmarket.com\/wp-content\/uploads\/2020\/09\/The-Salmon-Marketsalmon-ahumado_canape.jpg\" \/>\n\t<meta property=\"og:image:width\" content=\"800\" \/>\n\t<meta property=\"og:image:height\" content=\"800\" \/>\n\t<meta property=\"og:image:type\" content=\"image\/jpeg\" \/>\n<meta name=\"twitter:card\" content=\"summary_large_image\" \/>\n<script type=\"application\/ld+json\" class=\"yoast-schema-graph\">{\"@context\":\"https:\\\/\\\/schema.org\",\"@graph\":[{\"@type\":\"WebPage\",\"@id\":\"https:\\\/\\\/thesalmonmarket.com\\\/pt\\\/produto\\\/salmon-ahumado-en-lonchas\\\/\",\"url\":\"https:\\\/\\\/thesalmonmarket.com\\\/pt\\\/produto\\\/salmon-ahumado-en-lonchas\\\/\",\"name\":\"Salm\u00e3o fumado noruegu\u00eas, cortado \u00e0s fatias - The Salmon Market\",\"isPartOf\":{\"@id\":\"https:\\\/\\\/thesalmonmarket.com\\\/pt\\\/#website\"},\"primaryImageOfPage\":{\"@id\":\"https:\\\/\\\/thesalmonmarket.com\\\/pt\\\/produto\\\/salmon-ahumado-en-lonchas\\\/#primaryimage\"},\"image\":{\"@id\":\"https:\\\/\\\/thesalmonmarket.com\\\/pt\\\/produto\\\/salmon-ahumado-en-lonchas\\\/#primaryimage\"},\"thumbnailUrl\":\"https:\\\/\\\/thesalmonmarket.com\\\/wp-content\\\/uploads\\\/2023\\\/01\\\/salmon-ahumado.jpg\",\"datePublished\":\"2023-01-04T11:15:46+00:00\",\"dateModified\":\"2025-08-06T10:12:19+00:00\",\"description\":\"Salm\u00e3o fumado em fatias em embalagens de 100 ou 200 gramas. Fumado \u00e0 m\u00e3o de acordo com o m\u00e9todo tradicional das aldeias do norte da Noruega.\",\"breadcrumb\":{\"@id\":\"https:\\\/\\\/thesalmonmarket.com\\\/pt\\\/produto\\\/salmon-ahumado-en-lonchas\\\/#breadcrumb\"},\"inLanguage\":\"pt\",\"potentialAction\":[{\"@type\":\"ReadAction\",\"target\":[\"https:\\\/\\\/thesalmonmarket.com\\\/pt\\\/produto\\\/salmon-ahumado-en-lonchas\\\/\"]}]},{\"@type\":\"ImageObject\",\"inLanguage\":\"pt\",\"@id\":\"https:\\\/\\\/thesalmonmarket.com\\\/pt\\\/produto\\\/salmon-ahumado-en-lonchas\\\/#primaryimage\",\"url\":\"https:\\\/\\\/thesalmonmarket.com\\\/wp-content\\\/uploads\\\/2023\\\/01\\\/salmon-ahumado.jpg\",\"contentUrl\":\"https:\\\/\\\/thesalmonmarket.com\\\/wp-content\\\/uploads\\\/2023\\\/01\\\/salmon-ahumado.jpg\",\"width\":800,\"height\":800,\"caption\":\"Salm\u00f3n ahumado noruego loncheado\"},{\"@type\":\"BreadcrumbList\",\"@id\":\"https:\\\/\\\/thesalmonmarket.com\\\/pt\\\/produto\\\/salmon-ahumado-en-lonchas\\\/#breadcrumb\",\"itemListElement\":[{\"@type\":\"ListItem\",\"position\":1,\"name\":\"Portada\",\"item\":\"https:\\\/\\\/thesalmonmarket.com\\\/pt\\\/casa\\\/\"},{\"@type\":\"ListItem\",\"position\":2,\"name\":\"Shop\",\"item\":\"https:\\\/\\\/thesalmonmarket.com\\\/pt\\\/shop\\\/\"},{\"@type\":\"ListItem\",\"position\":3,\"name\":\"Salm\u00e3o fumado noruegu\u00eas, cortado \u00e0s fatias\"}]},{\"@type\":\"WebSite\",\"@id\":\"https:\\\/\\\/thesalmonmarket.com\\\/pt\\\/#website\",\"url\":\"https:\\\/\\\/thesalmonmarket.com\\\/pt\\\/\",\"name\":\"The Salmon Market\",\"description\":\"Tienda online de salm\u00f3n ahumado y fresco\",\"potentialAction\":[{\"@type\":\"SearchAction\",\"target\":{\"@type\":\"EntryPoint\",\"urlTemplate\":\"https:\\\/\\\/thesalmonmarket.com\\\/pt\\\/?s={search_term_string}\"},\"query-input\":{\"@type\":\"PropertyValueSpecification\",\"valueRequired\":true,\"valueName\":\"search_term_string\"}}],\"inLanguage\":\"pt\"}]}<\/script>\n<!-- \/ Yoast SEO plugin. -->","yoast_head_json":{"title":"Salm\u00e3o fumado noruegu\u00eas, cortado \u00e0s fatias - The Salmon Market","description":"Salm\u00e3o fumado em fatias em embalagens de 100 ou 200 gramas. Fumado \u00e0 m\u00e3o de acordo com o m\u00e9todo tradicional das aldeias do norte da Noruega.","robots":{"index":"index","follow":"follow","max-snippet":"max-snippet:-1","max-image-preview":"max-image-preview:large","max-video-preview":"max-video-preview:-1"},"canonical":"https:\/\/thesalmonmarket.com\/pt\/produto\/salmon-ahumado-en-lonchas\/","og_locale":"pt_PT","og_type":"article","og_title":"Salm\u00e3o fumado noruegu\u00eas, cortado \u00e0s fatias - The Salmon Market","og_description":"Salm\u00e3o fumado em fatias em embalagens de 100 ou 200 gramas. Fumado \u00e0 m\u00e3o de acordo com o m\u00e9todo tradicional das aldeias do norte da Noruega.","og_url":"https:\/\/thesalmonmarket.com\/pt\/produto\/salmon-ahumado-en-lonchas\/","og_site_name":"The Salmon Market","article_modified_time":"2025-08-06T10:12:19+00:00","og_image":[{"width":800,"height":800,"url":"https:\/\/thesalmonmarket.com\/wp-content\/uploads\/2020\/09\/The-Salmon-Marketsalmon-ahumado_canape.jpg","type":"image\/jpeg"}],"twitter_card":"summary_large_image","schema":{"@context":"https:\/\/schema.org","@graph":[{"@type":"WebPage","@id":"https:\/\/thesalmonmarket.com\/pt\/produto\/salmon-ahumado-en-lonchas\/","url":"https:\/\/thesalmonmarket.com\/pt\/produto\/salmon-ahumado-en-lonchas\/","name":"Salm\u00e3o fumado noruegu\u00eas, cortado \u00e0s fatias - The Salmon Market","isPartOf":{"@id":"https:\/\/thesalmonmarket.com\/pt\/#website"},"primaryImageOfPage":{"@id":"https:\/\/thesalmonmarket.com\/pt\/produto\/salmon-ahumado-en-lonchas\/#primaryimage"},"image":{"@id":"https:\/\/thesalmonmarket.com\/pt\/produto\/salmon-ahumado-en-lonchas\/#primaryimage"},"thumbnailUrl":"https:\/\/thesalmonmarket.com\/wp-content\/uploads\/2023\/01\/salmon-ahumado.jpg","datePublished":"2023-01-04T11:15:46+00:00","dateModified":"2025-08-06T10:12:19+00:00","description":"Salm\u00e3o fumado em fatias em embalagens de 100 ou 200 gramas. Fumado \u00e0 m\u00e3o de acordo com o m\u00e9todo tradicional das aldeias do norte da Noruega.","breadcrumb":{"@id":"https:\/\/thesalmonmarket.com\/pt\/produto\/salmon-ahumado-en-lonchas\/#breadcrumb"},"inLanguage":"pt","potentialAction":[{"@type":"ReadAction","target":["https:\/\/thesalmonmarket.com\/pt\/produto\/salmon-ahumado-en-lonchas\/"]}]},{"@type":"ImageObject","inLanguage":"pt","@id":"https:\/\/thesalmonmarket.com\/pt\/produto\/salmon-ahumado-en-lonchas\/#primaryimage","url":"https:\/\/thesalmonmarket.com\/wp-content\/uploads\/2023\/01\/salmon-ahumado.jpg","contentUrl":"https:\/\/thesalmonmarket.com\/wp-content\/uploads\/2023\/01\/salmon-ahumado.jpg","width":800,"height":800,"caption":"Salm\u00f3n ahumado noruego loncheado"},{"@type":"BreadcrumbList","@id":"https:\/\/thesalmonmarket.com\/pt\/produto\/salmon-ahumado-en-lonchas\/#breadcrumb","itemListElement":[{"@type":"ListItem","position":1,"name":"Portada","item":"https:\/\/thesalmonmarket.com\/pt\/casa\/"},{"@type":"ListItem","position":2,"name":"Shop","item":"https:\/\/thesalmonmarket.com\/pt\/shop\/"},{"@type":"ListItem","position":3,"name":"Salm\u00e3o fumado noruegu\u00eas, cortado \u00e0s fatias"}]},{"@type":"WebSite","@id":"https:\/\/thesalmonmarket.com\/pt\/#website","url":"https:\/\/thesalmonmarket.com\/pt\/","name":"The Salmon Market","description":"Tienda online de salm\u00f3n ahumado y fresco","potentialAction":[{"@type":"SearchAction","target":{"@type":"EntryPoint","urlTemplate":"https:\/\/thesalmonmarket.com\/pt\/?s={search_term_string}"},"query-input":{"@type":"PropertyValueSpecification","valueRequired":true,"valueName":"search_term_string"}}],"inLanguage":"pt"}]}},"_links":{"self":[{"href":"https:\/\/thesalmonmarket.com\/pt\/wp-json\/wp\/v2\/product\/8031","targetHints":{"allow":["GET"]}}],"collection":[{"href":"https:\/\/thesalmonmarket.com\/pt\/wp-json\/wp\/v2\/product"}],"about":[{"href":"https:\/\/thesalmonmarket.com\/pt\/wp-json\/wp\/v2\/types\/product"}],"replies":[{"embeddable":true,"href":"https:\/\/thesalmonmarket.com\/pt\/wp-json\/wp\/v2\/comments?post=8031"}],"wp:featuredmedia":[{"embeddable":true,"href":"https:\/\/thesalmonmarket.com\/pt\/wp-json\/wp\/v2\/media\/9183"}],"wp:attachment":[{"href":"https:\/\/thesalmonmarket.com\/pt\/wp-json\/wp\/v2\/media?parent=8031"}],"wp:term":[{"taxonomy":"product_brand","embeddable":true,"href":"https:\/\/thesalmonmarket.com\/pt\/wp-json\/wp\/v2\/product_brand?post=8031"},{"taxonomy":"product_cat","embeddable":true,"href":"https:\/\/thesalmonmarket.com\/pt\/wp-json\/wp\/v2\/product_cat?post=8031"},{"taxonomy":"product_tag","embeddable":true,"href":"https:\/\/thesalmonmarket.com\/pt\/wp-json\/wp\/v2\/product_tag?post=8031"}],"curies":[{"name":"wp","href":"https:\/\/api.w.org\/{rel}","templated":true}]}}