{"id":8030,"date":"2021-03-31T09:17:17","date_gmt":"2021-03-31T07:17:17","guid":{"rendered":"https:\/\/thesalmonmarket.com\/producto\/filetes-de-salmao-de-tamanho-6-7\/"},"modified":"2026-04-14T10:30:37","modified_gmt":"2026-04-14T08:30:37","slug":"filete-de-salmao-tamanho-6-7","status":"publish","type":"product","link":"https:\/\/thesalmonmarket.com\/pt\/produto\/filete-de-salmao-tamanho-6-7\/","title":{"rendered":"Filetes de salm\u00e3o de tamanho 6-7"},"content":{"rendered":"<p><strong>Com a pele.<\/strong><\/p>\n<p>Este produto \u00e9 enviado congelado para garantir a melhor qualidade da tua encomenda.<\/p>\n<p><strong>Instru\u00e7\u00f5es de conserva\u00e7\u00e3o: <\/strong>Congela a -18\u00baC. Uma vez descongelado, conserva a uma temperatura entre 0-4\u00baC. <\/p>\n<p>&nbsp;<\/p>\n","protected":false},"excerpt":{"rendered":"<p><strong>Envio congelado.<\/strong><\/p>\n<p class=\"p1\"><span class=\"s1\">Filete de salm\u00e3o de primeira qualidade, sem pele, congelado e embalado em v\u00e1cuo. Perfeito para preparar no forno ou no churrasco. <\/span><\/p>\n<p data-pm-slice=\"1 1 [\"list\",{},\"list_item\",{\"indent\":1,\"type\":\"numbered\"}]\">Cada pe\u00e7a tem um pre\u00e7o que varia de acordo com o peso de cada filete. Para comprar este produto, contacta-nos para que te possamos dar o pre\u00e7o exato e o peso das pe\u00e7as que temos dispon\u00edveis para ti. <\/p>\n","protected":false},"featured_media":7972,"comment_status":"open","ping_status":"closed","template":"","meta":{"_acf_changed":false,"inline_featured_image":false,"_joinchat":[]},"product_brand":[],"product_cat":[222],"product_tag":[225,226,223],"class_list":{"0":"post-8030","1":"product","2":"type-product","3":"status-publish","4":"has-post-thumbnail","6":"product_cat-salmao-fresco","7":"product_tag-congelado-pt","8":"product_tag-salmao-com-pele-pt","9":"product_tag-salmao-cru","11":"first","12":"instock","13":"taxable","14":"shipping-taxable","15":"product-type-simple"},"acf":[],"yoast_head":"<!-- This site is optimized with the Yoast SEO plugin v27.3 - https:\/\/yoast.com\/product\/yoast-seo-wordpress\/ -->\n<title>Filetes de salm\u00e3o de tamanho 6-7 - The Salmon Market<\/title>\n<meta name=\"description\" content=\"Filete de salm\u00e3o de qualidade superior, tamanho 6-7. Com pele, congelado e embalado em v\u00e1cuo, perfeito para preparar no forno ou no churrasco.\" \/>\n<meta name=\"robots\" content=\"noindex, follow\" \/>\n<meta property=\"og:locale\" content=\"pt_PT\" \/>\n<meta property=\"og:type\" content=\"article\" \/>\n<meta property=\"og:title\" content=\"Filetes de salm\u00e3o de tamanho 6-7 - The Salmon Market\" \/>\n<meta property=\"og:description\" content=\"Filete de salm\u00e3o de qualidade superior, tamanho 6-7. Com pele, congelado e embalado em v\u00e1cuo, perfeito para preparar no forno ou no churrasco.\" \/>\n<meta property=\"og:url\" content=\"https:\/\/thesalmonmarket.com\/pt\/produto\/filete-de-salmao-tamanho-6-7\/\" \/>\n<meta property=\"og:site_name\" content=\"The Salmon Market\" \/>\n<meta property=\"article:modified_time\" content=\"2026-04-14T08:30:37+00:00\" \/>\n<meta property=\"og:image\" content=\"https:\/\/thesalmonmarket.com\/wp-content\/uploads\/2021\/11\/The-Salmon-Marketsalmon-ahumado-filete-3.jpg\" \/>\n\t<meta property=\"og:image:width\" content=\"800\" \/>\n\t<meta property=\"og:image:height\" content=\"800\" \/>\n\t<meta property=\"og:image:type\" content=\"image\/jpeg\" \/>\n<meta name=\"twitter:card\" content=\"summary_large_image\" \/>\n<script type=\"application\/ld+json\" class=\"yoast-schema-graph\">{\"@context\":\"https:\\\/\\\/schema.org\",\"@graph\":[{\"@type\":\"WebPage\",\"@id\":\"https:\\\/\\\/thesalmonmarket.com\\\/pt\\\/produto\\\/filete-de-salmao-tamanho-6-7\\\/\",\"url\":\"https:\\\/\\\/thesalmonmarket.com\\\/pt\\\/produto\\\/filete-de-salmao-tamanho-6-7\\\/\",\"name\":\"Filetes de salm\u00e3o de tamanho 6-7 - The Salmon Market\",\"isPartOf\":{\"@id\":\"https:\\\/\\\/thesalmonmarket.com\\\/pt\\\/#website\"},\"primaryImageOfPage\":{\"@id\":\"https:\\\/\\\/thesalmonmarket.com\\\/pt\\\/produto\\\/filete-de-salmao-tamanho-6-7\\\/#primaryimage\"},\"image\":{\"@id\":\"https:\\\/\\\/thesalmonmarket.com\\\/pt\\\/produto\\\/filete-de-salmao-tamanho-6-7\\\/#primaryimage\"},\"thumbnailUrl\":\"https:\\\/\\\/thesalmonmarket.com\\\/wp-content\\\/uploads\\\/2021\\\/11\\\/The-Salmon-Marketsalmon-ahumado-filete-3.jpg\",\"datePublished\":\"2021-03-31T07:17:17+00:00\",\"dateModified\":\"2026-04-14T08:30:37+00:00\",\"description\":\"Filete de salm\u00e3o de qualidade superior, tamanho 6-7. Com pele, congelado e embalado em v\u00e1cuo, perfeito para preparar no forno ou no churrasco.\",\"breadcrumb\":{\"@id\":\"https:\\\/\\\/thesalmonmarket.com\\\/pt\\\/produto\\\/filete-de-salmao-tamanho-6-7\\\/#breadcrumb\"},\"inLanguage\":\"pt\",\"potentialAction\":[{\"@type\":\"ReadAction\",\"target\":[\"https:\\\/\\\/thesalmonmarket.com\\\/pt\\\/produto\\\/filete-de-salmao-tamanho-6-7\\\/\"]}]},{\"@type\":\"ImageObject\",\"inLanguage\":\"pt\",\"@id\":\"https:\\\/\\\/thesalmonmarket.com\\\/pt\\\/produto\\\/filete-de-salmao-tamanho-6-7\\\/#primaryimage\",\"url\":\"https:\\\/\\\/thesalmonmarket.com\\\/wp-content\\\/uploads\\\/2021\\\/11\\\/The-Salmon-Marketsalmon-ahumado-filete-3.jpg\",\"contentUrl\":\"https:\\\/\\\/thesalmonmarket.com\\\/wp-content\\\/uploads\\\/2021\\\/11\\\/The-Salmon-Marketsalmon-ahumado-filete-3.jpg\",\"width\":800,\"height\":800,\"caption\":\"Filete de salm\u00e3o\"},{\"@type\":\"BreadcrumbList\",\"@id\":\"https:\\\/\\\/thesalmonmarket.com\\\/pt\\\/produto\\\/filete-de-salmao-tamanho-6-7\\\/#breadcrumb\",\"itemListElement\":[{\"@type\":\"ListItem\",\"position\":1,\"name\":\"Portada\",\"item\":\"https:\\\/\\\/thesalmonmarket.com\\\/pt\\\/casa\\\/\"},{\"@type\":\"ListItem\",\"position\":2,\"name\":\"Shop\",\"item\":\"https:\\\/\\\/thesalmonmarket.com\\\/pt\\\/shop\\\/\"},{\"@type\":\"ListItem\",\"position\":3,\"name\":\"Filetes de salm\u00e3o de tamanho 6-7\"}]},{\"@type\":\"WebSite\",\"@id\":\"https:\\\/\\\/thesalmonmarket.com\\\/pt\\\/#website\",\"url\":\"https:\\\/\\\/thesalmonmarket.com\\\/pt\\\/\",\"name\":\"The Salmon Market\",\"description\":\"Tienda online de salm\u00f3n ahumado y fresco\",\"potentialAction\":[{\"@type\":\"SearchAction\",\"target\":{\"@type\":\"EntryPoint\",\"urlTemplate\":\"https:\\\/\\\/thesalmonmarket.com\\\/pt\\\/?s={search_term_string}\"},\"query-input\":{\"@type\":\"PropertyValueSpecification\",\"valueRequired\":true,\"valueName\":\"search_term_string\"}}],\"inLanguage\":\"pt\"}]}<\/script>\n<!-- \/ Yoast SEO plugin. -->","yoast_head_json":{"title":"Filetes de salm\u00e3o de tamanho 6-7 - The Salmon Market","description":"Filete de salm\u00e3o de qualidade superior, tamanho 6-7. Com pele, congelado e embalado em v\u00e1cuo, perfeito para preparar no forno ou no churrasco.","robots":{"index":"noindex","follow":"follow"},"og_locale":"pt_PT","og_type":"article","og_title":"Filetes de salm\u00e3o de tamanho 6-7 - The Salmon Market","og_description":"Filete de salm\u00e3o de qualidade superior, tamanho 6-7. Com pele, congelado e embalado em v\u00e1cuo, perfeito para preparar no forno ou no churrasco.","og_url":"https:\/\/thesalmonmarket.com\/pt\/produto\/filete-de-salmao-tamanho-6-7\/","og_site_name":"The Salmon Market","article_modified_time":"2026-04-14T08:30:37+00:00","og_image":[{"width":800,"height":800,"url":"https:\/\/thesalmonmarket.com\/wp-content\/uploads\/2021\/11\/The-Salmon-Marketsalmon-ahumado-filete-3.jpg","type":"image\/jpeg"}],"twitter_card":"summary_large_image","schema":{"@context":"https:\/\/schema.org","@graph":[{"@type":"WebPage","@id":"https:\/\/thesalmonmarket.com\/pt\/produto\/filete-de-salmao-tamanho-6-7\/","url":"https:\/\/thesalmonmarket.com\/pt\/produto\/filete-de-salmao-tamanho-6-7\/","name":"Filetes de salm\u00e3o de tamanho 6-7 - The Salmon Market","isPartOf":{"@id":"https:\/\/thesalmonmarket.com\/pt\/#website"},"primaryImageOfPage":{"@id":"https:\/\/thesalmonmarket.com\/pt\/produto\/filete-de-salmao-tamanho-6-7\/#primaryimage"},"image":{"@id":"https:\/\/thesalmonmarket.com\/pt\/produto\/filete-de-salmao-tamanho-6-7\/#primaryimage"},"thumbnailUrl":"https:\/\/thesalmonmarket.com\/wp-content\/uploads\/2021\/11\/The-Salmon-Marketsalmon-ahumado-filete-3.jpg","datePublished":"2021-03-31T07:17:17+00:00","dateModified":"2026-04-14T08:30:37+00:00","description":"Filete de salm\u00e3o de qualidade superior, tamanho 6-7. Com pele, congelado e embalado em v\u00e1cuo, perfeito para preparar no forno ou no churrasco.","breadcrumb":{"@id":"https:\/\/thesalmonmarket.com\/pt\/produto\/filete-de-salmao-tamanho-6-7\/#breadcrumb"},"inLanguage":"pt","potentialAction":[{"@type":"ReadAction","target":["https:\/\/thesalmonmarket.com\/pt\/produto\/filete-de-salmao-tamanho-6-7\/"]}]},{"@type":"ImageObject","inLanguage":"pt","@id":"https:\/\/thesalmonmarket.com\/pt\/produto\/filete-de-salmao-tamanho-6-7\/#primaryimage","url":"https:\/\/thesalmonmarket.com\/wp-content\/uploads\/2021\/11\/The-Salmon-Marketsalmon-ahumado-filete-3.jpg","contentUrl":"https:\/\/thesalmonmarket.com\/wp-content\/uploads\/2021\/11\/The-Salmon-Marketsalmon-ahumado-filete-3.jpg","width":800,"height":800,"caption":"Filete de salm\u00e3o"},{"@type":"BreadcrumbList","@id":"https:\/\/thesalmonmarket.com\/pt\/produto\/filete-de-salmao-tamanho-6-7\/#breadcrumb","itemListElement":[{"@type":"ListItem","position":1,"name":"Portada","item":"https:\/\/thesalmonmarket.com\/pt\/casa\/"},{"@type":"ListItem","position":2,"name":"Shop","item":"https:\/\/thesalmonmarket.com\/pt\/shop\/"},{"@type":"ListItem","position":3,"name":"Filetes de salm\u00e3o de tamanho 6-7"}]},{"@type":"WebSite","@id":"https:\/\/thesalmonmarket.com\/pt\/#website","url":"https:\/\/thesalmonmarket.com\/pt\/","name":"The Salmon Market","description":"Tienda online de salm\u00f3n ahumado y fresco","potentialAction":[{"@type":"SearchAction","target":{"@type":"EntryPoint","urlTemplate":"https:\/\/thesalmonmarket.com\/pt\/?s={search_term_string}"},"query-input":{"@type":"PropertyValueSpecification","valueRequired":true,"valueName":"search_term_string"}}],"inLanguage":"pt"}]}},"_links":{"self":[{"href":"https:\/\/thesalmonmarket.com\/pt\/wp-json\/wp\/v2\/product\/8030","targetHints":{"allow":["GET"]}}],"collection":[{"href":"https:\/\/thesalmonmarket.com\/pt\/wp-json\/wp\/v2\/product"}],"about":[{"href":"https:\/\/thesalmonmarket.com\/pt\/wp-json\/wp\/v2\/types\/product"}],"replies":[{"embeddable":true,"href":"https:\/\/thesalmonmarket.com\/pt\/wp-json\/wp\/v2\/comments?post=8030"}],"wp:featuredmedia":[{"embeddable":true,"href":"https:\/\/thesalmonmarket.com\/pt\/wp-json\/wp\/v2\/media\/7972"}],"wp:attachment":[{"href":"https:\/\/thesalmonmarket.com\/pt\/wp-json\/wp\/v2\/media?parent=8030"}],"wp:term":[{"taxonomy":"product_brand","embeddable":true,"href":"https:\/\/thesalmonmarket.com\/pt\/wp-json\/wp\/v2\/product_brand?post=8030"},{"taxonomy":"product_cat","embeddable":true,"href":"https:\/\/thesalmonmarket.com\/pt\/wp-json\/wp\/v2\/product_cat?post=8030"},{"taxonomy":"product_tag","embeddable":true,"href":"https:\/\/thesalmonmarket.com\/pt\/wp-json\/wp\/v2\/product_tag?post=8030"}],"curies":[{"name":"wp","href":"https:\/\/api.w.org\/{rel}","templated":true}]}}