{"id":8026,"date":"2021-12-01T12:43:19","date_gmt":"2021-12-01T11:43:19","guid":{"rendered":"https:\/\/thesalmonmarket.com\/producto\/salmao-gravad-lax-200-g\/"},"modified":"2026-02-20T12:59:43","modified_gmt":"2026-02-20T11:59:43","slug":"salmao-gravad-lax","status":"publish","type":"product","link":"https:\/\/thesalmonmarket.com\/pt\/produto\/salmao-gravad-lax\/","title":{"rendered":"Salm\u00e3o marinado 200g em fatias Gravlax"},"content":{"rendered":"<p>Este produto \u00e9 enviado refrigerado a uma temperatura controlada para garantir a m\u00e1xima qualidade da tua encomenda.<\/p>\n<p><strong>Conselhos de armazenamento: <\/strong>Entre 0\u00baC e 4\u00baC.<\/p>\n<p><strong>Produto previamente descongelado<\/strong>.<\/p>\n","protected":false},"excerpt":{"rendered":"<p>Salm\u00e3o fumado de qualidade superior em fatias, marinado numa crosta de sal grosso, a\u00e7\u00facar e ervas arom\u00e1ticas.<strong>  Perfeito para dar um sabor extra aos teus bagels, tostas ou canap\u00e9s.<\/strong><\/p>\n","protected":false},"featured_media":9195,"comment_status":"open","ping_status":"closed","template":"","meta":{"_acf_changed":false,"inline_featured_image":false,"_joinchat":[]},"product_brand":[],"product_cat":[218],"product_tag":[221,227],"class_list":{"0":"post-8026","1":"product","2":"type-product","3":"status-publish","4":"has-post-thumbnail","6":"product_cat-salmao-fumado","7":"product_tag-descongelacao","8":"product_tag-salmao-marinado","10":"first","11":"instock","12":"taxable","13":"shipping-taxable","14":"purchasable","15":"product-type-simple"},"acf":[],"yoast_head":"<!-- This site is optimized with the Yoast SEO plugin v27.3 - https:\/\/yoast.com\/product\/yoast-seo-wordpress\/ -->\n<title>Salm\u00e3o marinado 200g em fatias Gravlax - Gravlax - The Salmon Market<\/title>\n<meta name=\"description\" content=\"Por\u00e7\u00f5es de salm\u00e3o fumado de primeira qualidade marinadas numa crosta de sal grosso, a\u00e7\u00facar e ervas. Ideal para assar ou para bagels, canap\u00e9s, etc.\" \/>\n<meta name=\"robots\" content=\"index, follow, max-snippet:-1, max-image-preview:large, max-video-preview:-1\" \/>\n<link rel=\"canonical\" href=\"https:\/\/thesalmonmarket.com\/pt\/produto\/salmao-gravad-lax\/\" \/>\n<meta property=\"og:locale\" content=\"pt_PT\" \/>\n<meta property=\"og:type\" content=\"article\" \/>\n<meta property=\"og:title\" content=\"Salm\u00e3o Gravad Lax - The Salmon Market\" \/>\n<meta property=\"og:description\" content=\"Por\u00e7\u00f5es de salm\u00e3o fumado de primeira qualidade marinadas numa crosta de sal grosso, a\u00e7\u00facar e ervas. Ideal para assar ou para bagels, canap\u00e9s, etc.\" \/>\n<meta property=\"og:url\" content=\"https:\/\/thesalmonmarket.com\/pt\/produto\/salmao-gravad-lax\/\" \/>\n<meta property=\"og:site_name\" content=\"The Salmon Market\" \/>\n<meta property=\"article:modified_time\" content=\"2026-02-20T11:59:43+00:00\" \/>\n<meta property=\"og:image\" content=\"https:\/\/thesalmonmarket.com\/wp-content\/uploads\/2021\/12\/The-Salmo\u0301n-Market-Salmon-Gravlax-1-300x300.jpg\" \/>\n<meta name=\"twitter:card\" content=\"summary_large_image\" \/>\n<script type=\"application\/ld+json\" class=\"yoast-schema-graph\">{\"@context\":\"https:\\\/\\\/schema.org\",\"@graph\":[{\"@type\":\"WebPage\",\"@id\":\"https:\\\/\\\/thesalmonmarket.com\\\/pt\\\/produto\\\/salmao-gravad-lax\\\/\",\"url\":\"https:\\\/\\\/thesalmonmarket.com\\\/pt\\\/produto\\\/salmao-gravad-lax\\\/\",\"name\":\"Salm\u00e3o marinado 200g em fatias Gravlax - Gravlax - The Salmon Market\",\"isPartOf\":{\"@id\":\"https:\\\/\\\/thesalmonmarket.com\\\/pt\\\/#website\"},\"primaryImageOfPage\":{\"@id\":\"https:\\\/\\\/thesalmonmarket.com\\\/pt\\\/produto\\\/salmao-gravad-lax\\\/#primaryimage\"},\"image\":{\"@id\":\"https:\\\/\\\/thesalmonmarket.com\\\/pt\\\/produto\\\/salmao-gravad-lax\\\/#primaryimage\"},\"thumbnailUrl\":\"https:\\\/\\\/thesalmonmarket.com\\\/wp-content\\\/uploads\\\/2021\\\/12\\\/salmon-marinado-gravlax.jpg\",\"datePublished\":\"2021-12-01T11:43:19+00:00\",\"dateModified\":\"2026-02-20T11:59:43+00:00\",\"description\":\"Por\u00e7\u00f5es de salm\u00e3o fumado de primeira qualidade marinadas numa crosta de sal grosso, a\u00e7\u00facar e ervas. Ideal para assar ou para bagels, canap\u00e9s, etc.\",\"breadcrumb\":{\"@id\":\"https:\\\/\\\/thesalmonmarket.com\\\/pt\\\/produto\\\/salmao-gravad-lax\\\/#breadcrumb\"},\"inLanguage\":\"pt\",\"potentialAction\":[{\"@type\":\"ReadAction\",\"target\":[\"https:\\\/\\\/thesalmonmarket.com\\\/pt\\\/produto\\\/salmao-gravad-lax\\\/\"]}]},{\"@type\":\"ImageObject\",\"inLanguage\":\"pt\",\"@id\":\"https:\\\/\\\/thesalmonmarket.com\\\/pt\\\/produto\\\/salmao-gravad-lax\\\/#primaryimage\",\"url\":\"https:\\\/\\\/thesalmonmarket.com\\\/wp-content\\\/uploads\\\/2021\\\/12\\\/salmon-marinado-gravlax.jpg\",\"contentUrl\":\"https:\\\/\\\/thesalmonmarket.com\\\/wp-content\\\/uploads\\\/2021\\\/12\\\/salmon-marinado-gravlax.jpg\",\"width\":800,\"height\":800,\"caption\":\"Gravlax de salm\u00e3o marinado\"},{\"@type\":\"BreadcrumbList\",\"@id\":\"https:\\\/\\\/thesalmonmarket.com\\\/pt\\\/produto\\\/salmao-gravad-lax\\\/#breadcrumb\",\"itemListElement\":[{\"@type\":\"ListItem\",\"position\":1,\"name\":\"Portada\",\"item\":\"https:\\\/\\\/thesalmonmarket.com\\\/pt\\\/casa\\\/\"},{\"@type\":\"ListItem\",\"position\":2,\"name\":\"Shop\",\"item\":\"https:\\\/\\\/thesalmonmarket.com\\\/pt\\\/shop\\\/\"},{\"@type\":\"ListItem\",\"position\":3,\"name\":\"Salm\u00e3o marinado 200g em fatias Gravlax\"}]},{\"@type\":\"WebSite\",\"@id\":\"https:\\\/\\\/thesalmonmarket.com\\\/pt\\\/#website\",\"url\":\"https:\\\/\\\/thesalmonmarket.com\\\/pt\\\/\",\"name\":\"The Salmon Market\",\"description\":\"Tienda online de salm\u00f3n ahumado y fresco\",\"potentialAction\":[{\"@type\":\"SearchAction\",\"target\":{\"@type\":\"EntryPoint\",\"urlTemplate\":\"https:\\\/\\\/thesalmonmarket.com\\\/pt\\\/?s={search_term_string}\"},\"query-input\":{\"@type\":\"PropertyValueSpecification\",\"valueRequired\":true,\"valueName\":\"search_term_string\"}}],\"inLanguage\":\"pt\"}]}<\/script>\n<!-- \/ Yoast SEO plugin. -->","yoast_head_json":{"title":"Salm\u00e3o marinado 200g em fatias Gravlax - Gravlax - The Salmon Market","description":"Por\u00e7\u00f5es de salm\u00e3o fumado de primeira qualidade marinadas numa crosta de sal grosso, a\u00e7\u00facar e ervas. Ideal para assar ou para bagels, canap\u00e9s, etc.","robots":{"index":"index","follow":"follow","max-snippet":"max-snippet:-1","max-image-preview":"max-image-preview:large","max-video-preview":"max-video-preview:-1"},"canonical":"https:\/\/thesalmonmarket.com\/pt\/produto\/salmao-gravad-lax\/","og_locale":"pt_PT","og_type":"article","og_title":"Salm\u00e3o Gravad Lax - The Salmon Market","og_description":"Por\u00e7\u00f5es de salm\u00e3o fumado de primeira qualidade marinadas numa crosta de sal grosso, a\u00e7\u00facar e ervas. Ideal para assar ou para bagels, canap\u00e9s, etc.","og_url":"https:\/\/thesalmonmarket.com\/pt\/produto\/salmao-gravad-lax\/","og_site_name":"The Salmon Market","article_modified_time":"2026-02-20T11:59:43+00:00","og_image":[{"url":"https:\/\/thesalmonmarket.com\/wp-content\/uploads\/2021\/12\/The-Salmo\u0301n-Market-Salmon-Gravlax-1-300x300.jpg","type":"","width":"","height":""}],"twitter_card":"summary_large_image","schema":{"@context":"https:\/\/schema.org","@graph":[{"@type":"WebPage","@id":"https:\/\/thesalmonmarket.com\/pt\/produto\/salmao-gravad-lax\/","url":"https:\/\/thesalmonmarket.com\/pt\/produto\/salmao-gravad-lax\/","name":"Salm\u00e3o marinado 200g em fatias Gravlax - Gravlax - The Salmon Market","isPartOf":{"@id":"https:\/\/thesalmonmarket.com\/pt\/#website"},"primaryImageOfPage":{"@id":"https:\/\/thesalmonmarket.com\/pt\/produto\/salmao-gravad-lax\/#primaryimage"},"image":{"@id":"https:\/\/thesalmonmarket.com\/pt\/produto\/salmao-gravad-lax\/#primaryimage"},"thumbnailUrl":"https:\/\/thesalmonmarket.com\/wp-content\/uploads\/2021\/12\/salmon-marinado-gravlax.jpg","datePublished":"2021-12-01T11:43:19+00:00","dateModified":"2026-02-20T11:59:43+00:00","description":"Por\u00e7\u00f5es de salm\u00e3o fumado de primeira qualidade marinadas numa crosta de sal grosso, a\u00e7\u00facar e ervas. Ideal para assar ou para bagels, canap\u00e9s, etc.","breadcrumb":{"@id":"https:\/\/thesalmonmarket.com\/pt\/produto\/salmao-gravad-lax\/#breadcrumb"},"inLanguage":"pt","potentialAction":[{"@type":"ReadAction","target":["https:\/\/thesalmonmarket.com\/pt\/produto\/salmao-gravad-lax\/"]}]},{"@type":"ImageObject","inLanguage":"pt","@id":"https:\/\/thesalmonmarket.com\/pt\/produto\/salmao-gravad-lax\/#primaryimage","url":"https:\/\/thesalmonmarket.com\/wp-content\/uploads\/2021\/12\/salmon-marinado-gravlax.jpg","contentUrl":"https:\/\/thesalmonmarket.com\/wp-content\/uploads\/2021\/12\/salmon-marinado-gravlax.jpg","width":800,"height":800,"caption":"Gravlax de salm\u00e3o marinado"},{"@type":"BreadcrumbList","@id":"https:\/\/thesalmonmarket.com\/pt\/produto\/salmao-gravad-lax\/#breadcrumb","itemListElement":[{"@type":"ListItem","position":1,"name":"Portada","item":"https:\/\/thesalmonmarket.com\/pt\/casa\/"},{"@type":"ListItem","position":2,"name":"Shop","item":"https:\/\/thesalmonmarket.com\/pt\/shop\/"},{"@type":"ListItem","position":3,"name":"Salm\u00e3o marinado 200g em fatias Gravlax"}]},{"@type":"WebSite","@id":"https:\/\/thesalmonmarket.com\/pt\/#website","url":"https:\/\/thesalmonmarket.com\/pt\/","name":"The Salmon Market","description":"Tienda online de salm\u00f3n ahumado y fresco","potentialAction":[{"@type":"SearchAction","target":{"@type":"EntryPoint","urlTemplate":"https:\/\/thesalmonmarket.com\/pt\/?s={search_term_string}"},"query-input":{"@type":"PropertyValueSpecification","valueRequired":true,"valueName":"search_term_string"}}],"inLanguage":"pt"}]}},"_links":{"self":[{"href":"https:\/\/thesalmonmarket.com\/pt\/wp-json\/wp\/v2\/product\/8026","targetHints":{"allow":["GET"]}}],"collection":[{"href":"https:\/\/thesalmonmarket.com\/pt\/wp-json\/wp\/v2\/product"}],"about":[{"href":"https:\/\/thesalmonmarket.com\/pt\/wp-json\/wp\/v2\/types\/product"}],"replies":[{"embeddable":true,"href":"https:\/\/thesalmonmarket.com\/pt\/wp-json\/wp\/v2\/comments?post=8026"}],"wp:featuredmedia":[{"embeddable":true,"href":"https:\/\/thesalmonmarket.com\/pt\/wp-json\/wp\/v2\/media\/9195"}],"wp:attachment":[{"href":"https:\/\/thesalmonmarket.com\/pt\/wp-json\/wp\/v2\/media?parent=8026"}],"wp:term":[{"taxonomy":"product_brand","embeddable":true,"href":"https:\/\/thesalmonmarket.com\/pt\/wp-json\/wp\/v2\/product_brand?post=8026"},{"taxonomy":"product_cat","embeddable":true,"href":"https:\/\/thesalmonmarket.com\/pt\/wp-json\/wp\/v2\/product_cat?post=8026"},{"taxonomy":"product_tag","embeddable":true,"href":"https:\/\/thesalmonmarket.com\/pt\/wp-json\/wp\/v2\/product_tag?post=8026"}],"curies":[{"name":"wp","href":"https:\/\/api.w.org\/{rel}","templated":true}]}}