{"id":8013,"date":"2021-03-31T09:11:36","date_gmt":"2021-03-31T07:11:36","guid":{"rendered":"https:\/\/thesalmonmarket.com\/producto\/porcoes-de-salmao-fumado-quente-200-g\/"},"modified":"2026-02-20T13:50:31","modified_gmt":"2026-02-20T12:50:31","slug":"porcoes-de-salmao-fumado-quente","status":"publish","type":"product","link":"https:\/\/thesalmonmarket.com\/pt\/produto\/porcoes-de-salmao-fumado-quente\/","title":{"rendered":"Por\u00e7\u00f5es de salm\u00e3o fumado quente 200 g"},"content":{"rendered":"<p>Este produto \u00e9 enviado refrigerado a uma temperatura controlada para garantir a m\u00e1xima qualidade da tua encomenda.<\/p>\n<p><strong>Conselhos de armazenamento: <\/strong>Entre 0\u00baC e 4\u00baC.<\/p>\n<p><strong>Produto previamente descongelado<\/strong>.<\/p>\n","protected":false},"excerpt":{"rendered":"<p><strong>200 g<\/strong><\/p>\n<p>Por\u00e7\u00f5es de salm\u00e3o premium fumado lentamente a uma temperatura entre 60\u00baC - 80\u00baC e  <span class=\"s1\">seguindo o m\u00e9todo tradicional das aldeias do norte da Noruega. Pronto a servir, \u00e9 a escolha perfeita para as tuas receitas quentes ou frias. <\/span><\/p>\n","protected":false},"featured_media":9306,"comment_status":"open","ping_status":"closed","template":"","meta":{"_acf_changed":false,"inline_featured_image":false,"_joinchat":[]},"product_brand":[],"product_cat":[218],"product_tag":[221,226],"class_list":{"0":"post-8013","1":"product","2":"type-product","3":"status-publish","4":"has-post-thumbnail","6":"product_cat-salmao-fumado","7":"product_tag-descongelacao","8":"product_tag-salmao-com-pele-pt","10":"first","11":"instock","12":"taxable","13":"shipping-taxable","14":"purchasable","15":"product-type-simple"},"acf":[],"yoast_head":"<!-- This site is optimized with the Yoast SEO plugin v27.3 - https:\/\/yoast.com\/product\/yoast-seo-wordpress\/ -->\n<title>Por\u00e7\u00f5es de salm\u00e3o fumado quente - The Salmon Market<\/title>\n<meta name=\"description\" content=\"Por\u00e7\u00f5es de salm\u00e3o de primeira qualidade fumado lentamente a uma temperatura de 60-80\u00ba, de acordo com o m\u00e9todo tradicional das aldeias do norte da Noruega.\" \/>\n<meta name=\"robots\" content=\"index, follow, max-snippet:-1, max-image-preview:large, max-video-preview:-1\" \/>\n<link rel=\"canonical\" href=\"https:\/\/thesalmonmarket.com\/pt\/produto\/porcoes-de-salmao-fumado-quente\/\" \/>\n<meta property=\"og:locale\" content=\"pt_PT\" \/>\n<meta property=\"og:type\" content=\"article\" \/>\n<meta property=\"og:title\" content=\"Por\u00e7\u00f5es de salm\u00e3o fumado quente - The Salmon Market\" \/>\n<meta property=\"og:description\" content=\"Por\u00e7\u00f5es de salm\u00e3o de primeira qualidade fumado lentamente a uma temperatura de 60-80\u00ba, de acordo com o m\u00e9todo tradicional das aldeias do norte da Noruega.\" \/>\n<meta property=\"og:url\" content=\"https:\/\/thesalmonmarket.com\/pt\/produto\/porcoes-de-salmao-fumado-quente\/\" \/>\n<meta property=\"og:site_name\" content=\"The Salmon Market\" \/>\n<meta property=\"article:modified_time\" content=\"2026-02-20T12:50:31+00:00\" \/>\n<meta property=\"og:image\" content=\"https:\/\/thesalmonmarket.com\/wp-content\/uploads\/2021\/03\/MG_6001-1.jpg\" \/>\n\t<meta property=\"og:image:width\" content=\"642\" \/>\n\t<meta property=\"og:image:height\" content=\"642\" \/>\n\t<meta property=\"og:image:type\" content=\"image\/jpeg\" \/>\n<meta name=\"twitter:card\" content=\"summary_large_image\" \/>\n<script type=\"application\/ld+json\" class=\"yoast-schema-graph\">{\"@context\":\"https:\\\/\\\/schema.org\",\"@graph\":[{\"@type\":\"WebPage\",\"@id\":\"https:\\\/\\\/thesalmonmarket.com\\\/pt\\\/produto\\\/porcoes-de-salmao-fumado-quente\\\/\",\"url\":\"https:\\\/\\\/thesalmonmarket.com\\\/pt\\\/produto\\\/porcoes-de-salmao-fumado-quente\\\/\",\"name\":\"Por\u00e7\u00f5es de salm\u00e3o fumado quente - The Salmon Market\",\"isPartOf\":{\"@id\":\"https:\\\/\\\/thesalmonmarket.com\\\/pt\\\/#website\"},\"primaryImageOfPage\":{\"@id\":\"https:\\\/\\\/thesalmonmarket.com\\\/pt\\\/produto\\\/porcoes-de-salmao-fumado-quente\\\/#primaryimage\"},\"image\":{\"@id\":\"https:\\\/\\\/thesalmonmarket.com\\\/pt\\\/produto\\\/porcoes-de-salmao-fumado-quente\\\/#primaryimage\"},\"thumbnailUrl\":\"https:\\\/\\\/thesalmonmarket.com\\\/wp-content\\\/uploads\\\/2021\\\/03\\\/MG_6001-1.jpg\",\"datePublished\":\"2021-03-31T07:11:36+00:00\",\"dateModified\":\"2026-02-20T12:50:31+00:00\",\"description\":\"Por\u00e7\u00f5es de salm\u00e3o de primeira qualidade fumado lentamente a uma temperatura de 60-80\u00ba, de acordo com o m\u00e9todo tradicional das aldeias do norte da Noruega.\",\"breadcrumb\":{\"@id\":\"https:\\\/\\\/thesalmonmarket.com\\\/pt\\\/produto\\\/porcoes-de-salmao-fumado-quente\\\/#breadcrumb\"},\"inLanguage\":\"pt\",\"potentialAction\":[{\"@type\":\"ReadAction\",\"target\":[\"https:\\\/\\\/thesalmonmarket.com\\\/pt\\\/produto\\\/porcoes-de-salmao-fumado-quente\\\/\"]}]},{\"@type\":\"ImageObject\",\"inLanguage\":\"pt\",\"@id\":\"https:\\\/\\\/thesalmonmarket.com\\\/pt\\\/produto\\\/porcoes-de-salmao-fumado-quente\\\/#primaryimage\",\"url\":\"https:\\\/\\\/thesalmonmarket.com\\\/wp-content\\\/uploads\\\/2021\\\/03\\\/MG_6001-1.jpg\",\"contentUrl\":\"https:\\\/\\\/thesalmonmarket.com\\\/wp-content\\\/uploads\\\/2021\\\/03\\\/MG_6001-1.jpg\",\"width\":642,\"height\":642},{\"@type\":\"BreadcrumbList\",\"@id\":\"https:\\\/\\\/thesalmonmarket.com\\\/pt\\\/produto\\\/porcoes-de-salmao-fumado-quente\\\/#breadcrumb\",\"itemListElement\":[{\"@type\":\"ListItem\",\"position\":1,\"name\":\"Portada\",\"item\":\"https:\\\/\\\/thesalmonmarket.com\\\/pt\\\/casa\\\/\"},{\"@type\":\"ListItem\",\"position\":2,\"name\":\"Shop\",\"item\":\"https:\\\/\\\/thesalmonmarket.com\\\/pt\\\/shop\\\/\"},{\"@type\":\"ListItem\",\"position\":3,\"name\":\"Por\u00e7\u00f5es de salm\u00e3o fumado quente 200 g\"}]},{\"@type\":\"WebSite\",\"@id\":\"https:\\\/\\\/thesalmonmarket.com\\\/pt\\\/#website\",\"url\":\"https:\\\/\\\/thesalmonmarket.com\\\/pt\\\/\",\"name\":\"The Salmon Market\",\"description\":\"Tienda online de salm\u00f3n ahumado y fresco\",\"potentialAction\":[{\"@type\":\"SearchAction\",\"target\":{\"@type\":\"EntryPoint\",\"urlTemplate\":\"https:\\\/\\\/thesalmonmarket.com\\\/pt\\\/?s={search_term_string}\"},\"query-input\":{\"@type\":\"PropertyValueSpecification\",\"valueRequired\":true,\"valueName\":\"search_term_string\"}}],\"inLanguage\":\"pt\"}]}<\/script>\n<!-- \/ Yoast SEO plugin. -->","yoast_head_json":{"title":"Por\u00e7\u00f5es de salm\u00e3o fumado quente - The Salmon Market","description":"Por\u00e7\u00f5es de salm\u00e3o de primeira qualidade fumado lentamente a uma temperatura de 60-80\u00ba, de acordo com o m\u00e9todo tradicional das aldeias do norte da Noruega.","robots":{"index":"index","follow":"follow","max-snippet":"max-snippet:-1","max-image-preview":"max-image-preview:large","max-video-preview":"max-video-preview:-1"},"canonical":"https:\/\/thesalmonmarket.com\/pt\/produto\/porcoes-de-salmao-fumado-quente\/","og_locale":"pt_PT","og_type":"article","og_title":"Por\u00e7\u00f5es de salm\u00e3o fumado quente - The Salmon Market","og_description":"Por\u00e7\u00f5es de salm\u00e3o de primeira qualidade fumado lentamente a uma temperatura de 60-80\u00ba, de acordo com o m\u00e9todo tradicional das aldeias do norte da Noruega.","og_url":"https:\/\/thesalmonmarket.com\/pt\/produto\/porcoes-de-salmao-fumado-quente\/","og_site_name":"The Salmon Market","article_modified_time":"2026-02-20T12:50:31+00:00","og_image":[{"width":642,"height":642,"url":"https:\/\/thesalmonmarket.com\/wp-content\/uploads\/2021\/03\/MG_6001-1.jpg","type":"image\/jpeg"}],"twitter_card":"summary_large_image","schema":{"@context":"https:\/\/schema.org","@graph":[{"@type":"WebPage","@id":"https:\/\/thesalmonmarket.com\/pt\/produto\/porcoes-de-salmao-fumado-quente\/","url":"https:\/\/thesalmonmarket.com\/pt\/produto\/porcoes-de-salmao-fumado-quente\/","name":"Por\u00e7\u00f5es de salm\u00e3o fumado quente - The Salmon Market","isPartOf":{"@id":"https:\/\/thesalmonmarket.com\/pt\/#website"},"primaryImageOfPage":{"@id":"https:\/\/thesalmonmarket.com\/pt\/produto\/porcoes-de-salmao-fumado-quente\/#primaryimage"},"image":{"@id":"https:\/\/thesalmonmarket.com\/pt\/produto\/porcoes-de-salmao-fumado-quente\/#primaryimage"},"thumbnailUrl":"https:\/\/thesalmonmarket.com\/wp-content\/uploads\/2021\/03\/MG_6001-1.jpg","datePublished":"2021-03-31T07:11:36+00:00","dateModified":"2026-02-20T12:50:31+00:00","description":"Por\u00e7\u00f5es de salm\u00e3o de primeira qualidade fumado lentamente a uma temperatura de 60-80\u00ba, de acordo com o m\u00e9todo tradicional das aldeias do norte da Noruega.","breadcrumb":{"@id":"https:\/\/thesalmonmarket.com\/pt\/produto\/porcoes-de-salmao-fumado-quente\/#breadcrumb"},"inLanguage":"pt","potentialAction":[{"@type":"ReadAction","target":["https:\/\/thesalmonmarket.com\/pt\/produto\/porcoes-de-salmao-fumado-quente\/"]}]},{"@type":"ImageObject","inLanguage":"pt","@id":"https:\/\/thesalmonmarket.com\/pt\/produto\/porcoes-de-salmao-fumado-quente\/#primaryimage","url":"https:\/\/thesalmonmarket.com\/wp-content\/uploads\/2021\/03\/MG_6001-1.jpg","contentUrl":"https:\/\/thesalmonmarket.com\/wp-content\/uploads\/2021\/03\/MG_6001-1.jpg","width":642,"height":642},{"@type":"BreadcrumbList","@id":"https:\/\/thesalmonmarket.com\/pt\/produto\/porcoes-de-salmao-fumado-quente\/#breadcrumb","itemListElement":[{"@type":"ListItem","position":1,"name":"Portada","item":"https:\/\/thesalmonmarket.com\/pt\/casa\/"},{"@type":"ListItem","position":2,"name":"Shop","item":"https:\/\/thesalmonmarket.com\/pt\/shop\/"},{"@type":"ListItem","position":3,"name":"Por\u00e7\u00f5es de salm\u00e3o fumado quente 200 g"}]},{"@type":"WebSite","@id":"https:\/\/thesalmonmarket.com\/pt\/#website","url":"https:\/\/thesalmonmarket.com\/pt\/","name":"The Salmon Market","description":"Tienda online de salm\u00f3n ahumado y fresco","potentialAction":[{"@type":"SearchAction","target":{"@type":"EntryPoint","urlTemplate":"https:\/\/thesalmonmarket.com\/pt\/?s={search_term_string}"},"query-input":{"@type":"PropertyValueSpecification","valueRequired":true,"valueName":"search_term_string"}}],"inLanguage":"pt"}]}},"_links":{"self":[{"href":"https:\/\/thesalmonmarket.com\/pt\/wp-json\/wp\/v2\/product\/8013","targetHints":{"allow":["GET"]}}],"collection":[{"href":"https:\/\/thesalmonmarket.com\/pt\/wp-json\/wp\/v2\/product"}],"about":[{"href":"https:\/\/thesalmonmarket.com\/pt\/wp-json\/wp\/v2\/types\/product"}],"replies":[{"embeddable":true,"href":"https:\/\/thesalmonmarket.com\/pt\/wp-json\/wp\/v2\/comments?post=8013"}],"wp:featuredmedia":[{"embeddable":true,"href":"https:\/\/thesalmonmarket.com\/pt\/wp-json\/wp\/v2\/media\/9306"}],"wp:attachment":[{"href":"https:\/\/thesalmonmarket.com\/pt\/wp-json\/wp\/v2\/media?parent=8013"}],"wp:term":[{"taxonomy":"product_brand","embeddable":true,"href":"https:\/\/thesalmonmarket.com\/pt\/wp-json\/wp\/v2\/product_brand?post=8013"},{"taxonomy":"product_cat","embeddable":true,"href":"https:\/\/thesalmonmarket.com\/pt\/wp-json\/wp\/v2\/product_cat?post=8013"},{"taxonomy":"product_tag","embeddable":true,"href":"https:\/\/thesalmonmarket.com\/pt\/wp-json\/wp\/v2\/product_tag?post=8013"}],"curies":[{"name":"wp","href":"https:\/\/api.w.org\/{rel}","templated":true}]}}