{"id":7986,"date":"2021-11-15T13:01:06","date_gmt":"2021-11-15T12:01:06","guid":{"rendered":"https:\/\/thesalmonmarket.com\/producto\/fatias-de-salmao-fumado-nao-pre-cortado\/"},"modified":"2025-11-11T16:45:31","modified_gmt":"2025-11-11T15:45:31","slug":"fatia-de-salmao-fumado-tradicional","status":"publish","type":"product","link":"https:\/\/thesalmonmarket.com\/pt\/produto\/fatia-de-salmao-fumado-tradicional\/","title":{"rendered":"Fatias de salm\u00e3o fumado (n\u00e3o pr\u00e9-cortado)"},"content":{"rendered":"<p><strong>Sem cortes e com pele.<\/strong><\/p>\n<p>Este produto \u00e9 enviado refrigerado a uma temperatura controlada para garantir a m\u00e1xima qualidade da tua encomenda.<\/p>\n<p><strong>Conselhos de conserva\u00e7\u00e3o: <\/strong>Entre 1\u00baC e 3\u00baC.<\/p>\n<p><strong>Produto previamente descongelado<\/strong>.<\/p>\n","protected":false},"excerpt":{"rendered":"<p><strong>1,2 - 1,5 kg<\/strong><\/p>\n<p class=\"p2\"><span class=\"s2\">Pe\u00e7a de salm\u00e3o fumado de primeira qualidade com pele e sem pr\u00e9-corte. Ideal para cortar como quiseres: em filetes, cubos, por\u00e7\u00f5es&#8230; e desfrutar de um sabor aut\u00eantico. <\/span><\/p>\n<p class=\"p2\">Cada pe\u00e7a tem um pre\u00e7o que varia consoante o peso, que para este produto varia entre 1,2 e 1,5 kg. Para comprares este produto, contacta-nos para que te possamos indicar o pre\u00e7o e o peso exato das pe\u00e7as que temos dispon\u00edveis para ti. <\/p>\n","protected":false},"featured_media":7972,"comment_status":"open","ping_status":"closed","template":"","meta":{"_acf_changed":false,"inline_featured_image":false,"_joinchat":[]},"product_brand":[],"product_cat":[218],"product_tag":[221,226],"class_list":{"0":"post-7986","1":"product","2":"type-product","3":"status-publish","4":"has-post-thumbnail","6":"product_cat-salmao-fumado","7":"product_tag-descongelacao","8":"product_tag-salmao-com-pele-pt","10":"first","11":"instock","12":"taxable","13":"shipping-taxable","14":"purchasable","15":"product-type-variable"},"acf":[],"yoast_head":"<!-- This site is optimized with the Yoast SEO plugin v27.3 - https:\/\/yoast.com\/product\/yoast-seo-wordpress\/ -->\n<title>Fatias de salm\u00e3o fumado (n\u00e3o pr\u00e9-cortado) - The Salmon Market<\/title>\n<meta name=\"description\" content=\"Pe\u00e7a inteira de 1 kg de salm\u00e3o fumado de qualidade superior com pele. Ideal para cortar como quiseres: filetes, cubos, por\u00e7\u00f5es... e desfrutar de um sabor aut\u00eantico.\" \/>\n<meta name=\"robots\" content=\"index, follow, max-snippet:-1, max-image-preview:large, max-video-preview:-1\" \/>\n<link rel=\"canonical\" href=\"https:\/\/thesalmonmarket.com\/pt\/produto\/fatia-de-salmao-fumado-tradicional\/\" \/>\n<meta property=\"og:locale\" content=\"pt_PT\" \/>\n<meta property=\"og:type\" content=\"article\" \/>\n<meta property=\"og:title\" content=\"Fatias de salm\u00e3o fumado (n\u00e3o pr\u00e9-cortado) - The Salmon Market\" \/>\n<meta property=\"og:description\" content=\"Pe\u00e7a inteira de 1 kg de salm\u00e3o fumado de qualidade superior com pele. Ideal para cortar como quiseres: filetes, cubos, por\u00e7\u00f5es... e desfrutar de um sabor aut\u00eantico.\" \/>\n<meta property=\"og:url\" content=\"https:\/\/thesalmonmarket.com\/pt\/produto\/fatia-de-salmao-fumado-tradicional\/\" \/>\n<meta property=\"og:site_name\" content=\"The Salmon Market\" \/>\n<meta property=\"article:modified_time\" content=\"2025-11-11T15:45:31+00:00\" \/>\n<meta property=\"og:image\" content=\"https:\/\/thesalmonmarket.com\/wp-content\/uploads\/2021\/11\/TheSalmonMarket_Salmon-Ahumado-Premium-1kg.jpg\" \/>\n\t<meta property=\"og:image:width\" content=\"800\" \/>\n\t<meta property=\"og:image:height\" content=\"800\" \/>\n\t<meta property=\"og:image:type\" content=\"image\/jpeg\" \/>\n<meta name=\"twitter:card\" content=\"summary_large_image\" \/>\n<script type=\"application\/ld+json\" class=\"yoast-schema-graph\">{\"@context\":\"https:\\\/\\\/schema.org\",\"@graph\":[{\"@type\":\"WebPage\",\"@id\":\"https:\\\/\\\/thesalmonmarket.com\\\/pt\\\/produto\\\/fatia-de-salmao-fumado-tradicional\\\/\",\"url\":\"https:\\\/\\\/thesalmonmarket.com\\\/pt\\\/produto\\\/fatia-de-salmao-fumado-tradicional\\\/\",\"name\":\"Fatias de salm\u00e3o fumado (n\u00e3o pr\u00e9-cortado) - The Salmon Market\",\"isPartOf\":{\"@id\":\"https:\\\/\\\/thesalmonmarket.com\\\/pt\\\/#website\"},\"primaryImageOfPage\":{\"@id\":\"https:\\\/\\\/thesalmonmarket.com\\\/pt\\\/produto\\\/fatia-de-salmao-fumado-tradicional\\\/#primaryimage\"},\"image\":{\"@id\":\"https:\\\/\\\/thesalmonmarket.com\\\/pt\\\/produto\\\/fatia-de-salmao-fumado-tradicional\\\/#primaryimage\"},\"thumbnailUrl\":\"https:\\\/\\\/thesalmonmarket.com\\\/wp-content\\\/uploads\\\/2021\\\/11\\\/The-Salmon-Marketsalmon-ahumado-filete-3.jpg\",\"datePublished\":\"2021-11-15T12:01:06+00:00\",\"dateModified\":\"2025-11-11T15:45:31+00:00\",\"description\":\"Pe\u00e7a inteira de 1 kg de salm\u00e3o fumado de qualidade superior com pele. Ideal para cortar como quiseres: filetes, cubos, por\u00e7\u00f5es... e desfrutar de um sabor aut\u00eantico.\",\"breadcrumb\":{\"@id\":\"https:\\\/\\\/thesalmonmarket.com\\\/pt\\\/produto\\\/fatia-de-salmao-fumado-tradicional\\\/#breadcrumb\"},\"inLanguage\":\"pt\",\"potentialAction\":[{\"@type\":\"ReadAction\",\"target\":[\"https:\\\/\\\/thesalmonmarket.com\\\/pt\\\/produto\\\/fatia-de-salmao-fumado-tradicional\\\/\"]}]},{\"@type\":\"ImageObject\",\"inLanguage\":\"pt\",\"@id\":\"https:\\\/\\\/thesalmonmarket.com\\\/pt\\\/produto\\\/fatia-de-salmao-fumado-tradicional\\\/#primaryimage\",\"url\":\"https:\\\/\\\/thesalmonmarket.com\\\/wp-content\\\/uploads\\\/2021\\\/11\\\/The-Salmon-Marketsalmon-ahumado-filete-3.jpg\",\"contentUrl\":\"https:\\\/\\\/thesalmonmarket.com\\\/wp-content\\\/uploads\\\/2021\\\/11\\\/The-Salmon-Marketsalmon-ahumado-filete-3.jpg\",\"width\":800,\"height\":800,\"caption\":\"Filete de salm\u00e3o\"},{\"@type\":\"BreadcrumbList\",\"@id\":\"https:\\\/\\\/thesalmonmarket.com\\\/pt\\\/produto\\\/fatia-de-salmao-fumado-tradicional\\\/#breadcrumb\",\"itemListElement\":[{\"@type\":\"ListItem\",\"position\":1,\"name\":\"Portada\",\"item\":\"https:\\\/\\\/thesalmonmarket.com\\\/pt\\\/casa\\\/\"},{\"@type\":\"ListItem\",\"position\":2,\"name\":\"Shop\",\"item\":\"https:\\\/\\\/thesalmonmarket.com\\\/pt\\\/shop\\\/\"},{\"@type\":\"ListItem\",\"position\":3,\"name\":\"Fatias de salm\u00e3o fumado (n\u00e3o pr\u00e9-cortado)\"}]},{\"@type\":\"WebSite\",\"@id\":\"https:\\\/\\\/thesalmonmarket.com\\\/pt\\\/#website\",\"url\":\"https:\\\/\\\/thesalmonmarket.com\\\/pt\\\/\",\"name\":\"The Salmon Market\",\"description\":\"Tienda online de salm\u00f3n ahumado y fresco\",\"potentialAction\":[{\"@type\":\"SearchAction\",\"target\":{\"@type\":\"EntryPoint\",\"urlTemplate\":\"https:\\\/\\\/thesalmonmarket.com\\\/pt\\\/?s={search_term_string}\"},\"query-input\":{\"@type\":\"PropertyValueSpecification\",\"valueRequired\":true,\"valueName\":\"search_term_string\"}}],\"inLanguage\":\"pt\"}]}<\/script>\n<!-- \/ Yoast SEO plugin. -->","yoast_head_json":{"title":"Fatias de salm\u00e3o fumado (n\u00e3o pr\u00e9-cortado) - The Salmon Market","description":"Pe\u00e7a inteira de 1 kg de salm\u00e3o fumado de qualidade superior com pele. Ideal para cortar como quiseres: filetes, cubos, por\u00e7\u00f5es... e desfrutar de um sabor aut\u00eantico.","robots":{"index":"index","follow":"follow","max-snippet":"max-snippet:-1","max-image-preview":"max-image-preview:large","max-video-preview":"max-video-preview:-1"},"canonical":"https:\/\/thesalmonmarket.com\/pt\/produto\/fatia-de-salmao-fumado-tradicional\/","og_locale":"pt_PT","og_type":"article","og_title":"Fatias de salm\u00e3o fumado (n\u00e3o pr\u00e9-cortado) - The Salmon Market","og_description":"Pe\u00e7a inteira de 1 kg de salm\u00e3o fumado de qualidade superior com pele. Ideal para cortar como quiseres: filetes, cubos, por\u00e7\u00f5es... e desfrutar de um sabor aut\u00eantico.","og_url":"https:\/\/thesalmonmarket.com\/pt\/produto\/fatia-de-salmao-fumado-tradicional\/","og_site_name":"The Salmon Market","article_modified_time":"2025-11-11T15:45:31+00:00","og_image":[{"width":800,"height":800,"url":"https:\/\/thesalmonmarket.com\/wp-content\/uploads\/2021\/11\/TheSalmonMarket_Salmon-Ahumado-Premium-1kg.jpg","type":"image\/jpeg"}],"twitter_card":"summary_large_image","schema":{"@context":"https:\/\/schema.org","@graph":[{"@type":"WebPage","@id":"https:\/\/thesalmonmarket.com\/pt\/produto\/fatia-de-salmao-fumado-tradicional\/","url":"https:\/\/thesalmonmarket.com\/pt\/produto\/fatia-de-salmao-fumado-tradicional\/","name":"Fatias de salm\u00e3o fumado (n\u00e3o pr\u00e9-cortado) - The Salmon Market","isPartOf":{"@id":"https:\/\/thesalmonmarket.com\/pt\/#website"},"primaryImageOfPage":{"@id":"https:\/\/thesalmonmarket.com\/pt\/produto\/fatia-de-salmao-fumado-tradicional\/#primaryimage"},"image":{"@id":"https:\/\/thesalmonmarket.com\/pt\/produto\/fatia-de-salmao-fumado-tradicional\/#primaryimage"},"thumbnailUrl":"https:\/\/thesalmonmarket.com\/wp-content\/uploads\/2021\/11\/The-Salmon-Marketsalmon-ahumado-filete-3.jpg","datePublished":"2021-11-15T12:01:06+00:00","dateModified":"2025-11-11T15:45:31+00:00","description":"Pe\u00e7a inteira de 1 kg de salm\u00e3o fumado de qualidade superior com pele. Ideal para cortar como quiseres: filetes, cubos, por\u00e7\u00f5es... e desfrutar de um sabor aut\u00eantico.","breadcrumb":{"@id":"https:\/\/thesalmonmarket.com\/pt\/produto\/fatia-de-salmao-fumado-tradicional\/#breadcrumb"},"inLanguage":"pt","potentialAction":[{"@type":"ReadAction","target":["https:\/\/thesalmonmarket.com\/pt\/produto\/fatia-de-salmao-fumado-tradicional\/"]}]},{"@type":"ImageObject","inLanguage":"pt","@id":"https:\/\/thesalmonmarket.com\/pt\/produto\/fatia-de-salmao-fumado-tradicional\/#primaryimage","url":"https:\/\/thesalmonmarket.com\/wp-content\/uploads\/2021\/11\/The-Salmon-Marketsalmon-ahumado-filete-3.jpg","contentUrl":"https:\/\/thesalmonmarket.com\/wp-content\/uploads\/2021\/11\/The-Salmon-Marketsalmon-ahumado-filete-3.jpg","width":800,"height":800,"caption":"Filete de salm\u00e3o"},{"@type":"BreadcrumbList","@id":"https:\/\/thesalmonmarket.com\/pt\/produto\/fatia-de-salmao-fumado-tradicional\/#breadcrumb","itemListElement":[{"@type":"ListItem","position":1,"name":"Portada","item":"https:\/\/thesalmonmarket.com\/pt\/casa\/"},{"@type":"ListItem","position":2,"name":"Shop","item":"https:\/\/thesalmonmarket.com\/pt\/shop\/"},{"@type":"ListItem","position":3,"name":"Fatias de salm\u00e3o fumado (n\u00e3o pr\u00e9-cortado)"}]},{"@type":"WebSite","@id":"https:\/\/thesalmonmarket.com\/pt\/#website","url":"https:\/\/thesalmonmarket.com\/pt\/","name":"The Salmon Market","description":"Tienda online de salm\u00f3n ahumado y fresco","potentialAction":[{"@type":"SearchAction","target":{"@type":"EntryPoint","urlTemplate":"https:\/\/thesalmonmarket.com\/pt\/?s={search_term_string}"},"query-input":{"@type":"PropertyValueSpecification","valueRequired":true,"valueName":"search_term_string"}}],"inLanguage":"pt"}]}},"_links":{"self":[{"href":"https:\/\/thesalmonmarket.com\/pt\/wp-json\/wp\/v2\/product\/7986","targetHints":{"allow":["GET"]}}],"collection":[{"href":"https:\/\/thesalmonmarket.com\/pt\/wp-json\/wp\/v2\/product"}],"about":[{"href":"https:\/\/thesalmonmarket.com\/pt\/wp-json\/wp\/v2\/types\/product"}],"replies":[{"embeddable":true,"href":"https:\/\/thesalmonmarket.com\/pt\/wp-json\/wp\/v2\/comments?post=7986"}],"wp:featuredmedia":[{"embeddable":true,"href":"https:\/\/thesalmonmarket.com\/pt\/wp-json\/wp\/v2\/media\/7972"}],"wp:attachment":[{"href":"https:\/\/thesalmonmarket.com\/pt\/wp-json\/wp\/v2\/media?parent=7986"}],"wp:term":[{"taxonomy":"product_brand","embeddable":true,"href":"https:\/\/thesalmonmarket.com\/pt\/wp-json\/wp\/v2\/product_brand?post=7986"},{"taxonomy":"product_cat","embeddable":true,"href":"https:\/\/thesalmonmarket.com\/pt\/wp-json\/wp\/v2\/product_cat?post=7986"},{"taxonomy":"product_tag","embeddable":true,"href":"https:\/\/thesalmonmarket.com\/pt\/wp-json\/wp\/v2\/product_tag?post=7986"}],"curies":[{"name":"wp","href":"https:\/\/api.w.org\/{rel}","templated":true}]}}