{"id":7967,"date":"2021-11-15T12:21:53","date_gmt":"2021-11-15T11:21:53","guid":{"rendered":"https:\/\/thesalmonmarket.com\/producto\/tamanho-do-filete-de-salmao-5-6\/"},"modified":"2026-01-15T14:11:24","modified_gmt":"2026-01-15T13:11:24","slug":"filete-de-salmao-tamanho-5-6","status":"publish","type":"product","link":"https:\/\/thesalmonmarket.com\/pt\/produto\/filete-de-salmao-tamanho-5-6\/","title":{"rendered":"Filete de salm\u00e3o"},"content":{"rendered":"<p><strong>Com a pele.<\/strong><\/p>\n<p>Este produto \u00e9 enviado congelado para garantir a melhor qualidade da tua encomenda.<\/p>\n<p><strong>Instru\u00e7\u00f5es de conserva\u00e7\u00e3o: <\/strong>Congela a -18\u00baC. Uma vez descongelado, conserva a uma temperatura entre 0-4\u00baC. <\/p>\n","protected":false},"excerpt":{"rendered":"<p><strong>Envio congelado.<\/strong><\/p>\n<p>Filete de salm\u00e3o de primeira qualidade, sem pele, congelado e embalado em v\u00e1cuo. Perfeito para preparar no forno ou no churrasco. <\/p>\n<p>Cada pe\u00e7a tem um peso vari\u00e1vel entre 1,7 e 1,9 kg. Escolhe o peso que mais te interessa no menu pendente. <\/p>\n","protected":false},"featured_media":9268,"comment_status":"open","ping_status":"closed","template":"","meta":{"_acf_changed":false,"inline_featured_image":false,"_joinchat":[]},"product_brand":[],"product_cat":[222],"product_tag":[225,226,223],"class_list":{"0":"post-7967","1":"product","2":"type-product","3":"status-publish","4":"has-post-thumbnail","6":"product_cat-salmao-fresco","7":"product_tag-congelado-pt","8":"product_tag-salmao-com-pele-pt","9":"product_tag-salmao-cru","11":"first","12":"instock","13":"taxable","14":"shipping-taxable","15":"purchasable","16":"product-type-variable","17":"has-default-attributes"},"acf":[],"yoast_head":"<!-- This site is optimized with the Yoast SEO plugin v27.3 - https:\/\/yoast.com\/product\/yoast-seo-wordpress\/ -->\n<title>Filete de salm\u00e3o - The Salmon Market<\/title>\n<meta name=\"description\" content=\"Filete de salm\u00e3o de primeira qualidade com pele, congelado e embalado em v\u00e1cuo, perfeito para preparar no forno ou no churrasco. Descobre o seu sabor aut\u00eantico.\" \/>\n<meta name=\"robots\" content=\"index, follow, max-snippet:-1, max-image-preview:large, max-video-preview:-1\" \/>\n<link rel=\"canonical\" href=\"https:\/\/thesalmonmarket.com\/pt\/produto\/filete-de-salmao-tamanho-5-6\/\" \/>\n<meta property=\"og:locale\" content=\"pt_PT\" \/>\n<meta property=\"og:type\" content=\"article\" \/>\n<meta property=\"og:title\" content=\"Filete de salm\u00e3o - The Salmon Market\" \/>\n<meta property=\"og:description\" content=\"Filete de salm\u00e3o de primeira qualidade com pele, congelado e embalado em v\u00e1cuo, perfeito para preparar no forno ou no churrasco. Descobre o seu sabor aut\u00eantico.\" \/>\n<meta property=\"og:url\" content=\"https:\/\/thesalmonmarket.com\/pt\/produto\/filete-de-salmao-tamanho-5-6\/\" \/>\n<meta property=\"og:site_name\" content=\"The Salmon Market\" \/>\n<meta property=\"article:modified_time\" content=\"2026-01-15T13:11:24+00:00\" \/>\n<meta property=\"og:image\" content=\"https:\/\/thesalmonmarket.com\/wp-content\/uploads\/2021\/11\/The-Salmon-Marketsalmon-ahumado-filete-3.jpg\" \/>\n\t<meta property=\"og:image:width\" content=\"800\" \/>\n\t<meta property=\"og:image:height\" content=\"800\" \/>\n\t<meta property=\"og:image:type\" content=\"image\/jpeg\" \/>\n<meta name=\"twitter:card\" content=\"summary_large_image\" \/>\n<script type=\"application\/ld+json\" class=\"yoast-schema-graph\">{\"@context\":\"https:\\\/\\\/schema.org\",\"@graph\":[{\"@type\":\"WebPage\",\"@id\":\"https:\\\/\\\/thesalmonmarket.com\\\/pt\\\/produto\\\/filete-de-salmao-tamanho-5-6\\\/\",\"url\":\"https:\\\/\\\/thesalmonmarket.com\\\/pt\\\/produto\\\/filete-de-salmao-tamanho-5-6\\\/\",\"name\":\"Filete de salm\u00e3o - The Salmon Market\",\"isPartOf\":{\"@id\":\"https:\\\/\\\/thesalmonmarket.com\\\/pt\\\/#website\"},\"primaryImageOfPage\":{\"@id\":\"https:\\\/\\\/thesalmonmarket.com\\\/pt\\\/produto\\\/filete-de-salmao-tamanho-5-6\\\/#primaryimage\"},\"image\":{\"@id\":\"https:\\\/\\\/thesalmonmarket.com\\\/pt\\\/produto\\\/filete-de-salmao-tamanho-5-6\\\/#primaryimage\"},\"thumbnailUrl\":\"https:\\\/\\\/thesalmonmarket.com\\\/wp-content\\\/uploads\\\/2021\\\/11\\\/Gemini_Generated_Image_28b4e28b4e28b4e2.jpg\",\"datePublished\":\"2021-11-15T11:21:53+00:00\",\"dateModified\":\"2026-01-15T13:11:24+00:00\",\"description\":\"Filete de salm\u00e3o de primeira qualidade com pele, congelado e embalado em v\u00e1cuo, perfeito para preparar no forno ou no churrasco. Descobre o seu sabor aut\u00eantico.\",\"breadcrumb\":{\"@id\":\"https:\\\/\\\/thesalmonmarket.com\\\/pt\\\/produto\\\/filete-de-salmao-tamanho-5-6\\\/#breadcrumb\"},\"inLanguage\":\"pt\",\"potentialAction\":[{\"@type\":\"ReadAction\",\"target\":[\"https:\\\/\\\/thesalmonmarket.com\\\/pt\\\/produto\\\/filete-de-salmao-tamanho-5-6\\\/\"]}]},{\"@type\":\"ImageObject\",\"inLanguage\":\"pt\",\"@id\":\"https:\\\/\\\/thesalmonmarket.com\\\/pt\\\/produto\\\/filete-de-salmao-tamanho-5-6\\\/#primaryimage\",\"url\":\"https:\\\/\\\/thesalmonmarket.com\\\/wp-content\\\/uploads\\\/2021\\\/11\\\/Gemini_Generated_Image_28b4e28b4e28b4e2.jpg\",\"contentUrl\":\"https:\\\/\\\/thesalmonmarket.com\\\/wp-content\\\/uploads\\\/2021\\\/11\\\/Gemini_Generated_Image_28b4e28b4e28b4e2.jpg\",\"width\":800,\"height\":800},{\"@type\":\"BreadcrumbList\",\"@id\":\"https:\\\/\\\/thesalmonmarket.com\\\/pt\\\/produto\\\/filete-de-salmao-tamanho-5-6\\\/#breadcrumb\",\"itemListElement\":[{\"@type\":\"ListItem\",\"position\":1,\"name\":\"Portada\",\"item\":\"https:\\\/\\\/thesalmonmarket.com\\\/pt\\\/casa\\\/\"},{\"@type\":\"ListItem\",\"position\":2,\"name\":\"Shop\",\"item\":\"https:\\\/\\\/thesalmonmarket.com\\\/pt\\\/shop\\\/\"},{\"@type\":\"ListItem\",\"position\":3,\"name\":\"Filete de salm\u00e3o\"}]},{\"@type\":\"WebSite\",\"@id\":\"https:\\\/\\\/thesalmonmarket.com\\\/pt\\\/#website\",\"url\":\"https:\\\/\\\/thesalmonmarket.com\\\/pt\\\/\",\"name\":\"The Salmon Market\",\"description\":\"Tienda online de salm\u00f3n ahumado y fresco\",\"potentialAction\":[{\"@type\":\"SearchAction\",\"target\":{\"@type\":\"EntryPoint\",\"urlTemplate\":\"https:\\\/\\\/thesalmonmarket.com\\\/pt\\\/?s={search_term_string}\"},\"query-input\":{\"@type\":\"PropertyValueSpecification\",\"valueRequired\":true,\"valueName\":\"search_term_string\"}}],\"inLanguage\":\"pt\"}]}<\/script>\n<!-- \/ Yoast SEO plugin. -->","yoast_head_json":{"title":"Filete de salm\u00e3o - The Salmon Market","description":"Filete de salm\u00e3o de primeira qualidade com pele, congelado e embalado em v\u00e1cuo, perfeito para preparar no forno ou no churrasco. Descobre o seu sabor aut\u00eantico.","robots":{"index":"index","follow":"follow","max-snippet":"max-snippet:-1","max-image-preview":"max-image-preview:large","max-video-preview":"max-video-preview:-1"},"canonical":"https:\/\/thesalmonmarket.com\/pt\/produto\/filete-de-salmao-tamanho-5-6\/","og_locale":"pt_PT","og_type":"article","og_title":"Filete de salm\u00e3o - The Salmon Market","og_description":"Filete de salm\u00e3o de primeira qualidade com pele, congelado e embalado em v\u00e1cuo, perfeito para preparar no forno ou no churrasco. Descobre o seu sabor aut\u00eantico.","og_url":"https:\/\/thesalmonmarket.com\/pt\/produto\/filete-de-salmao-tamanho-5-6\/","og_site_name":"The Salmon Market","article_modified_time":"2026-01-15T13:11:24+00:00","og_image":[{"width":800,"height":800,"url":"https:\/\/thesalmonmarket.com\/wp-content\/uploads\/2021\/11\/The-Salmon-Marketsalmon-ahumado-filete-3.jpg","type":"image\/jpeg"}],"twitter_card":"summary_large_image","schema":{"@context":"https:\/\/schema.org","@graph":[{"@type":"WebPage","@id":"https:\/\/thesalmonmarket.com\/pt\/produto\/filete-de-salmao-tamanho-5-6\/","url":"https:\/\/thesalmonmarket.com\/pt\/produto\/filete-de-salmao-tamanho-5-6\/","name":"Filete de salm\u00e3o - The Salmon Market","isPartOf":{"@id":"https:\/\/thesalmonmarket.com\/pt\/#website"},"primaryImageOfPage":{"@id":"https:\/\/thesalmonmarket.com\/pt\/produto\/filete-de-salmao-tamanho-5-6\/#primaryimage"},"image":{"@id":"https:\/\/thesalmonmarket.com\/pt\/produto\/filete-de-salmao-tamanho-5-6\/#primaryimage"},"thumbnailUrl":"https:\/\/thesalmonmarket.com\/wp-content\/uploads\/2021\/11\/Gemini_Generated_Image_28b4e28b4e28b4e2.jpg","datePublished":"2021-11-15T11:21:53+00:00","dateModified":"2026-01-15T13:11:24+00:00","description":"Filete de salm\u00e3o de primeira qualidade com pele, congelado e embalado em v\u00e1cuo, perfeito para preparar no forno ou no churrasco. Descobre o seu sabor aut\u00eantico.","breadcrumb":{"@id":"https:\/\/thesalmonmarket.com\/pt\/produto\/filete-de-salmao-tamanho-5-6\/#breadcrumb"},"inLanguage":"pt","potentialAction":[{"@type":"ReadAction","target":["https:\/\/thesalmonmarket.com\/pt\/produto\/filete-de-salmao-tamanho-5-6\/"]}]},{"@type":"ImageObject","inLanguage":"pt","@id":"https:\/\/thesalmonmarket.com\/pt\/produto\/filete-de-salmao-tamanho-5-6\/#primaryimage","url":"https:\/\/thesalmonmarket.com\/wp-content\/uploads\/2021\/11\/Gemini_Generated_Image_28b4e28b4e28b4e2.jpg","contentUrl":"https:\/\/thesalmonmarket.com\/wp-content\/uploads\/2021\/11\/Gemini_Generated_Image_28b4e28b4e28b4e2.jpg","width":800,"height":800},{"@type":"BreadcrumbList","@id":"https:\/\/thesalmonmarket.com\/pt\/produto\/filete-de-salmao-tamanho-5-6\/#breadcrumb","itemListElement":[{"@type":"ListItem","position":1,"name":"Portada","item":"https:\/\/thesalmonmarket.com\/pt\/casa\/"},{"@type":"ListItem","position":2,"name":"Shop","item":"https:\/\/thesalmonmarket.com\/pt\/shop\/"},{"@type":"ListItem","position":3,"name":"Filete de salm\u00e3o"}]},{"@type":"WebSite","@id":"https:\/\/thesalmonmarket.com\/pt\/#website","url":"https:\/\/thesalmonmarket.com\/pt\/","name":"The Salmon Market","description":"Tienda online de salm\u00f3n ahumado y fresco","potentialAction":[{"@type":"SearchAction","target":{"@type":"EntryPoint","urlTemplate":"https:\/\/thesalmonmarket.com\/pt\/?s={search_term_string}"},"query-input":{"@type":"PropertyValueSpecification","valueRequired":true,"valueName":"search_term_string"}}],"inLanguage":"pt"}]}},"_links":{"self":[{"href":"https:\/\/thesalmonmarket.com\/pt\/wp-json\/wp\/v2\/product\/7967","targetHints":{"allow":["GET"]}}],"collection":[{"href":"https:\/\/thesalmonmarket.com\/pt\/wp-json\/wp\/v2\/product"}],"about":[{"href":"https:\/\/thesalmonmarket.com\/pt\/wp-json\/wp\/v2\/types\/product"}],"replies":[{"embeddable":true,"href":"https:\/\/thesalmonmarket.com\/pt\/wp-json\/wp\/v2\/comments?post=7967"}],"wp:featuredmedia":[{"embeddable":true,"href":"https:\/\/thesalmonmarket.com\/pt\/wp-json\/wp\/v2\/media\/9268"}],"wp:attachment":[{"href":"https:\/\/thesalmonmarket.com\/pt\/wp-json\/wp\/v2\/media?parent=7967"}],"wp:term":[{"taxonomy":"product_brand","embeddable":true,"href":"https:\/\/thesalmonmarket.com\/pt\/wp-json\/wp\/v2\/product_brand?post=7967"},{"taxonomy":"product_cat","embeddable":true,"href":"https:\/\/thesalmonmarket.com\/pt\/wp-json\/wp\/v2\/product_cat?post=7967"},{"taxonomy":"product_tag","embeddable":true,"href":"https:\/\/thesalmonmarket.com\/pt\/wp-json\/wp\/v2\/product_tag?post=7967"}],"curies":[{"name":"wp","href":"https:\/\/api.w.org\/{rel}","templated":true}]}}