{"id":7966,"date":"2023-09-13T12:12:10","date_gmt":"2023-09-13T10:12:10","guid":{"rendered":"https:\/\/thesalmonmarket.com\/producto\/salmao-do-alasca-fumado-selvagem\/"},"modified":"2026-04-14T10:29:10","modified_gmt":"2026-04-14T08:29:10","slug":"salmao-fumado-selvagem","status":"publish","type":"product","link":"https:\/\/thesalmonmarket.com\/pt\/produto\/salmao-fumado-selvagem\/","title":{"rendered":"Salm\u00e3o do Alasca fumado selvagem, cortado em peda\u00e7os"},"content":{"rendered":"<p><strong>Pr\u00e9-cortado e sem pele.<\/strong><\/p>\n<p>Este produto \u00e9 enviado refrigerado para garantir a m\u00e1xima qualidade da tua encomenda.<\/p>\n<p><strong>Conselhos de conserva\u00e7\u00e3o: <\/strong>Entre 0\u00baC e 4\u00baC.<\/p>\n<p><strong>Produto previamente descongelado<\/strong>.<\/p>\n","protected":false},"excerpt":{"rendered":"<p>Salm\u00e3o do Alasca fumado selvagem em fatias, embalagem de 100 g.<\/p>\n<p>De <strong>salm\u00e3o-vermelho selvagem capturado nas \u00e1guas do Alasca entre maio e setembro<\/strong> e congelado na origem. O Alasca \u00e9 um dos \u00faltimos basti\u00f5es do salm\u00e3o selvagem e as suas \u00e1guas albergam as maiores e mais saud\u00e1veis popula\u00e7\u00f5es de salm\u00e3o selvagem do planeta. <\/p>\n<p>O salm\u00e3o sockeye selvagem do Alasca \u00e9 conhecido pela cor vermelha intensa da sua carne, pela sua qualidade e pelo seu sabor. A sua <strong>carne \u00e9 menos gordurosa do que a do salm\u00e3o noruegu\u00eas<\/strong>, com uma textura mais firme e um elevado teor de prote\u00ednas e de \u00f3mega 3. <\/p>\n<p><strong>Se est\u00e1s habituado ao <a href=\"https:\/\/thesalmonmarket.com\/pt\/comprar\/salmao-fumado\/\">salm\u00e3o fumado noruegu\u00eas<\/a>, vais encontrar algumas diferen\u00e7as<\/strong>. Tem isto em mente, pois nem todos os nossos clientes se habituam a um sabor e textura diferentes. <\/p>\n","protected":false},"featured_media":9203,"comment_status":"open","ping_status":"closed","template":"","meta":{"_acf_changed":false,"inline_featured_image":false,"_joinchat":[]},"product_brand":[],"product_cat":[218],"product_tag":[221,220,219],"class_list":{"0":"post-7966","1":"product","2":"type-product","3":"status-publish","4":"has-post-thumbnail","6":"product_cat-salmao-fumado","7":"product_tag-descongelacao","8":"product_tag-salmao-selvagem","9":"product_tag-salmao-sem-pele","11":"first","12":"instock","13":"taxable","14":"shipping-taxable","15":"purchasable","16":"product-type-simple"},"acf":[],"yoast_head":"<!-- This site is optimized with the Yoast SEO plugin v27.3 - https:\/\/yoast.com\/product\/yoast-seo-wordpress\/ -->\n<title>Salm\u00e3o do Alasca fumado selvagem, cortado em peda\u00e7os do Alasca - The Salmon Market<\/title>\n<meta name=\"description\" content=\"Salm\u00e3o selvagem fumado em fatias de salm\u00e3o sockeye selvagem capturado no Alasca. Carne vermelha intensa. Ficar\u00e1s surpreendido com a sua qualidade e sabor.\" \/>\n<meta name=\"robots\" content=\"index, follow, max-snippet:-1, max-image-preview:large, max-video-preview:-1\" \/>\n<link rel=\"canonical\" href=\"https:\/\/thesalmonmarket.com\/pt\/produto\/salmao-fumado-selvagem\/\" \/>\n<meta property=\"og:locale\" content=\"pt_PT\" \/>\n<meta property=\"og:type\" content=\"article\" \/>\n<meta property=\"og:title\" content=\"Salm\u00e3o do Alasca fumado selvagem, cortado em peda\u00e7os do Alasca - The Salmon Market\" \/>\n<meta property=\"og:description\" content=\"Salm\u00e3o selvagem fumado em fatias de salm\u00e3o sockeye selvagem capturado no Alasca. Carne vermelha intensa. Ficar\u00e1s surpreendido com a sua qualidade e sabor.\" \/>\n<meta property=\"og:url\" content=\"https:\/\/thesalmonmarket.com\/pt\/produto\/salmao-fumado-selvagem\/\" \/>\n<meta property=\"og:site_name\" content=\"The Salmon Market\" \/>\n<meta property=\"article:modified_time\" content=\"2026-04-14T08:29:10+00:00\" \/>\n<meta property=\"og:image\" content=\"https:\/\/thesalmonmarket.com\/wp-content\/uploads\/2023\/09\/salmon-salvaje-ahumado.jpg\" \/>\n\t<meta property=\"og:image:width\" content=\"800\" \/>\n\t<meta property=\"og:image:height\" content=\"800\" \/>\n\t<meta property=\"og:image:type\" content=\"image\/jpeg\" \/>\n<meta name=\"twitter:card\" content=\"summary_large_image\" \/>\n<script type=\"application\/ld+json\" class=\"yoast-schema-graph\">{\"@context\":\"https:\\\/\\\/schema.org\",\"@graph\":[{\"@type\":\"WebPage\",\"@id\":\"https:\\\/\\\/thesalmonmarket.com\\\/pt\\\/produto\\\/salmao-fumado-selvagem\\\/\",\"url\":\"https:\\\/\\\/thesalmonmarket.com\\\/pt\\\/produto\\\/salmao-fumado-selvagem\\\/\",\"name\":\"Salm\u00e3o do Alasca fumado selvagem, cortado em peda\u00e7os do Alasca - The Salmon Market\",\"isPartOf\":{\"@id\":\"https:\\\/\\\/thesalmonmarket.com\\\/pt\\\/#website\"},\"primaryImageOfPage\":{\"@id\":\"https:\\\/\\\/thesalmonmarket.com\\\/pt\\\/produto\\\/salmao-fumado-selvagem\\\/#primaryimage\"},\"image\":{\"@id\":\"https:\\\/\\\/thesalmonmarket.com\\\/pt\\\/produto\\\/salmao-fumado-selvagem\\\/#primaryimage\"},\"thumbnailUrl\":\"https:\\\/\\\/thesalmonmarket.com\\\/wp-content\\\/uploads\\\/2023\\\/09\\\/salmon-salvaje-ahumado.jpg\",\"datePublished\":\"2023-09-13T10:12:10+00:00\",\"dateModified\":\"2026-04-14T08:29:10+00:00\",\"description\":\"Salm\u00e3o selvagem fumado em fatias de salm\u00e3o sockeye selvagem capturado no Alasca. Carne vermelha intensa. Ficar\u00e1s surpreendido com a sua qualidade e sabor.\",\"breadcrumb\":{\"@id\":\"https:\\\/\\\/thesalmonmarket.com\\\/pt\\\/produto\\\/salmao-fumado-selvagem\\\/#breadcrumb\"},\"inLanguage\":\"pt\",\"potentialAction\":[{\"@type\":\"ReadAction\",\"target\":[\"https:\\\/\\\/thesalmonmarket.com\\\/pt\\\/produto\\\/salmao-fumado-selvagem\\\/\"]}]},{\"@type\":\"ImageObject\",\"inLanguage\":\"pt\",\"@id\":\"https:\\\/\\\/thesalmonmarket.com\\\/pt\\\/produto\\\/salmao-fumado-selvagem\\\/#primaryimage\",\"url\":\"https:\\\/\\\/thesalmonmarket.com\\\/wp-content\\\/uploads\\\/2023\\\/09\\\/salmon-salvaje-ahumado.jpg\",\"contentUrl\":\"https:\\\/\\\/thesalmonmarket.com\\\/wp-content\\\/uploads\\\/2023\\\/09\\\/salmon-salvaje-ahumado.jpg\",\"width\":800,\"height\":800,\"caption\":\"Salm\u00e3o fumado selvagem\"},{\"@type\":\"BreadcrumbList\",\"@id\":\"https:\\\/\\\/thesalmonmarket.com\\\/pt\\\/produto\\\/salmao-fumado-selvagem\\\/#breadcrumb\",\"itemListElement\":[{\"@type\":\"ListItem\",\"position\":1,\"name\":\"Portada\",\"item\":\"https:\\\/\\\/thesalmonmarket.com\\\/pt\\\/casa\\\/\"},{\"@type\":\"ListItem\",\"position\":2,\"name\":\"Shop\",\"item\":\"https:\\\/\\\/thesalmonmarket.com\\\/pt\\\/shop\\\/\"},{\"@type\":\"ListItem\",\"position\":3,\"name\":\"Salm\u00e3o do Alasca fumado selvagem, cortado em peda\u00e7os\"}]},{\"@type\":\"WebSite\",\"@id\":\"https:\\\/\\\/thesalmonmarket.com\\\/pt\\\/#website\",\"url\":\"https:\\\/\\\/thesalmonmarket.com\\\/pt\\\/\",\"name\":\"The Salmon Market\",\"description\":\"Tienda online de salm\u00f3n ahumado y fresco\",\"potentialAction\":[{\"@type\":\"SearchAction\",\"target\":{\"@type\":\"EntryPoint\",\"urlTemplate\":\"https:\\\/\\\/thesalmonmarket.com\\\/pt\\\/?s={search_term_string}\"},\"query-input\":{\"@type\":\"PropertyValueSpecification\",\"valueRequired\":true,\"valueName\":\"search_term_string\"}}],\"inLanguage\":\"pt\"}]}<\/script>\n<!-- \/ Yoast SEO plugin. -->","yoast_head_json":{"title":"Salm\u00e3o do Alasca fumado selvagem, cortado em peda\u00e7os do Alasca - The Salmon Market","description":"Salm\u00e3o selvagem fumado em fatias de salm\u00e3o sockeye selvagem capturado no Alasca. Carne vermelha intensa. Ficar\u00e1s surpreendido com a sua qualidade e sabor.","robots":{"index":"index","follow":"follow","max-snippet":"max-snippet:-1","max-image-preview":"max-image-preview:large","max-video-preview":"max-video-preview:-1"},"canonical":"https:\/\/thesalmonmarket.com\/pt\/produto\/salmao-fumado-selvagem\/","og_locale":"pt_PT","og_type":"article","og_title":"Salm\u00e3o do Alasca fumado selvagem, cortado em peda\u00e7os do Alasca - The Salmon Market","og_description":"Salm\u00e3o selvagem fumado em fatias de salm\u00e3o sockeye selvagem capturado no Alasca. Carne vermelha intensa. Ficar\u00e1s surpreendido com a sua qualidade e sabor.","og_url":"https:\/\/thesalmonmarket.com\/pt\/produto\/salmao-fumado-selvagem\/","og_site_name":"The Salmon Market","article_modified_time":"2026-04-14T08:29:10+00:00","og_image":[{"width":800,"height":800,"url":"https:\/\/thesalmonmarket.com\/wp-content\/uploads\/2023\/09\/salmon-salvaje-ahumado.jpg","type":"image\/jpeg"}],"twitter_card":"summary_large_image","schema":{"@context":"https:\/\/schema.org","@graph":[{"@type":"WebPage","@id":"https:\/\/thesalmonmarket.com\/pt\/produto\/salmao-fumado-selvagem\/","url":"https:\/\/thesalmonmarket.com\/pt\/produto\/salmao-fumado-selvagem\/","name":"Salm\u00e3o do Alasca fumado selvagem, cortado em peda\u00e7os do Alasca - The Salmon Market","isPartOf":{"@id":"https:\/\/thesalmonmarket.com\/pt\/#website"},"primaryImageOfPage":{"@id":"https:\/\/thesalmonmarket.com\/pt\/produto\/salmao-fumado-selvagem\/#primaryimage"},"image":{"@id":"https:\/\/thesalmonmarket.com\/pt\/produto\/salmao-fumado-selvagem\/#primaryimage"},"thumbnailUrl":"https:\/\/thesalmonmarket.com\/wp-content\/uploads\/2023\/09\/salmon-salvaje-ahumado.jpg","datePublished":"2023-09-13T10:12:10+00:00","dateModified":"2026-04-14T08:29:10+00:00","description":"Salm\u00e3o selvagem fumado em fatias de salm\u00e3o sockeye selvagem capturado no Alasca. Carne vermelha intensa. Ficar\u00e1s surpreendido com a sua qualidade e sabor.","breadcrumb":{"@id":"https:\/\/thesalmonmarket.com\/pt\/produto\/salmao-fumado-selvagem\/#breadcrumb"},"inLanguage":"pt","potentialAction":[{"@type":"ReadAction","target":["https:\/\/thesalmonmarket.com\/pt\/produto\/salmao-fumado-selvagem\/"]}]},{"@type":"ImageObject","inLanguage":"pt","@id":"https:\/\/thesalmonmarket.com\/pt\/produto\/salmao-fumado-selvagem\/#primaryimage","url":"https:\/\/thesalmonmarket.com\/wp-content\/uploads\/2023\/09\/salmon-salvaje-ahumado.jpg","contentUrl":"https:\/\/thesalmonmarket.com\/wp-content\/uploads\/2023\/09\/salmon-salvaje-ahumado.jpg","width":800,"height":800,"caption":"Salm\u00e3o fumado selvagem"},{"@type":"BreadcrumbList","@id":"https:\/\/thesalmonmarket.com\/pt\/produto\/salmao-fumado-selvagem\/#breadcrumb","itemListElement":[{"@type":"ListItem","position":1,"name":"Portada","item":"https:\/\/thesalmonmarket.com\/pt\/casa\/"},{"@type":"ListItem","position":2,"name":"Shop","item":"https:\/\/thesalmonmarket.com\/pt\/shop\/"},{"@type":"ListItem","position":3,"name":"Salm\u00e3o do Alasca fumado selvagem, cortado em peda\u00e7os"}]},{"@type":"WebSite","@id":"https:\/\/thesalmonmarket.com\/pt\/#website","url":"https:\/\/thesalmonmarket.com\/pt\/","name":"The Salmon Market","description":"Tienda online de salm\u00f3n ahumado y fresco","potentialAction":[{"@type":"SearchAction","target":{"@type":"EntryPoint","urlTemplate":"https:\/\/thesalmonmarket.com\/pt\/?s={search_term_string}"},"query-input":{"@type":"PropertyValueSpecification","valueRequired":true,"valueName":"search_term_string"}}],"inLanguage":"pt"}]}},"_links":{"self":[{"href":"https:\/\/thesalmonmarket.com\/pt\/wp-json\/wp\/v2\/product\/7966","targetHints":{"allow":["GET"]}}],"collection":[{"href":"https:\/\/thesalmonmarket.com\/pt\/wp-json\/wp\/v2\/product"}],"about":[{"href":"https:\/\/thesalmonmarket.com\/pt\/wp-json\/wp\/v2\/types\/product"}],"replies":[{"embeddable":true,"href":"https:\/\/thesalmonmarket.com\/pt\/wp-json\/wp\/v2\/comments?post=7966"}],"wp:featuredmedia":[{"embeddable":true,"href":"https:\/\/thesalmonmarket.com\/pt\/wp-json\/wp\/v2\/media\/9203"}],"wp:attachment":[{"href":"https:\/\/thesalmonmarket.com\/pt\/wp-json\/wp\/v2\/media?parent=7966"}],"wp:term":[{"taxonomy":"product_brand","embeddable":true,"href":"https:\/\/thesalmonmarket.com\/pt\/wp-json\/wp\/v2\/product_brand?post=7966"},{"taxonomy":"product_cat","embeddable":true,"href":"https:\/\/thesalmonmarket.com\/pt\/wp-json\/wp\/v2\/product_cat?post=7966"},{"taxonomy":"product_tag","embeddable":true,"href":"https:\/\/thesalmonmarket.com\/pt\/wp-json\/wp\/v2\/product_tag?post=7966"}],"curies":[{"name":"wp","href":"https:\/\/api.w.org\/{rel}","templated":true}]}}