{"id":7925,"date":"2020-09-08T11:34:04","date_gmt":"2020-09-08T09:34:04","guid":{"rendered":"https:\/\/thesalmonmarket.com\/politica-de-cookies\/"},"modified":"2025-07-04T16:14:49","modified_gmt":"2025-07-04T14:14:49","slug":"politica-de-cookies","status":"publish","type":"page","link":"https:\/\/thesalmonmarket.com\/pt\/politica-de-cookies\/","title":{"rendered":"Pol\u00edtica de cookies"},"content":{"rendered":"<div class=\"fusion-fullwidth fullwidth-box fusion-builder-row-1 fusion-flex-container nonhundred-percent-fullwidth non-hundred-percent-height-scrolling\" style=\"--awb-border-radius-top-left:0px;--awb-border-radius-top-right:0px;--awb-border-radius-bottom-right:0px;--awb-border-radius-bottom-left:0px;--awb-margin-top:60px;--awb-flex-wrap:wrap;\" ><div class=\"fusion-builder-row fusion-row fusion-flex-align-items-flex-start fusion-flex-content-wrap\" style=\"max-width:1248px;margin-left: calc(-4% \/ 2 );margin-right: calc(-4% \/ 2 );\"><div class=\"fusion-layout-column fusion_builder_column fusion-builder-column-0 fusion_builder_column_1_1 1_1 fusion-flex-column\" style=\"--awb-bg-size:cover;--awb-width-large:100%;--awb-margin-top-large:0px;--awb-spacing-right-large:1.92%;--awb-margin-bottom-large:20px;--awb-spacing-left-large:1.92%;--awb-width-medium:100%;--awb-order-medium:0;--awb-spacing-right-medium:1.92%;--awb-spacing-left-medium:1.92%;--awb-width-small:100%;--awb-order-small:0;--awb-spacing-right-small:1.92%;--awb-spacing-left-small:1.92%;\"><div class=\"fusion-column-wrapper fusion-column-has-shadow fusion-flex-justify-content-flex-start fusion-content-layout-column\"><div class=\"fusion-text fusion-text-1\"><h3>O QUE \u00c9 UMA BOLACHA?<\/h3>\n<p>Um cookie \u00e9 um ficheiro que \u00e9 descarregado para o teu computador quando acedes a determinados s\u00edtios Web. Os cookies permitem a um s\u00edtio Web, entre outras coisas, armazenar e recuperar informa\u00e7\u00f5es sobre os h\u00e1bitos de navega\u00e7\u00e3o de um utilizador ou do seu computador e, dependendo das informa\u00e7\u00f5es que cont\u00eam e da forma como utiliza o seu computador, podem ser utilizados para reconhecer o utilizador. <\/p>\n<h3>QUE TIPOS DE COOKIES UTILIZA O SITE WWW.THESALMONMARKET.COM?<\/h3>\n<p>Dependendo do per\u00edodo de tempo em que os cookies permanecem activos, podem ser:<\/p>\n<ul>\n<li><strong>Cookies de sess\u00e3o<\/strong>: concebidos para recolher e armazenar dados enquanto o utilizador acede a um s\u00edtio Web. S\u00e3o normalmente utilizados para armazenar informa\u00e7\u00f5es que s\u00f3 precisam de ser conservadas para a presta\u00e7\u00e3o do servi\u00e7o solicitado pelo utilizador numa \u00fanica ocasi\u00e3o (por exemplo, uma lista de produtos comprados). <\/li>\n<li><strong>Cookies persistentes<\/strong>: Trata-se de um tipo de cookie em que os dados permanecem armazenados no terminal e podem ser acedidos e processados durante um per\u00edodo de tempo definido. T\u00eam uma data de elimina\u00e7\u00e3o. S\u00e3o utilizados, por exemplo, no processo de compra ou de registo para evitar que tenhas de introduzir constantemente os teus dados.  <\/li>\n<\/ul>\n<p>Dependendo da entidade que gere o equipamento ou dom\u00ednio a partir do qual os cookies s\u00e3o enviados e processa os dados obtidos, podemos distinguir:<\/p>\n<ul>\n<li><strong>Cookies pr\u00f3prios:<\/strong> S\u00e3o aqueles que s\u00e3o enviados para o dispositivo do utilizador e s\u00e3o geridos exclusivamente por n\u00f3s para o melhor funcionamento do site.<\/li>\n<li><strong>Cookies de terceiros:<\/strong> S\u00e3o aqueles que s\u00e3o enviados para o dispositivo do utilizador a partir de um computador ou dom\u00ednio que n\u00e3o \u00e9 gerido por n\u00f3s, mas por outra entidade, que tratar\u00e1 os dados obtidos.<\/li>\n<\/ul>\n<p>Quando navegas em www.thesalmonmarket.com, os seguintes cookies podem ser instalados no teu dispositivo:<\/p>\n<ul>\n<li><strong>Cookies de registo<\/strong>: Quando o utilizador entra no nosso site e faz o login, \u00e9 instalado um cookie tempor\u00e1rio para que possas navegar na tua \u00e1rea de utilizador sem teres de introduzir os teus dados continuamente. Este cookie desaparecer\u00e1 quando terminares a sess\u00e3o. <\/li>\n<li><strong>Cookies de an\u00e1lise<\/strong>: S\u00e3o utilizados para estudar o comportamento dos utilizadores de forma an\u00f3nima quando navegam no nosso s\u00edtio Web. Permite-nos conhecer os conte\u00fados mais vistos, o n\u00famero de visitantes, etc. Esta informa\u00e7\u00e3o \u00e9 utilizada para melhorar a experi\u00eancia de navega\u00e7\u00e3o e otimizar os nossos servi\u00e7os. Podem ser os nossos pr\u00f3prios cookies, mas tamb\u00e9m cookies de terceiros. Estes \u00faltimos incluem os cookies do Google Analytics.    <\/li>\n<\/ul>\n<\/div><div class=\"fusion-text fusion-text-2\"><p>A tabela seguinte indica os cookies utilizados neste s\u00edtio Web.<\/p>\n<table class=\"cookielawinfo-row-cat-table cookielawinfo-classic\"><thead><tr><th class=\"cookielawinfo-column-1\">Biscoito<\/th><th class=\"cookielawinfo-column-2\">Type<\/th><th class=\"cookielawinfo-column-3\">Dura\u00e7\u00e3o<\/th><th class=\"cookielawinfo-column-4\">Descri\u00e7\u00e3o<\/th><\/tr><\/thead><tbody><tr class=\"cookielawinfo-row\"><td class=\"cookielawinfo-column-1\">_evCoLT<\/td><td class=\"cookielawinfo-column-2\"><\/td><td class=\"cookielawinfo-column-3\"><\/td><td class=\"cookielawinfo-column-4\">Gera\u00e7\u00e3o de relat\u00f3rios estat\u00edsticos sobre o tr\u00e1fego do s\u00edtio Web, a audi\u00eancia total e a audi\u00eancia de uma determinada campanha publicit\u00e1ria.<\/td><\/tr><tr class=\"cookielawinfo-row\"><td class=\"cookielawinfo-column-1\">_gid<\/td><td class=\"cookielawinfo-column-2\"><\/td><td class=\"cookielawinfo-column-3\"><\/td><td class=\"cookielawinfo-column-4\">Definido pelo Google Analytics, o cookie _gid armazena informa\u00e7\u00f5es sobre a forma como os visitantes utilizam um s\u00edtio Web, criando tamb\u00e9m um relat\u00f3rio anal\u00edtico do desempenho do s\u00edtio Web. Alguns dos dados recolhidos incluem o n\u00famero de visitantes, a sua origem e as p\u00e1ginas que visitam de forma an\u00f3nima. <\/td><\/tr><tr class=\"cookielawinfo-row\"><td class=\"cookielawinfo-column-1\">CONSENTIMENTO<\/td><td class=\"cookielawinfo-column-2\"><\/td><td class=\"cookielawinfo-column-3\"><\/td><td class=\"cookielawinfo-column-4\">O YouTube define este cookie atrav\u00e9s de v\u00eddeos do youtube incorporados e regista dados estat\u00edsticos an\u00f3nimos.<\/td><\/tr><tr class=\"cookielawinfo-row\"><td class=\"cookielawinfo-column-1\">cookielawinfo-checkbox-analytics<\/td><td class=\"cookielawinfo-column-2\"><\/td><td class=\"cookielawinfo-column-3\"><\/td><td class=\"cookielawinfo-column-4\">Este cookie \u00e9 definido pelo complemento de consentimento de cookies do RGPD. O cookie \u00e9 utilizado para armazenar o consentimento do utilizador para os cookies na categoria \"Analytics\". <\/td><\/tr><tr class=\"cookielawinfo-row\"><td class=\"cookielawinfo-column-1\">cookielawinfo-checkbox-functional<\/td><td class=\"cookielawinfo-column-2\"><\/td><td class=\"cookielawinfo-column-3\"><\/td><td class=\"cookielawinfo-column-4\">Este cookie \u00e9 definido pelo complemento de consentimento de cookies do RGPD. O cookie \u00e9 utilizado para armazenar o consentimento do utilizador para cookies na categoria \"Desempenho\". <\/td><\/tr><tr class=\"cookielawinfo-row\"><td class=\"cookielawinfo-column-1\">cookielawinfo-checkbox-necessary<\/td><td class=\"cookielawinfo-column-2\"><\/td><td class=\"cookielawinfo-column-3\"><\/td><td class=\"cookielawinfo-column-4\">Este cookie \u00e9 definido pelo complemento de consentimento de cookies do RGPD. Os cookies s\u00e3o utilizados para armazenar o consentimento do utilizador para cookies na categoria \"Necess\u00e1rio\". <\/td><\/tr><tr class=\"cookielawinfo-row\"><td class=\"cookielawinfo-column-1\">cookielawinfo-checkbox-others<\/td><td class=\"cookielawinfo-column-2\"><\/td><td class=\"cookielawinfo-column-3\"><\/td><td class=\"cookielawinfo-column-4\">Este cookie \u00e9 definido pelo complemento de consentimento de cookies do RGPD. O cookie \u00e9 utilizado para armazenar o consentimento do utilizador para cookies na categoria \"Outros\". <\/td><\/tr><tr class=\"cookielawinfo-row\"><td class=\"cookielawinfo-column-1\">cookielawinfo-checkbox-performance<\/td><td class=\"cookielawinfo-column-2\"><\/td><td class=\"cookielawinfo-column-3\"><\/td><td class=\"cookielawinfo-column-4\">Este cookie \u00e9 definido pelo complemento de consentimento de cookies do RGPD. O cookie \u00e9 utilizado para armazenar o consentimento do utilizador para cookies na categoria \"Desempenho\". <\/td><\/tr><tr class=\"cookielawinfo-row\"><td class=\"cookielawinfo-column-1\">N\u00e3o te preocupes.<\/td><td class=\"cookielawinfo-column-2\"><\/td><td class=\"cookielawinfo-column-3\"><\/td><td class=\"cookielawinfo-column-4\">Utilizado para identificar e distinguir um utilizador. Armazena um identificador de cliente \u00fanico (customer ID), gerado aleatoriamente. Utilizados para calcular as intera\u00e7\u00f5es dos utilizadores (visitas, dados dos utilizadores, sess\u00f5es e campanhas), a fim de otimizar os servi\u00e7os oferecidos.  <\/td><\/tr><tr class=\"cookielawinfo-row\"><td class=\"cookielawinfo-column-1\">N\u00e3o te preocupes.<\/td><td class=\"cookielawinfo-column-2\"><\/td><td class=\"cookielawinfo-column-3\"><\/td><td class=\"cookielawinfo-column-4\">O Google Universal Analytics define este cookie para restringir a taxa de pedidos e, por conseguinte, limitar a recolha de dados em s\u00edtios de elevado tr\u00e1fego.<\/td><\/tr><tr class=\"cookielawinfo-row\"><td class=\"cookielawinfo-column-1\">N\u00e3o te preocupes.<\/td><td class=\"cookielawinfo-column-2\"><\/td><td class=\"cookielawinfo-column-3\"><\/td><td class=\"cookielawinfo-column-4\">Gera\u00e7\u00e3o de relat\u00f3rios estat\u00edsticos sobre a forma como os utilizadores encontram o s\u00edtio Web, como o utilizam e se est\u00e1 a funcionar corretamente.<\/td><\/tr><tr class=\"cookielawinfo-row\"><td class=\"cookielawinfo-column-1\">pol\u00edtica_de_cookies_visualizados<\/td><td class=\"cookielawinfo-column-2\"><\/td><td class=\"cookielawinfo-column-3\"><\/td><td class=\"cookielawinfo-column-4\">O cookie \u00e9 definido pelo complemento de consentimento de cookies do RGPD e \u00e9 utilizado para armazenar se o utilizador consentiu ou n\u00e3o na utiliza\u00e7\u00e3o de cookies. N\u00e3o armazena quaisquer dados pessoais. <\/td><\/tr><tr class=\"cookielawinfo-row\"><td class=\"cookielawinfo-column-1\">VISITANTE_INFO1_LIVE<\/td><td class=\"cookielawinfo-column-2\"><\/td><td class=\"cookielawinfo-column-3\"><\/td><td class=\"cookielawinfo-column-4\">Um cookie definido pelo YouTube para medir a largura de banda que determina se o utilizador obt\u00e9m a nova ou a antiga interface do leitor.<\/td><\/tr><tr class=\"cookielawinfo-row\"><td class=\"cookielawinfo-column-1\">woocommerce_items_in_cart<\/td><td class=\"cookielawinfo-column-2\"><\/td><td class=\"cookielawinfo-column-3\"><\/td><td class=\"cookielawinfo-column-4\">Cookie que armazena informa\u00e7\u00f5es sobre o carrinho de compras do cliente e os seus artigos.<\/td><\/tr><tr class=\"cookielawinfo-row\"><td class=\"cookielawinfo-column-1\">YSC<\/td><td class=\"cookielawinfo-column-2\"><\/td><td class=\"cookielawinfo-column-3\"><\/td><td class=\"cookielawinfo-column-4\">\nO cookie YSC \u00e9 definido pelo Youtube e \u00e9 utilizado para monitorizar as visualiza\u00e7\u00f5es de v\u00eddeos incorporados nas p\u00e1ginas do Youtube.<\/td><\/tr><\/tbody><\/table>\n<\/div><div class=\"fusion-text fusion-text-3\"><h3>CONFIGURA\u00c7\u00c3O, CONSULTA E DESACTIVA\u00c7\u00c3O DE COOKIES<\/h3>\n<p><div class=\"cli_user_consent_state\">Your current state: No consent given. <a class=\"cli_manage_current_consent\" style=\"cursor:pointer;text-decoration:underline;\">Manage your consent.<\/a> <\/div>. Podes permitir, bloquear ou apagar os cookies instalados no teu computador, configurando as op\u00e7\u00f5es do navegador instalado no teu computador:<\/p>\n<ul>\n<li><strong>Chrome<\/strong>, de <a class=\"url-break\" href=\"http:\/\/support.google.com\/chrome\/bin\/answer.py?hl=es&amp;answer=95647\" target=\"_blank\" rel=\"noopener noreferrer\">http:\/\/support.google.com\/chrome\/bin\/answer.py?hl=es&amp;answer=95647<\/a><\/li>\n<li><strong>Safari<\/strong>, a partir de <a class=\"url-break\" href=\"http:\/\/support.apple.com\/kb\/ph5042\" target=\"_blank\" rel=\"noopener noreferrer\">http:\/\/support.apple.com\/kb\/ph5042<\/a><\/li>\n<li><strong>Explorador<\/strong>, de <a class=\"url-break\" href=\"http:\/\/windows.microsoft.com\/es-es\/windows7\/how-to-manage-cookies-in-internet-explorer-9\" target=\"_blank\" rel=\"noopener noreferrer\">http:\/\/windows.microsoft.com\/es-es\/windows7\/how-to-manage-cookies-in-internet-explorer-9<\/a><\/li>\n<li><strong>Firefox<\/strong>, de <a class=\"url-break\" href=\"http:\/\/support.mozilla.org\/es\/kb\/habilitar-y-deshabilitar-cookies-que-los-sitios-we\" target=\"_blank\" rel=\"noopener noreferrer\">http:\/\/support.mozilla.org\/es\/kb\/habilitar-y-deshabilitar-cookies-que-los-sitios-we<\/a><\/li>\n<\/ul>\n<p>Tudo o que est\u00e1 relacionado com os cookies do Google, tanto anal\u00edticos como publicit\u00e1rios, bem como a sua gest\u00e3o e configura\u00e7\u00e3o, pode ser consultado em<\/p>\n<ul>\n<li><a class=\"url-break\" href=\"http:\/\/www.google.es\/intl\/es\/policies\/technologies\/types\/\" target=\"_blank\" rel=\"noopener noreferrer\">http:\/\/www.google.es\/intl\/es\/policies\/technologies\/types\/<\/a><\/li>\n<li><a class=\"url-break\" href=\"http:\/\/www.google.es\/policies\/technologies\/ads\/\" target=\"_blank\" rel=\"noopener noreferrer\">http:\/\/www.google.es\/policies\/technologies\/ads\/<\/a><\/li>\n<li><a class=\"url-break\" href=\"https:\/\/developers.google.com\/analytics\/devguides\/collection\/analyticsjs\/cookie-usage\" target=\"_blank\" rel=\"noopener noreferrer\">https:\/\/developers.google.com\/analytics\/devguides\/collection\/analyticsjs\/cookie-usage<\/a><\/li>\n<\/ul>\n<p>Se optares por desativar os Cookies, n\u00e3o poderemos oferecer-te alguns dos nossos servi\u00e7os, como, por exemplo, manter a sess\u00e3o iniciada ou manter as compras no teu carrinho de compras.<\/p>\n<h3>ACTUALIZA\u00c7\u00c3O DE COOKIES<\/h3>\n<p>Cookies de <strong><a href=\"https:\/\/thesalmonmarket.com\/pt\/\" target=\"_parent\" rel=\"noopener noreferrer\">www.thesalmonmarket.com<\/a><\/strong> podem ser actualizados, pelo que te aconselhamos a rever a nossa pol\u00edtica periodicamente.<\/p>\n<\/div><\/div><\/div><\/div><\/div>\n","protected":false},"excerpt":{"rendered":"","protected":false},"author":2,"featured_media":0,"parent":0,"menu_order":21,"comment_status":"closed","ping_status":"closed","template":"","meta":{"_acf_changed":false,"inline_featured_image":false,"_joinchat":[],"footnotes":""},"class_list":["post-7925","page","type-page","status-publish","hentry"],"acf":[],"yoast_head":"<!-- This site is optimized with the Yoast SEO plugin v27.3 - https:\/\/yoast.com\/product\/yoast-seo-wordpress\/ -->\n<title>Pol\u00edtica de cookies - The Salmon Market<\/title>\n<meta name=\"robots\" content=\"noindex, follow\" \/>\n<meta property=\"og:locale\" content=\"pt_PT\" \/>\n<meta property=\"og:type\" content=\"article\" \/>\n<meta property=\"og:title\" content=\"Pol\u00edtica de cookies - The Salmon Market\" \/>\n<meta property=\"og:url\" content=\"https:\/\/thesalmonmarket.com\/pt\/politica-de-cookies\/\" \/>\n<meta property=\"og:site_name\" content=\"The Salmon Market\" \/>\n<meta property=\"article:modified_time\" content=\"2025-07-04T14:14:49+00:00\" \/>\n<meta name=\"twitter:card\" content=\"summary_large_image\" \/>\n<script type=\"application\/ld+json\" class=\"yoast-schema-graph\">{\"@context\":\"https:\\\/\\\/schema.org\",\"@graph\":[{\"@type\":\"WebPage\",\"@id\":\"https:\\\/\\\/thesalmonmarket.com\\\/pt\\\/politica-de-cookies\\\/\",\"url\":\"https:\\\/\\\/thesalmonmarket.com\\\/pt\\\/politica-de-cookies\\\/\",\"name\":\"Pol\u00edtica de cookies - The Salmon Market\",\"isPartOf\":{\"@id\":\"https:\\\/\\\/thesalmonmarket.com\\\/pt\\\/#website\"},\"datePublished\":\"2020-09-08T09:34:04+00:00\",\"dateModified\":\"2025-07-04T14:14:49+00:00\",\"breadcrumb\":{\"@id\":\"https:\\\/\\\/thesalmonmarket.com\\\/pt\\\/politica-de-cookies\\\/#breadcrumb\"},\"inLanguage\":\"pt\",\"potentialAction\":[{\"@type\":\"ReadAction\",\"target\":[\"https:\\\/\\\/thesalmonmarket.com\\\/pt\\\/politica-de-cookies\\\/\"]}]},{\"@type\":\"BreadcrumbList\",\"@id\":\"https:\\\/\\\/thesalmonmarket.com\\\/pt\\\/politica-de-cookies\\\/#breadcrumb\",\"itemListElement\":[{\"@type\":\"ListItem\",\"position\":1,\"name\":\"Portada\",\"item\":\"https:\\\/\\\/thesalmonmarket.com\\\/pt\\\/casa\\\/\"},{\"@type\":\"ListItem\",\"position\":2,\"name\":\"Pol\u00edtica de cookies\"}]},{\"@type\":\"WebSite\",\"@id\":\"https:\\\/\\\/thesalmonmarket.com\\\/pt\\\/#website\",\"url\":\"https:\\\/\\\/thesalmonmarket.com\\\/pt\\\/\",\"name\":\"The Salmon Market\",\"description\":\"Tienda online de salm\u00f3n ahumado y fresco\",\"potentialAction\":[{\"@type\":\"SearchAction\",\"target\":{\"@type\":\"EntryPoint\",\"urlTemplate\":\"https:\\\/\\\/thesalmonmarket.com\\\/pt\\\/?s={search_term_string}\"},\"query-input\":{\"@type\":\"PropertyValueSpecification\",\"valueRequired\":true,\"valueName\":\"search_term_string\"}}],\"inLanguage\":\"pt\"}]}<\/script>\n<!-- \/ Yoast SEO plugin. -->","yoast_head_json":{"title":"Pol\u00edtica de cookies - The Salmon Market","robots":{"index":"noindex","follow":"follow"},"og_locale":"pt_PT","og_type":"article","og_title":"Pol\u00edtica de cookies - The Salmon Market","og_url":"https:\/\/thesalmonmarket.com\/pt\/politica-de-cookies\/","og_site_name":"The Salmon Market","article_modified_time":"2025-07-04T14:14:49+00:00","twitter_card":"summary_large_image","schema":{"@context":"https:\/\/schema.org","@graph":[{"@type":"WebPage","@id":"https:\/\/thesalmonmarket.com\/pt\/politica-de-cookies\/","url":"https:\/\/thesalmonmarket.com\/pt\/politica-de-cookies\/","name":"Pol\u00edtica de cookies - The Salmon Market","isPartOf":{"@id":"https:\/\/thesalmonmarket.com\/pt\/#website"},"datePublished":"2020-09-08T09:34:04+00:00","dateModified":"2025-07-04T14:14:49+00:00","breadcrumb":{"@id":"https:\/\/thesalmonmarket.com\/pt\/politica-de-cookies\/#breadcrumb"},"inLanguage":"pt","potentialAction":[{"@type":"ReadAction","target":["https:\/\/thesalmonmarket.com\/pt\/politica-de-cookies\/"]}]},{"@type":"BreadcrumbList","@id":"https:\/\/thesalmonmarket.com\/pt\/politica-de-cookies\/#breadcrumb","itemListElement":[{"@type":"ListItem","position":1,"name":"Portada","item":"https:\/\/thesalmonmarket.com\/pt\/casa\/"},{"@type":"ListItem","position":2,"name":"Pol\u00edtica de cookies"}]},{"@type":"WebSite","@id":"https:\/\/thesalmonmarket.com\/pt\/#website","url":"https:\/\/thesalmonmarket.com\/pt\/","name":"The Salmon Market","description":"Tienda online de salm\u00f3n ahumado y fresco","potentialAction":[{"@type":"SearchAction","target":{"@type":"EntryPoint","urlTemplate":"https:\/\/thesalmonmarket.com\/pt\/?s={search_term_string}"},"query-input":{"@type":"PropertyValueSpecification","valueRequired":true,"valueName":"search_term_string"}}],"inLanguage":"pt"}]}},"_links":{"self":[{"href":"https:\/\/thesalmonmarket.com\/pt\/wp-json\/wp\/v2\/pages\/7925","targetHints":{"allow":["GET"]}}],"collection":[{"href":"https:\/\/thesalmonmarket.com\/pt\/wp-json\/wp\/v2\/pages"}],"about":[{"href":"https:\/\/thesalmonmarket.com\/pt\/wp-json\/wp\/v2\/types\/page"}],"author":[{"embeddable":true,"href":"https:\/\/thesalmonmarket.com\/pt\/wp-json\/wp\/v2\/users\/2"}],"replies":[{"embeddable":true,"href":"https:\/\/thesalmonmarket.com\/pt\/wp-json\/wp\/v2\/comments?post=7925"}],"version-history":[{"count":1,"href":"https:\/\/thesalmonmarket.com\/pt\/wp-json\/wp\/v2\/pages\/7925\/revisions"}],"predecessor-version":[{"id":7929,"href":"https:\/\/thesalmonmarket.com\/pt\/wp-json\/wp\/v2\/pages\/7925\/revisions\/7929"}],"wp:attachment":[{"href":"https:\/\/thesalmonmarket.com\/pt\/wp-json\/wp\/v2\/media?parent=7925"}],"curies":[{"name":"wp","href":"https:\/\/api.w.org\/{rel}","templated":true}]}}