{"id":7920,"date":"2021-11-15T09:14:05","date_gmt":"2021-11-15T08:14:05","guid":{"rendered":"https:\/\/thesalmonmarket.com\/termos-e-condicoes-de-compra\/"},"modified":"2025-07-04T19:11:08","modified_gmt":"2025-07-04T17:11:08","slug":"termos-e-condicoes-de-compra","status":"publish","type":"page","link":"https:\/\/thesalmonmarket.com\/pt\/termos-e-condicoes-de-compra\/","title":{"rendered":"Termos e condi\u00e7\u00f5es de compra"},"content":{"rendered":"<div class=\"fusion-fullwidth fullwidth-box fusion-builder-row-1 fusion-flex-container nonhundred-percent-fullwidth non-hundred-percent-height-scrolling\" style=\"--awb-border-radius-top-left:0px;--awb-border-radius-top-right:0px;--awb-border-radius-bottom-right:0px;--awb-border-radius-bottom-left:0px;--awb-flex-wrap:wrap;\" ><div class=\"fusion-builder-row fusion-row fusion-flex-align-items-flex-start fusion-flex-content-wrap\" style=\"max-width:1248px;margin-left: calc(-4% \/ 2 );margin-right: calc(-4% \/ 2 );\"><div class=\"fusion-layout-column fusion_builder_column fusion-builder-column-0 fusion_builder_column_1_1 1_1 fusion-flex-column\" style=\"--awb-bg-size:cover;--awb-width-large:100%;--awb-margin-top-large:0px;--awb-spacing-right-large:1.92%;--awb-margin-bottom-large:20px;--awb-spacing-left-large:1.92%;--awb-width-medium:100%;--awb-order-medium:0;--awb-spacing-right-medium:1.92%;--awb-spacing-left-medium:1.92%;--awb-width-small:100%;--awb-order-small:0;--awb-spacing-right-small:1.92%;--awb-spacing-left-small:1.92%;\"><div class=\"fusion-column-wrapper fusion-column-has-shadow fusion-flex-justify-content-flex-start fusion-content-layout-column\"><div class=\"fusion-text fusion-text-1\"><p>As presentes Condi\u00e7\u00f5es Gerais de compra (doravante, Condi\u00e7\u00f5es) regulam a utiliza\u00e7\u00e3o e o acesso ao s\u00edtio Web <a href=\"https:\/\/thesalmonmarket.com\/pt\/\">www.thesalmonmarket.com<\/a> (doravante, o S\u00edtio Web), propriedade da THE SALMON MARKET S.L. (doravante, O MERCADO DO SALM\u00c3O) por parte dos utilizadores do S\u00edtio Web (doravante, <strong>Utilizador<\/strong> ou <strong>Utilizadores<\/strong>), bem como a rela\u00e7\u00e3o contratual de compra e venda entre O MERCADO DO SALM\u00c3O e o <strong>Utilizador<\/strong> durante o processo de contrata\u00e7\u00e3o dos produtos oferecidos pelo Mercado do Salm\u00e3o atrav\u00e9s do S\u00edtio Web.<\/p>\n<p>O acesso ao s\u00edtio Web implica o conhecimento e a aceita\u00e7\u00e3o das presentes Condi\u00e7\u00f5es, bem como a maioridade e o bom senso para a possibilidade de adquirir qualquer um dos produtos dispon\u00edveis no s\u00edtio Web.<\/p>\n<p>Todos os pre\u00e7os apresentados para os produtos THE SALMON MARKET incluem IVA. Quando fizeres uma compra, ser-te-\u00e1 pedido que forne\u00e7as os teus dados pessoais para podermos processar a tua encomenda. A formaliza\u00e7\u00e3o de uma encomenda entende-se como sendo efectuada mediante a aceita\u00e7\u00e3o integral das condi\u00e7\u00f5es de compra.<\/p>\n<h3>Acesso e registo<\/h3>\n<p>O <strong>Utilizador<\/strong> garante que todos os dados sobre a sua identidade que voluntariamente fornece ao aceder ao MERCADO DO SALM\u00c3O nos seus formul\u00e1rios s\u00e3o verdadeiros, exactos e completos. No caso de o <strong>Utilizador<\/strong> fornecer informa\u00e7\u00f5es falsas, inexactas ou incompletas, ou se a THE SALMON MARKET considerar que existem motivos razo\u00e1veis para duvidar da veracidade, exatid\u00e3o e integridade das mesmas, a THE SALMON MARKET poder\u00e1 recusar o acesso e a utiliza\u00e7\u00e3o, presente ou futura, do S\u00edtio Web ou de qualquer dos seus conte\u00fados e\/ou servi\u00e7os.<\/p>\n<p><!-- \/wp:post-content --><\/p>\n<\/div><div class=\"fusion-text fusion-text-2\" id=\"envio-devoluciones\"><h3><span style=\"color: #fa7533;\">M\u00c9TODOS DE PAGAMENTO<\/span><\/h3>\n<p><strong>Pagamento com cart\u00e3o<\/strong><br \/>O <strong style=\"font-size: 16px;\">utilizador<\/strong><span style=\"font-size: 16px;\">  podes pagar a tua encomenda com cart\u00e3o de d\u00e9bito ou cr\u00e9dito Vista ou Mastercard. Este s\u00edtio Web utiliza o portal de pagamento Redsys. Os dados do cart\u00e3o n\u00e3o s\u00e3o armazenados nos nossos servidores, pelo que a tua compra \u00e9 100% segura.<\/span><\/p>\n<p><strong>Pagamento com Paypal<\/strong><br \/>O Utilizador pode utilizar a plataforma PayPal como gateway de pagamento do montante do produto adquirido no Site. O THE SALMON MARKET n\u00e3o cobrar\u00e1 qualquer suplemento pela utiliza\u00e7\u00e3o deste m\u00e9todo de pagamento.<\/p>\n<p><strong>Transfer\u00eancia banc\u00e1ria direta<br \/><\/strong>O Utilizador deve efetuar a transfer\u00eancia para uma conta banc\u00e1ria que ser\u00e1 indicada no final do processo de compra. O utilizador, no momento de efetuar a transfer\u00eancia, deve indicar no conceito do mesmo o n\u00famero de encomenda que fornecer\u00e1 ao MERCADO DO SALM\u00c3O no final do processo de compra. O Utilizador tem conhecimento e aceita que o m\u00e9todo de pagamento por transfer\u00eancia pode implicar um atraso na entrega da encomenda, uma vez que o MERCADO DO SALM\u00c3O n\u00e3o iniciar\u00e1 a prepara\u00e7\u00e3o do envio at\u00e9 ter verificado que o montante transferido corresponde ao montante exato da encomenda. O MERCADO DO SALM\u00c3O n\u00e3o assumir\u00e1 qualquer custo por eventuais taxas banc\u00e1rias que possam ser aplic\u00e1veis, pelo que o utilizador dever\u00e1 assumir essas taxas.<strong><br \/><\/strong><\/p>\n<h3><span style=\"color: #fa7533;\">ENVIO<\/span><\/h3>\n<p><b>\u00c1reas de envio<br \/><\/b>De momento, enviamos para Espanha continental.<\/p>\n<p><b>Custos de envio<br \/><\/b>Os custos de envio para Espanha continental s\u00e3o de 8,90\u20ac para encomendas inferiores a 40\u20ac. A partir de 40 euros, a expedi\u00e7\u00e3o \u00e9 gratuita.<\/p>\n<p><b>M\u00e9todo de envio<br \/><\/b>Enviamos os nossos produtos via SEUR frio para garantir a m\u00e1xima qualidade da tua encomenda.<\/p>\n<h3><span style=\"color: #fa7533;\">DEVOLU\u00c7\u00d5ES<\/span><\/h3>\n<p>S\u00f3 ser\u00e3o aceites devolu\u00e7\u00f5es de produtos que possam estar defeituosos e sempre na sua embalagem original.<\/p>\n<p><b>M\u00e1 embalagem<br \/><\/b>Se, no momento da entrega, a embalagem da tua encomenda estiver danificada ou apresentar sinais de ter sido manipulada, n\u00e3o a aceites. Contacta-nos e n\u00f3s trataremos do problema com a empresa de transportes.<\/p>\n<p><strong>A minha encomenda est\u00e1 incorrecta<br \/><\/strong>Se, por erro nosso, receberes um artigo que n\u00e3o encomendaste, envia-nos um e-mail para <a href=\"mailto:info@thesalmonmarket.com\">info@thesalmonmarket.com<\/a> anexando a fatura da tua encomenda e fotografias do produto que recebeste.<\/p>\n<p><strong>Um produto chega em mau estado<br \/><\/strong>No caso de o produto chegar defeituoso ou em mau estado ao comprador, deves notificar-nos no prazo de 24 horas ap\u00f3s a rece\u00e7\u00e3o do mesmo para o nosso e-mail <a href=\"mailto:info@thesalmonmarket.com\">info@thesalmonmarket.com<\/a>, anexando fotografias do produto que mostrem esses danos.<\/p>\n<p><!-- \/wp:paragraph --><\/p>\n<p><!-- wp:paragraph --><\/p>\n<p>Necessitas de mais informa\u00e7\u00f5es?<br \/>Contacta-nos em <a href=\"mailto:info@thesalmonmarket.com\">info@thesalmonmarket.com<\/a> para quaisquer quest\u00f5es sobre envios e devolu\u00e7\u00f5es.<\/p>\n<p><!-- \/wp:paragraph --><\/p>\n<p><!-- wp:paragraph --><\/p>\n<\/div><\/div><\/div><\/div><\/div>\n","protected":false},"excerpt":{"rendered":"","protected":false},"author":3,"featured_media":0,"parent":0,"menu_order":26,"comment_status":"closed","ping_status":"closed","template":"","meta":{"_acf_changed":false,"inline_featured_image":false,"_joinchat":[],"footnotes":""},"class_list":["post-7920","page","type-page","status-publish","hentry"],"acf":[],"yoast_head":"<!-- This site is optimized with the Yoast SEO plugin v27.3 - https:\/\/yoast.com\/product\/yoast-seo-wordpress\/ -->\n<title>Termos e condi\u00e7\u00f5es de compra - The Salmon Market<\/title>\n<meta name=\"robots\" content=\"noindex, nofollow\" \/>\n<meta property=\"og:locale\" content=\"pt_PT\" \/>\n<meta property=\"og:type\" content=\"article\" \/>\n<meta property=\"og:title\" content=\"Termos e condi\u00e7\u00f5es de compra - The Salmon Market\" \/>\n<meta property=\"og:url\" content=\"https:\/\/thesalmonmarket.com\/pt\/termos-e-condicoes-de-compra\/\" \/>\n<meta property=\"og:site_name\" content=\"The Salmon Market\" \/>\n<meta property=\"article:modified_time\" content=\"2025-07-04T17:11:08+00:00\" \/>\n<meta name=\"twitter:card\" content=\"summary_large_image\" \/>\n<script type=\"application\/ld+json\" class=\"yoast-schema-graph\">{\"@context\":\"https:\\\/\\\/schema.org\",\"@graph\":[{\"@type\":\"WebPage\",\"@id\":\"https:\\\/\\\/thesalmonmarket.com\\\/pt\\\/termos-e-condicoes-de-compra\\\/\",\"url\":\"https:\\\/\\\/thesalmonmarket.com\\\/pt\\\/termos-e-condicoes-de-compra\\\/\",\"name\":\"Termos e condi\u00e7\u00f5es de compra - The Salmon Market\",\"isPartOf\":{\"@id\":\"https:\\\/\\\/thesalmonmarket.com\\\/pt\\\/#website\"},\"datePublished\":\"2021-11-15T08:14:05+00:00\",\"dateModified\":\"2025-07-04T17:11:08+00:00\",\"breadcrumb\":{\"@id\":\"https:\\\/\\\/thesalmonmarket.com\\\/pt\\\/termos-e-condicoes-de-compra\\\/#breadcrumb\"},\"inLanguage\":\"pt\",\"potentialAction\":[{\"@type\":\"ReadAction\",\"target\":[\"https:\\\/\\\/thesalmonmarket.com\\\/pt\\\/termos-e-condicoes-de-compra\\\/\"]}]},{\"@type\":\"BreadcrumbList\",\"@id\":\"https:\\\/\\\/thesalmonmarket.com\\\/pt\\\/termos-e-condicoes-de-compra\\\/#breadcrumb\",\"itemListElement\":[{\"@type\":\"ListItem\",\"position\":1,\"name\":\"Portada\",\"item\":\"https:\\\/\\\/thesalmonmarket.com\\\/pt\\\/casa\\\/\"},{\"@type\":\"ListItem\",\"position\":2,\"name\":\"Termos e condi\u00e7\u00f5es de compra\"}]},{\"@type\":\"WebSite\",\"@id\":\"https:\\\/\\\/thesalmonmarket.com\\\/pt\\\/#website\",\"url\":\"https:\\\/\\\/thesalmonmarket.com\\\/pt\\\/\",\"name\":\"The Salmon Market\",\"description\":\"Tienda online de salm\u00f3n ahumado y fresco\",\"potentialAction\":[{\"@type\":\"SearchAction\",\"target\":{\"@type\":\"EntryPoint\",\"urlTemplate\":\"https:\\\/\\\/thesalmonmarket.com\\\/pt\\\/?s={search_term_string}\"},\"query-input\":{\"@type\":\"PropertyValueSpecification\",\"valueRequired\":true,\"valueName\":\"search_term_string\"}}],\"inLanguage\":\"pt\"}]}<\/script>\n<!-- \/ Yoast SEO plugin. -->","yoast_head_json":{"title":"Termos e condi\u00e7\u00f5es de compra - The Salmon Market","robots":{"index":"noindex","follow":"nofollow"},"og_locale":"pt_PT","og_type":"article","og_title":"Termos e condi\u00e7\u00f5es de compra - The Salmon Market","og_url":"https:\/\/thesalmonmarket.com\/pt\/termos-e-condicoes-de-compra\/","og_site_name":"The Salmon Market","article_modified_time":"2025-07-04T17:11:08+00:00","twitter_card":"summary_large_image","schema":{"@context":"https:\/\/schema.org","@graph":[{"@type":"WebPage","@id":"https:\/\/thesalmonmarket.com\/pt\/termos-e-condicoes-de-compra\/","url":"https:\/\/thesalmonmarket.com\/pt\/termos-e-condicoes-de-compra\/","name":"Termos e condi\u00e7\u00f5es de compra - The Salmon Market","isPartOf":{"@id":"https:\/\/thesalmonmarket.com\/pt\/#website"},"datePublished":"2021-11-15T08:14:05+00:00","dateModified":"2025-07-04T17:11:08+00:00","breadcrumb":{"@id":"https:\/\/thesalmonmarket.com\/pt\/termos-e-condicoes-de-compra\/#breadcrumb"},"inLanguage":"pt","potentialAction":[{"@type":"ReadAction","target":["https:\/\/thesalmonmarket.com\/pt\/termos-e-condicoes-de-compra\/"]}]},{"@type":"BreadcrumbList","@id":"https:\/\/thesalmonmarket.com\/pt\/termos-e-condicoes-de-compra\/#breadcrumb","itemListElement":[{"@type":"ListItem","position":1,"name":"Portada","item":"https:\/\/thesalmonmarket.com\/pt\/casa\/"},{"@type":"ListItem","position":2,"name":"Termos e condi\u00e7\u00f5es de compra"}]},{"@type":"WebSite","@id":"https:\/\/thesalmonmarket.com\/pt\/#website","url":"https:\/\/thesalmonmarket.com\/pt\/","name":"The Salmon Market","description":"Tienda online de salm\u00f3n ahumado y fresco","potentialAction":[{"@type":"SearchAction","target":{"@type":"EntryPoint","urlTemplate":"https:\/\/thesalmonmarket.com\/pt\/?s={search_term_string}"},"query-input":{"@type":"PropertyValueSpecification","valueRequired":true,"valueName":"search_term_string"}}],"inLanguage":"pt"}]}},"_links":{"self":[{"href":"https:\/\/thesalmonmarket.com\/pt\/wp-json\/wp\/v2\/pages\/7920","targetHints":{"allow":["GET"]}}],"collection":[{"href":"https:\/\/thesalmonmarket.com\/pt\/wp-json\/wp\/v2\/pages"}],"about":[{"href":"https:\/\/thesalmonmarket.com\/pt\/wp-json\/wp\/v2\/types\/page"}],"author":[{"embeddable":true,"href":"https:\/\/thesalmonmarket.com\/pt\/wp-json\/wp\/v2\/users\/3"}],"replies":[{"embeddable":true,"href":"https:\/\/thesalmonmarket.com\/pt\/wp-json\/wp\/v2\/comments?post=7920"}],"version-history":[{"count":2,"href":"https:\/\/thesalmonmarket.com\/pt\/wp-json\/wp\/v2\/pages\/7920\/revisions"}],"predecessor-version":[{"id":8486,"href":"https:\/\/thesalmonmarket.com\/pt\/wp-json\/wp\/v2\/pages\/7920\/revisions\/8486"}],"wp:attachment":[{"href":"https:\/\/thesalmonmarket.com\/pt\/wp-json\/wp\/v2\/media?parent=7920"}],"curies":[{"name":"wp","href":"https:\/\/api.w.org\/{rel}","templated":true}]}}