{"id":7917,"date":"2020-09-08T11:33:32","date_gmt":"2020-09-08T09:33:32","guid":{"rendered":"https:\/\/thesalmonmarket.com\/politica-de-privacidade\/"},"modified":"2025-07-04T16:14:49","modified_gmt":"2025-07-04T14:14:49","slug":"politica-de-privacidade","status":"publish","type":"page","link":"https:\/\/thesalmonmarket.com\/pt\/politica-de-privacidade\/","title":{"rendered":"Pol\u00edtica de privacidade"},"content":{"rendered":"<div class=\"fusion-fullwidth fullwidth-box fusion-builder-row-1 fusion-flex-container nonhundred-percent-fullwidth non-hundred-percent-height-scrolling\" style=\"--awb-border-radius-top-left:0px;--awb-border-radius-top-right:0px;--awb-border-radius-bottom-right:0px;--awb-border-radius-bottom-left:0px;--awb-margin-top:60px;--awb-flex-wrap:wrap;\" ><div class=\"fusion-builder-row fusion-row fusion-flex-align-items-flex-start fusion-flex-content-wrap\" style=\"max-width:1248px;margin-left: calc(-4% \/ 2 );margin-right: calc(-4% \/ 2 );\"><div class=\"fusion-layout-column fusion_builder_column fusion-builder-column-0 fusion_builder_column_1_1 1_1 fusion-flex-column\" style=\"--awb-bg-size:cover;--awb-width-large:100%;--awb-margin-top-large:0px;--awb-spacing-right-large:1.92%;--awb-margin-bottom-large:20px;--awb-spacing-left-large:1.92%;--awb-width-medium:100%;--awb-order-medium:0;--awb-spacing-right-medium:1.92%;--awb-spacing-left-medium:1.92%;--awb-width-small:100%;--awb-order-small:0;--awb-spacing-right-small:1.92%;--awb-spacing-left-small:1.92%;\"><div class=\"fusion-column-wrapper fusion-column-has-shadow fusion-flex-justify-content-flex-start fusion-content-layout-column\"><div class=\"fusion-text fusion-text-1\"><p><span style=\"color: #333333;\">A visita a este s\u00edtio <a href=\"https:\/\/thesalmonmarket.com\/pt\/\">Web<\/a> n\u00e3o implica que o utilizador seja obrigado a fornecer qualquer informa\u00e7\u00e3o. No caso de o utilizador fornecer alguma informa\u00e7\u00e3o de car\u00e1cter pessoal, os dados recolhidos neste s\u00edtio web ser\u00e3o tratados de forma leal e l\u00edcita, respeitando sempre os princ\u00edpios e direitos estabelecidos na Lei Org\u00e2nica 15\/1999, de 13 de dezembro, de Prote\u00e7\u00e3o de Dados de Car\u00e1cter Pessoal (LOPD), e demais normativa de aplica\u00e7\u00e3o. <\/span><\/p>\n<h3><span style=\"color: #333333;\">INFORMA\u00c7\u00c3O AOS UTILIZADORES<\/span><\/h3>\n<p><span style=\"color: #333333;\">- Sec\u00e7\u00e3o <strong>&#8220;Novo cliente<\/strong><\/span><br \/>\n<span style=\"color: #333333;\">De acordo com a Lei Org\u00e2nica 15\/1999, de 13 de dezembro, de Prote\u00e7\u00e3o de Dados de Car\u00e1cter Pessoal (LOPD), informamos-te que, ao preencheres os formul\u00e1rios, os teus dados pessoais ser\u00e3o incorporados e ser\u00e3o tratados nos ficheiros do MERCADO DO SALM\u00c3O.<\/span><\/p>\n<p><span style=\"color: #333333;\">A principal finalidade deste ficheiro \u00e9 a gest\u00e3o dos utilizadores registados no nosso site, bem como o envio de publicidade relativa a produtos e servi\u00e7os comercializados pelo MERCADO DO SALM\u00c3O ou para o envio de publicidade, descontos e promo\u00e7\u00f5es de produtos e servi\u00e7os de outras entidades.<\/span><\/p>\n<p><span style=\"color: #333333;\">O MERCADO DO SALM\u00c3O assegura a confidencialidade dos dados fornecidos e garante que, em caso algum, ser\u00e3o cedidos para qualquer outra utiliza\u00e7\u00e3o sem o pr\u00e9vio consentimento expresso dos nossos utilizadores. S\u00f3 solicitaremos os dados necess\u00e1rios para a presta\u00e7\u00e3o do servi\u00e7o requerido e s\u00f3 ser\u00e3o utilizados para esse fim. <\/span><\/p>\n<p><span style=\"color: #333333;\">- Sec\u00e7\u00e3o <strong>&#8220;Checkout<\/strong><\/span><br \/>\n<span style=\"color: #333333;\">De acordo com a Lei Org\u00e2nica 15\/1999, de 13 de dezembro, de Prote\u00e7\u00e3o de Dados de Car\u00e1cter Pessoal (LOPD), informamos-te que, ao preencheres os formul\u00e1rios, os teus dados pessoais ser\u00e3o incorporados e ser\u00e3o tratados nos ficheiros do MERCADO DO SALM\u00c3O.<\/span><\/p>\n<p><span style=\"color: #333333;\">A principal finalidade deste ficheiro \u00e9 manter a rela\u00e7\u00e3o contratual com os nossos clientes, facilitar o processamento de encomendas, estudos estat\u00edsticos, bem como o envio de publicidade relativa a produtos e servi\u00e7os comercializados pelo MERCADO DO SALM\u00c3O ou para o envio de publicidade, descontos e promo\u00e7\u00f5es de produtos e servi\u00e7os de outras entidades.<\/span><\/p>\n<p><span style=\"color: #333333;\">Os teus dados podem ser comunicados aos seguintes destinat\u00e1rios no \u00e2mbito da compra:<\/span><\/p>\n<ul>\n<li><span style=\"color: #333333;\">Bancos para pagamento de compras com cart\u00e3o de cr\u00e9dito.<\/span><\/li>\n<li><span style=\"color: #333333;\">Ao Gabinete do Consumidor e do Utilizador em caso de reclama\u00e7\u00e3o.<\/span><\/li>\n<li><span style=\"color: #333333;\">Em casos legalmente estabelecidos, como \u00e9 o caso das For\u00e7as e Corpos de Seguran\u00e7a.<\/span><\/li>\n<\/ul>\n<p><span style=\"color: #333333;\">O MERCADO DO SALM\u00c3O assegura a confidencialidade dos dados fornecidos e garante que, em caso algum, ser\u00e3o cedidos para qualquer outra utiliza\u00e7\u00e3o sem o pr\u00e9vio consentimento expresso dos nossos clientes. S\u00f3 solicitaremos os dados necess\u00e1rios para a presta\u00e7\u00e3o do servi\u00e7o requerido e s\u00f3 ser\u00e3o utilizados para esse fim. <\/span><\/p>\n<p><span style=\"color: #333333;\">- <strong>Ac\u00e7\u00f5es de marketing<\/strong>. Em conformidade com o disposto na Lei 15\/1999, de 13 de dezembro, de Prote\u00e7\u00e3o de Dados de Car\u00e1cter Pessoal, informamos-te de que os dados fornecidos para participar nas diferentes ac\u00e7\u00f5es de marketing ser\u00e3o incorporados em ficheiros propriedade da THE SALMON MARKET com o objetivo de participar em ac\u00e7\u00f5es promocionais espec\u00edficas. Al\u00e9m disso, o MERCADO DO SALM\u00c3O poder\u00e1 utilizar esses dados para informar sobre futuras promo\u00e7\u00f5es, ofertas e outras ac\u00e7\u00f5es comerciais. Os dados pessoais s\u00e3o utilizados pelo MERCADO DO SALM\u00c3O em conformidade com os requisitos da Lei 15\/1999, de 13 de dezembro, de prote\u00e7\u00e3o de dados pessoais.   <\/span><\/p>\n<p><span style=\"color: #333333;\">- Sec\u00e7\u00e3o <strong>&#8220;Formul\u00e1rio de contacto&#8221;<\/strong>.<\/span><br \/>\n<span style=\"color: #333333;\">Em conformidade com o disposto na Lei 15\/1999, de 13 de dezembro, de Prote\u00e7\u00e3o de Dados de Car\u00e1cter Pessoal, informamos-te de que o e-mail fornecido ser\u00e1 incorporado num ficheiro propriedade do MERCADO DO SALM\u00c3O, com o objetivo de gerir o centro de atendimento ao cliente do MERCADO DO SALM\u00c3O.<\/span><\/p>\n<h3><span style=\"color: #333333;\">CONSENTIMENTO<\/span><\/h3>\n<p><span style=\"color: #333333;\">Ao enviar os formul\u00e1rios, entendemos que o utilizador consente no tratamento dos dados de acordo com as finalidades previstas em cada um dos formul\u00e1rios. A MERCADO DO SALM\u00c3O n\u00e3o comunicar\u00e1 os dados a terceiros, exceto nos casos legalmente previstos ou autorizados pelo interessado. A MERCADO DO SALM\u00c3O informa os titulares dos dados da sua inten\u00e7\u00e3o de enviar comunica\u00e7\u00f5es comerciais por correio eletr\u00f3nico ou qualquer outro meio de comunica\u00e7\u00e3o eletr\u00f3nica equivalente. Al\u00e9m disso, os titulares declaram conhecer esta inten\u00e7\u00e3o e d\u00e3o o seu consentimento expresso para receber tais comunica\u00e7\u00f5es. O consentimento aqui prestado pelo Titular dos Dados para a comunica\u00e7\u00e3o de dados a terceiros pode ser revogado a qualquer momento, sem efeitos retroactivos.    <\/span><\/p>\n<h3><span style=\"color: #333333;\">DIREITOS DAS PARTES INTERESSADAS<\/span><\/h3>\n<p><span style=\"color: #333333;\">O interessado pode exercer os seus direitos ARCO (acesso, retifica\u00e7\u00e3o, cancelamento e oposi\u00e7\u00e3o) em rela\u00e7\u00e3o aos seus dados pessoais, escrevendo e anexando uma fotoc\u00f3pia do BI para o endere\u00e7o acima indicado, atrav\u00e9s do nosso formul\u00e1rio ou do e-mail info@thesalmonmarket.com. O MERCADO DO SALM\u00c3O tem \u00e0 tua disposi\u00e7\u00e3o modelos atrav\u00e9s dos quais podes exercer os teus direitos ARCO. <\/span><\/p>\n<h3><span style=\"color: #333333;\">QUALIDADE DOS DADOS<\/span><\/h3>\n<p><span style=\"color: #333333;\">O utilizador deve garantir a veracidade, a exatid\u00e3o, a autenticidade e a validade dos dados pessoais que recolhe.<\/span><\/p>\n<h3><span style=\"color: #333333;\">PROTEC\u00c7\u00c3O DE MENORES<\/span><\/h3>\n<p><span style=\"color: #333333;\">N\u00e3o recolhemos dados pessoais de menores. \u00c9 da responsabilidade dos pais\/tutores legais assegurar a privacidade dos menores, envidando todos os esfor\u00e7os para garantir que estes consentiram na recolha e utiliza\u00e7\u00e3o dos dados pessoais do menor. <\/span><\/p>\n<h3><span style=\"color: #333333;\">REDES SOCIAIS<\/span><\/h3>\n<p><span style=\"color: #333333;\">Atrav\u00e9s do nosso site, podes aceder \u00e0s redes sociais Facebook, Twitter ou Youtube, que est\u00e3o abertas a todos os utilizadores. Estes s\u00e3o sites onde os utilizadores podem registar-se e seguir-nos gratuitamente. Nestas redes sociais os utilizadores podem conhecer as nossas actividades, opini\u00f5es, aceder a fotos e v\u00eddeos. Os utilizadores destas redes sociais devem ter em conta que este site \u00e9 independente da web www.thesalmonmarket.com e \u00e9 aberto, ou seja, \u00e9 vis\u00edvel para todos os utilizadores, sendo que as pol\u00edticas de privacidade a aplicar a estes conte\u00fados s\u00e3o as definidas pelo Facebook, Twitter ou Youtube. O MERCADO DO SALM\u00c3O n\u00e3o \u00e9 propriet\u00e1rio das redes sociais.    <\/span><\/p>\n<h3><span style=\"color: #333333;\">INFORMA\u00c7\u00d5ES RECOLHIDAS PARA MELHORIAS NA WEB<\/span><\/h3>\n<p><span style=\"color: #333333;\">Para melhorar os nossos servi\u00e7os e as compras em linha, estamos a analisar o s\u00edtio do MERCADO DO SALM\u00c3O e a navega\u00e7\u00e3o correta do utilizador. Esta informa\u00e7\u00e3o ser\u00e1 mantida confidencial e s\u00f3 ser\u00e1 utilizada para melhorar a seguran\u00e7a e o funcionamento da nossa loja online. <\/span><\/p>\n<\/div><\/div><\/div><\/div><\/div>\n","protected":false},"excerpt":{"rendered":"","protected":false},"author":2,"featured_media":0,"parent":0,"menu_order":22,"comment_status":"closed","ping_status":"closed","template":"","meta":{"_acf_changed":false,"inline_featured_image":false,"_joinchat":[],"footnotes":""},"class_list":["post-7917","page","type-page","status-publish","hentry"],"acf":[],"yoast_head":"<!-- This site is optimized with the Yoast SEO plugin v27.3 - https:\/\/yoast.com\/product\/yoast-seo-wordpress\/ -->\n<title>Pol\u00edtica de privacidade - The Salmon Market<\/title>\n<meta name=\"robots\" content=\"noindex, nofollow\" \/>\n<meta property=\"og:locale\" content=\"pt_PT\" \/>\n<meta property=\"og:type\" content=\"article\" \/>\n<meta property=\"og:title\" content=\"Pol\u00edtica de privacidade - The Salmon Market\" \/>\n<meta property=\"og:url\" content=\"https:\/\/thesalmonmarket.com\/pt\/politica-de-privacidade\/\" \/>\n<meta property=\"og:site_name\" content=\"The Salmon Market\" \/>\n<meta property=\"article:modified_time\" content=\"2025-07-04T14:14:49+00:00\" \/>\n<meta name=\"twitter:card\" content=\"summary_large_image\" \/>\n<script type=\"application\/ld+json\" class=\"yoast-schema-graph\">{\"@context\":\"https:\\\/\\\/schema.org\",\"@graph\":[{\"@type\":\"WebPage\",\"@id\":\"https:\\\/\\\/thesalmonmarket.com\\\/pt\\\/politica-de-privacidade\\\/\",\"url\":\"https:\\\/\\\/thesalmonmarket.com\\\/pt\\\/politica-de-privacidade\\\/\",\"name\":\"Pol\u00edtica de privacidade - The Salmon Market\",\"isPartOf\":{\"@id\":\"https:\\\/\\\/thesalmonmarket.com\\\/pt\\\/#website\"},\"datePublished\":\"2020-09-08T09:33:32+00:00\",\"dateModified\":\"2025-07-04T14:14:49+00:00\",\"breadcrumb\":{\"@id\":\"https:\\\/\\\/thesalmonmarket.com\\\/pt\\\/politica-de-privacidade\\\/#breadcrumb\"},\"inLanguage\":\"pt\",\"potentialAction\":[{\"@type\":\"ReadAction\",\"target\":[\"https:\\\/\\\/thesalmonmarket.com\\\/pt\\\/politica-de-privacidade\\\/\"]}]},{\"@type\":\"BreadcrumbList\",\"@id\":\"https:\\\/\\\/thesalmonmarket.com\\\/pt\\\/politica-de-privacidade\\\/#breadcrumb\",\"itemListElement\":[{\"@type\":\"ListItem\",\"position\":1,\"name\":\"Portada\",\"item\":\"https:\\\/\\\/thesalmonmarket.com\\\/pt\\\/casa\\\/\"},{\"@type\":\"ListItem\",\"position\":2,\"name\":\"Pol\u00edtica de privacidade\"}]},{\"@type\":\"WebSite\",\"@id\":\"https:\\\/\\\/thesalmonmarket.com\\\/pt\\\/#website\",\"url\":\"https:\\\/\\\/thesalmonmarket.com\\\/pt\\\/\",\"name\":\"The Salmon Market\",\"description\":\"Tienda online de salm\u00f3n ahumado y fresco\",\"potentialAction\":[{\"@type\":\"SearchAction\",\"target\":{\"@type\":\"EntryPoint\",\"urlTemplate\":\"https:\\\/\\\/thesalmonmarket.com\\\/pt\\\/?s={search_term_string}\"},\"query-input\":{\"@type\":\"PropertyValueSpecification\",\"valueRequired\":true,\"valueName\":\"search_term_string\"}}],\"inLanguage\":\"pt\"}]}<\/script>\n<!-- \/ Yoast SEO plugin. -->","yoast_head_json":{"title":"Pol\u00edtica de privacidade - The Salmon Market","robots":{"index":"noindex","follow":"nofollow"},"og_locale":"pt_PT","og_type":"article","og_title":"Pol\u00edtica de privacidade - The Salmon Market","og_url":"https:\/\/thesalmonmarket.com\/pt\/politica-de-privacidade\/","og_site_name":"The Salmon Market","article_modified_time":"2025-07-04T14:14:49+00:00","twitter_card":"summary_large_image","schema":{"@context":"https:\/\/schema.org","@graph":[{"@type":"WebPage","@id":"https:\/\/thesalmonmarket.com\/pt\/politica-de-privacidade\/","url":"https:\/\/thesalmonmarket.com\/pt\/politica-de-privacidade\/","name":"Pol\u00edtica de privacidade - The Salmon Market","isPartOf":{"@id":"https:\/\/thesalmonmarket.com\/pt\/#website"},"datePublished":"2020-09-08T09:33:32+00:00","dateModified":"2025-07-04T14:14:49+00:00","breadcrumb":{"@id":"https:\/\/thesalmonmarket.com\/pt\/politica-de-privacidade\/#breadcrumb"},"inLanguage":"pt","potentialAction":[{"@type":"ReadAction","target":["https:\/\/thesalmonmarket.com\/pt\/politica-de-privacidade\/"]}]},{"@type":"BreadcrumbList","@id":"https:\/\/thesalmonmarket.com\/pt\/politica-de-privacidade\/#breadcrumb","itemListElement":[{"@type":"ListItem","position":1,"name":"Portada","item":"https:\/\/thesalmonmarket.com\/pt\/casa\/"},{"@type":"ListItem","position":2,"name":"Pol\u00edtica de privacidade"}]},{"@type":"WebSite","@id":"https:\/\/thesalmonmarket.com\/pt\/#website","url":"https:\/\/thesalmonmarket.com\/pt\/","name":"The Salmon Market","description":"Tienda online de salm\u00f3n ahumado y fresco","potentialAction":[{"@type":"SearchAction","target":{"@type":"EntryPoint","urlTemplate":"https:\/\/thesalmonmarket.com\/pt\/?s={search_term_string}"},"query-input":{"@type":"PropertyValueSpecification","valueRequired":true,"valueName":"search_term_string"}}],"inLanguage":"pt"}]}},"_links":{"self":[{"href":"https:\/\/thesalmonmarket.com\/pt\/wp-json\/wp\/v2\/pages\/7917","targetHints":{"allow":["GET"]}}],"collection":[{"href":"https:\/\/thesalmonmarket.com\/pt\/wp-json\/wp\/v2\/pages"}],"about":[{"href":"https:\/\/thesalmonmarket.com\/pt\/wp-json\/wp\/v2\/types\/page"}],"author":[{"embeddable":true,"href":"https:\/\/thesalmonmarket.com\/pt\/wp-json\/wp\/v2\/users\/2"}],"replies":[{"embeddable":true,"href":"https:\/\/thesalmonmarket.com\/pt\/wp-json\/wp\/v2\/comments?post=7917"}],"version-history":[{"count":1,"href":"https:\/\/thesalmonmarket.com\/pt\/wp-json\/wp\/v2\/pages\/7917\/revisions"}],"predecessor-version":[{"id":7922,"href":"https:\/\/thesalmonmarket.com\/pt\/wp-json\/wp\/v2\/pages\/7917\/revisions\/7922"}],"wp:attachment":[{"href":"https:\/\/thesalmonmarket.com\/pt\/wp-json\/wp\/v2\/media?parent=7917"}],"curies":[{"name":"wp","href":"https:\/\/api.w.org\/{rel}","templated":true}]}}