{"id":7912,"date":"2020-09-08T11:32:51","date_gmt":"2020-09-08T09:32:51","guid":{"rendered":"https:\/\/thesalmonmarket.com\/aviso-legal\/"},"modified":"2025-07-04T16:14:49","modified_gmt":"2025-07-04T14:14:49","slug":"aviso-legal","status":"publish","type":"page","link":"https:\/\/thesalmonmarket.com\/pt\/aviso-legal\/","title":{"rendered":"Aviso legal"},"content":{"rendered":"<div class=\"fusion-fullwidth fullwidth-box fusion-builder-row-1 fusion-flex-container nonhundred-percent-fullwidth non-hundred-percent-height-scrolling\" style=\"--awb-border-radius-top-left:0px;--awb-border-radius-top-right:0px;--awb-border-radius-bottom-right:0px;--awb-border-radius-bottom-left:0px;--awb-margin-top:30px;--awb-flex-wrap:wrap;\" ><div class=\"fusion-builder-row fusion-row fusion-flex-align-items-flex-start fusion-flex-content-wrap\" style=\"max-width:1248px;margin-left: calc(-4% \/ 2 );margin-right: calc(-4% \/ 2 );\"><div class=\"fusion-layout-column fusion_builder_column fusion-builder-column-0 fusion_builder_column_1_1 1_1 fusion-flex-column\" style=\"--awb-bg-size:cover;--awb-width-large:100%;--awb-margin-top-large:0px;--awb-spacing-right-large:1.92%;--awb-margin-bottom-large:20px;--awb-spacing-left-large:1.92%;--awb-width-medium:100%;--awb-order-medium:0;--awb-spacing-right-medium:1.92%;--awb-spacing-left-medium:1.92%;--awb-width-small:100%;--awb-order-small:0;--awb-spacing-right-small:1.92%;--awb-spacing-left-small:1.92%;\"><div class=\"fusion-column-wrapper fusion-column-has-shadow fusion-flex-justify-content-flex-start fusion-content-layout-column\"><div class=\"fusion-text fusion-text-1\"><p dir=\"ltr\">Em cumprimento da Lei 34\/2002, de 11 de julho, de Servi\u00e7os da Sociedade da Informa\u00e7\u00e3o e Com\u00e9rcio Eletr\u00f3nico, e em particular do seu artigo 10, coloca-se \u00e0 disposi\u00e7\u00e3o do <strong>Utilizador<\/strong> o seguinte Aviso Legal.<\/p>\n<p dir=\"ltr\">O acesso, navega\u00e7\u00e3o e utiliza\u00e7\u00e3o do site https:\/\/thesalmonmarket.com\/ (doravante, o &#8220;Site&#8221;) implica a aceita\u00e7\u00e3o t\u00e1cita e sem reservas de todas as disposi\u00e7\u00f5es do presente aviso legal, tendo a mesma validade e efic\u00e1cia que qualquer contrato escrito e assinado.<\/p>\n<p dir=\"ltr\">A sua observ\u00e2ncia e cumprimento ser\u00e3o obrigat\u00f3rios em rela\u00e7\u00e3o a qualquer pessoa que aceda, navegue ou utilize o Website. Se n\u00e3o concordares com as condi\u00e7\u00f5es acima, n\u00e3o acedas, navegues ou utilizes o site. <\/p>\n<p>Em conformidade com o artigo 10 da Lei 34\/2002, de 11 de julho de 2002, relativa aos Servi\u00e7os da Sociedade da Informa\u00e7\u00e3o e do Com\u00e9rcio Eletr\u00f3nico, o Titular apresenta os seus dados de identifica\u00e7\u00e3o.<\/p>\n<div class=\"uk-panel uk-margin\">\n<ul>\n<li><strong>Propriet\u00e1rio:<\/strong> THE SALMON MARKET S.L<\/li>\n<li><strong>N\u00daMERO DE IVA:<\/strong> B27822329<\/li>\n<li><strong>Endere\u00e7o:<\/strong> CALLE CANOVAS DEL CASTILLO N\u00ba10, 36202 VIGO (Pontevedra)<\/li>\n<li><strong>Envia um e-mail: <\/strong><a href=\"mailto:info@thesalmonmarket.com\">info@thesalmonmarket.com<\/a><\/li>\n<li><strong>Telefona:<\/strong>  <a href=\"tel:+34638062177\">+34 638 062 177<\/a><\/li>\n<\/ul>\n<\/div>\n<h3 class=\"uk-h3 uk-text-left\">CONDI\u00c7\u00d5ES GERAIS DE UTILIZA\u00c7\u00c3O<\/h3>\n<div class=\"uk-panel uk-margin\">\n<p>As presentes Condi\u00e7\u00f5es Gerais regulam a utiliza\u00e7\u00e3o (incluindo o mero acesso) das p\u00e1ginas Web que comp\u00f5em este s\u00edtio Web, incluindo os conte\u00fados e servi\u00e7os disponibilizados nas mesmas. Qualquer pessoa que aceda ao website, thesalmonmarket.com (<strong>&#8220;Utilizador<\/strong>&#8220;) aceita ficar vinculada \u00e0s Condi\u00e7\u00f5es Gerais em vigor em cada momento no Website. <\/p>\n<\/div>\n<h3 class=\"uk-h3 uk-text-left\">DADOS PESSOAIS QUE RECOLHEMOS E COMO OS RECOLHEMOS<\/h3>\n<div class=\"uk-panel uk-margin\">\n<p>Podes ler sobre isso na nossa <a href=\"https:\/\/thesalmonmarket.com\/politica-de-privacidad\/\" target=\"_blank\" rel=\"noopener\">Pol\u00edtica de Privacidade.<\/a><\/p>\n<h3 class=\"uk-h3 uk-text-left\">COMPROMISSOS E OBRIGA\u00c7\u00d5ES DOS UTILIZADORES<\/h3>\n<div class=\"uk-panel uk-margin\">\n<p>O <strong>utilizador<\/strong> \u00e9 informado e aceita que o acesso a este s\u00edtio Web n\u00e3o implica, de forma alguma, o in\u00edcio de uma rela\u00e7\u00e3o comercial com o MERCADO DO SALM\u00c3O (doravante designado por MERCADO DO SALM\u00c3O). Assim, o utilizador compromete-se a utilizar o s\u00edtio Web, os seus servi\u00e7os e conte\u00fados sem infringir a legisla\u00e7\u00e3o vigente, a boa f\u00e9 e a ordem p\u00fablica. <\/p>\n<p>\u00c9 proibida a utiliza\u00e7\u00e3o do s\u00edtio Web para fins il\u00edcitos ou prejudiciais, ou de qualquer forma que possa causar danos ou impedir o normal funcionamento do s\u00edtio Web. Relativamente aos conte\u00fados deste s\u00edtio Web, \u00e9 proibida a sua reprodu\u00e7\u00e3o, distribui\u00e7\u00e3o ou modifica\u00e7\u00e3o, total ou parcial, salvo autoriza\u00e7\u00e3o dos seus leg\u00edtimos propriet\u00e1rios; qualquer infra\u00e7\u00e3o aos direitos do fornecedor ou dos leg\u00edtimos propriet\u00e1rios; a sua utiliza\u00e7\u00e3o para fins comerciais ou publicit\u00e1rios. <\/p>\n<p>Ao utilizar o S\u00edtio Web, o <strong>Utilizador<\/strong> compromete-se a n\u00e3o realizar qualquer conduta que possa prejudicar a imagem, os interesses e os direitos do MERCADO DO SALM\u00c3O ou de terceiros, ou que possa danificar, inutilizar ou sobrecarregar o S\u00edtio Web ou impedir, de qualquer forma, a sua normal utiliza\u00e7\u00e3o. N\u00e3o obstante, o <strong>utilizador<\/strong> deve ter em conta que as medidas de seguran\u00e7a dos sistemas inform\u00e1ticos na Internet n\u00e3o s\u00e3o totalmente fi\u00e1veis e, por conseguinte, o MERCADO DO SALM\u00c3O n\u00e3o pode garantir a aus\u00eancia de v\u00edrus ou outros elementos que possam provocar altera\u00e7\u00f5es nos sistemas inform\u00e1ticos (software e hardware) do <strong>utilizador<\/strong> ou nos seus documentos electr\u00f3nicos e ficheiros contidos nos mesmos. <\/p>\n<\/div>\n<h3 class=\"uk-h3 uk-text-left\">MEDIDAS DE SEGURAN\u00c7A<\/h3>\n<div class=\"uk-panel uk-margin\">\n<p>Os dados pessoais comunicados pelo<strong> utilizador<\/strong> ao MERCADO DO SALM\u00c3O podem ser armazenados em bases de dados automatizadas ou n\u00e3o, cuja titularidade corresponde exclusivamente ao MERCADO DO SALM\u00c3O, assumindo todas as medidas t\u00e9cnicas, organizativas e de seguran\u00e7a para garantir a confidencialidade, integridade e qualidade da informa\u00e7\u00e3o nelas contida, em conformidade com o disposto na legisla\u00e7\u00e3o vigente em mat\u00e9ria de prote\u00e7\u00e3o de dados.<\/p>\n<p>A comunica\u00e7\u00e3o entre <strong>os Utilizadores<\/strong> e o Site utiliza um canal seguro e os dados transmitidos s\u00e3o encriptados gra\u00e7as aos protocolos https, pelo que garantimos as melhores condi\u00e7\u00f5es de seguran\u00e7a para que a confidencialidade dos <strong>Utilizadores<\/strong> seja garantida.<\/p>\n<\/div>\n<h3 class=\"uk-h3 uk-text-left\">RECLAMA\u00c7\u00d5ES<\/h3>\n<div class=\"uk-panel uk-margin\">\n<p>O MERCADO DO SALM\u00c3O informa que existem formul\u00e1rios de reclama\u00e7\u00e3o \u00e0 disposi\u00e7\u00e3o <strong>dos utilizadores<\/strong> e clientes. O <strong>utilizador<\/strong> pode fazer reclama\u00e7\u00f5es solicitando um formul\u00e1rio de reclama\u00e7\u00e3o ou enviando um e-mail para info@thesalmonmarket.com indicando o seu nome e apelido, o servi\u00e7o e\/ou produto adquirido e indicando os motivos da sua reclama\u00e7\u00e3o. <\/p>\n<p>O<strong> Utilizador\/Comprador<\/strong> pode notificar-nos da reclama\u00e7\u00e3o, quer por correio eletr\u00f3nico para info@thesalmonmarket.com, quer anexando o seguinte formul\u00e1rio de reclama\u00e7\u00e3o:<\/p>\n<ul>\n<li>O servi\u00e7o\/produto:<\/li>\n<li>Adquirida no dia:<\/li>\n<li>Nome de <strong>utilizador<\/strong>:<\/li>\n<li>Endere\u00e7o do <strong>utilizador<\/strong>:<\/li>\n<li>Assinatura do <strong>utilizador<\/strong> (apenas se for apresentado em papel):<\/li>\n<li>Data:<\/li>\n<li>Motivo da queixa:.<\/li>\n<\/ul>\n<\/div>\n<h3 class=\"uk-h3 uk-text-left\">LIGA\u00c7\u00d5ES EXTERNAS<\/h3>\n<div class=\"uk-panel uk-margin\">\n<p>As p\u00e1ginas deste s\u00edtio Web podem conter liga\u00e7\u00f5es para outros s\u00edtios Web e conte\u00fados detidos por terceiros. O \u00fanico objetivo das liga\u00e7\u00f5es \u00e9 proporcionar ao <strong>utilizador<\/strong> a possibilidade de aceder a essas liga\u00e7\u00f5es. O MERCADO DO SALM\u00c3O n\u00e3o \u00e9 respons\u00e1vel, em caso algum, pelos resultados que o <strong>utilizador<\/strong> possa obter ao aceder a essas liga\u00e7\u00f5es.  <\/p>\n<p>Da mesma forma, o <strong>Utilizador<\/strong> encontrar\u00e1 neste site, p\u00e1ginas, promo\u00e7\u00f5es, programas de afilia\u00e7\u00e3o que acedem aos h\u00e1bitos de navega\u00e7\u00e3o dos <strong>Utilizadores<\/strong> para estabelecer perfis. Estas informa\u00e7\u00f5es s\u00e3o sempre an\u00f3nimas e n\u00e3o identificam o utilizador.<\/p>\n<p>As informa\u00e7\u00f5es fornecidas nestes Sites patrocinados ou liga\u00e7\u00f5es de afiliados est\u00e3o sujeitas \u00e0s pol\u00edticas de privacidade utilizadas nesses Sites e n\u00e3o estar\u00e3o sujeitas a esta pol\u00edtica de privacidade. Por conseguinte, encorajamos vivamente <strong>os Utilizadores<\/strong> a analisarem cuidadosamente as pol\u00edticas de privacidade das liga\u00e7\u00f5es de afiliados. O <strong>Utilizador<\/strong> que pretenda estabelecer qualquer liga\u00e7\u00e3o t\u00e9cnica do seu s\u00edtio Web ao s\u00edtio Web do MERCADO DO SALM\u00c3O deve obter a autoriza\u00e7\u00e3o pr\u00e9via por escrito do MERCADO DO SALM\u00c3O. O estabelecimento da liga\u00e7\u00e3o n\u00e3o implica, em caso algum, a exist\u00eancia de rela\u00e7\u00f5es entre a THE SALMON MARKET e o propriet\u00e1rio do s\u00edtio onde a liga\u00e7\u00e3o \u00e9 estabelecida, nem a aceita\u00e7\u00e3o ou aprova\u00e7\u00e3o pela THE SALMON MARKET dos seus conte\u00fados ou servi\u00e7os.<\/p>\n<\/div>\n<h3 class=\"uk-h3 uk-text-left\">EXCLUS\u00c3O DE GARANTIAS E RESPONSABILIDADE<\/h3>\n<div class=\"uk-panel uk-margin\">\n<div class=\"uk-panel uk-margin\">\n<p>O MERCADO DO SALM\u00c3O n\u00e3o d\u00e1 qualquer garantia nem \u00e9 respons\u00e1vel, em caso algum, por danos de qualquer natureza que possam ser causados por:<\/p>\n<ul>\n<li>A falta de disponibilidade, manuten\u00e7\u00e3o e funcionamento efetivo do s\u00edtio Web, ou dos seus servi\u00e7os e conte\u00fados;<\/li>\n<li>A exist\u00eancia de v\u00edrus, programas maliciosos ou prejudiciais nos conte\u00fados;<\/li>\n<li>Utiliza\u00e7\u00e3o ilegal, negligente, fraudulenta ou contr\u00e1ria ao presente Aviso Legal;<\/li>\n<li>A falta de legalidade, qualidade, fiabilidade, utilidade e disponibilidade dos servi\u00e7os prestados por terceiros e colocados \u00e0 disposi\u00e7\u00e3o <strong>dos Utilizadores<\/strong> no Site.<\/li>\n<li>O fornecedor n\u00e3o se responsabiliza por quaisquer danos resultantes da utiliza\u00e7\u00e3o ilegal ou indevida deste s\u00edtio Web.<\/li>\n<\/ul>\n<\/div>\n<\/div>\n<h3 class=\"uk-h3 uk-text-left\">CONTACTO<\/h3>\n<div class=\"uk-panel uk-margin\">\n<div class=\"uk-panel uk-margin\">\n<div class=\"uk-panel uk-margin\">Se algum <strong>utilizador<\/strong> tiver alguma quest\u00e3o sobre as presentes Condi\u00e7\u00f5es Legais ou algum coment\u00e1rio sobre o portal thesalmonmarket.com, contacta info@thesalmonmarket.com.<\/div>\n<\/div>\n<\/div>\n<\/div>\n<\/div><\/div><\/div><\/div><\/div>\n","protected":false},"excerpt":{"rendered":"","protected":false},"author":2,"featured_media":0,"parent":0,"menu_order":20,"comment_status":"closed","ping_status":"closed","template":"","meta":{"_acf_changed":false,"inline_featured_image":false,"_joinchat":[],"footnotes":""},"class_list":["post-7912","page","type-page","status-publish","hentry"],"acf":[],"yoast_head":"<!-- This site is optimized with the Yoast SEO plugin v27.3 - https:\/\/yoast.com\/product\/yoast-seo-wordpress\/ -->\n<title>Aviso legal - The Salmon Market<\/title>\n<meta name=\"robots\" content=\"noindex, follow\" \/>\n<meta property=\"og:locale\" content=\"pt_PT\" \/>\n<meta property=\"og:type\" content=\"article\" \/>\n<meta property=\"og:title\" content=\"Aviso legal - The Salmon Market\" \/>\n<meta property=\"og:url\" content=\"https:\/\/thesalmonmarket.com\/pt\/aviso-legal\/\" \/>\n<meta property=\"og:site_name\" content=\"The Salmon Market\" \/>\n<meta property=\"article:modified_time\" content=\"2025-07-04T14:14:49+00:00\" \/>\n<meta name=\"twitter:card\" content=\"summary_large_image\" \/>\n<script type=\"application\/ld+json\" class=\"yoast-schema-graph\">{\"@context\":\"https:\\\/\\\/schema.org\",\"@graph\":[{\"@type\":\"WebPage\",\"@id\":\"https:\\\/\\\/thesalmonmarket.com\\\/pt\\\/aviso-legal\\\/\",\"url\":\"https:\\\/\\\/thesalmonmarket.com\\\/pt\\\/aviso-legal\\\/\",\"name\":\"Aviso legal - The Salmon Market\",\"isPartOf\":{\"@id\":\"https:\\\/\\\/thesalmonmarket.com\\\/pt\\\/#website\"},\"datePublished\":\"2020-09-08T09:32:51+00:00\",\"dateModified\":\"2025-07-04T14:14:49+00:00\",\"breadcrumb\":{\"@id\":\"https:\\\/\\\/thesalmonmarket.com\\\/pt\\\/aviso-legal\\\/#breadcrumb\"},\"inLanguage\":\"pt\",\"potentialAction\":[{\"@type\":\"ReadAction\",\"target\":[\"https:\\\/\\\/thesalmonmarket.com\\\/pt\\\/aviso-legal\\\/\"]}]},{\"@type\":\"BreadcrumbList\",\"@id\":\"https:\\\/\\\/thesalmonmarket.com\\\/pt\\\/aviso-legal\\\/#breadcrumb\",\"itemListElement\":[{\"@type\":\"ListItem\",\"position\":1,\"name\":\"Portada\",\"item\":\"https:\\\/\\\/thesalmonmarket.com\\\/pt\\\/casa\\\/\"},{\"@type\":\"ListItem\",\"position\":2,\"name\":\"Aviso legal\"}]},{\"@type\":\"WebSite\",\"@id\":\"https:\\\/\\\/thesalmonmarket.com\\\/pt\\\/#website\",\"url\":\"https:\\\/\\\/thesalmonmarket.com\\\/pt\\\/\",\"name\":\"The Salmon Market\",\"description\":\"Tienda online de salm\u00f3n ahumado y fresco\",\"potentialAction\":[{\"@type\":\"SearchAction\",\"target\":{\"@type\":\"EntryPoint\",\"urlTemplate\":\"https:\\\/\\\/thesalmonmarket.com\\\/pt\\\/?s={search_term_string}\"},\"query-input\":{\"@type\":\"PropertyValueSpecification\",\"valueRequired\":true,\"valueName\":\"search_term_string\"}}],\"inLanguage\":\"pt\"}]}<\/script>\n<!-- \/ Yoast SEO plugin. -->","yoast_head_json":{"title":"Aviso legal - The Salmon Market","robots":{"index":"noindex","follow":"follow"},"og_locale":"pt_PT","og_type":"article","og_title":"Aviso legal - The Salmon Market","og_url":"https:\/\/thesalmonmarket.com\/pt\/aviso-legal\/","og_site_name":"The Salmon Market","article_modified_time":"2025-07-04T14:14:49+00:00","twitter_card":"summary_large_image","schema":{"@context":"https:\/\/schema.org","@graph":[{"@type":"WebPage","@id":"https:\/\/thesalmonmarket.com\/pt\/aviso-legal\/","url":"https:\/\/thesalmonmarket.com\/pt\/aviso-legal\/","name":"Aviso legal - The Salmon Market","isPartOf":{"@id":"https:\/\/thesalmonmarket.com\/pt\/#website"},"datePublished":"2020-09-08T09:32:51+00:00","dateModified":"2025-07-04T14:14:49+00:00","breadcrumb":{"@id":"https:\/\/thesalmonmarket.com\/pt\/aviso-legal\/#breadcrumb"},"inLanguage":"pt","potentialAction":[{"@type":"ReadAction","target":["https:\/\/thesalmonmarket.com\/pt\/aviso-legal\/"]}]},{"@type":"BreadcrumbList","@id":"https:\/\/thesalmonmarket.com\/pt\/aviso-legal\/#breadcrumb","itemListElement":[{"@type":"ListItem","position":1,"name":"Portada","item":"https:\/\/thesalmonmarket.com\/pt\/casa\/"},{"@type":"ListItem","position":2,"name":"Aviso legal"}]},{"@type":"WebSite","@id":"https:\/\/thesalmonmarket.com\/pt\/#website","url":"https:\/\/thesalmonmarket.com\/pt\/","name":"The Salmon Market","description":"Tienda online de salm\u00f3n ahumado y fresco","potentialAction":[{"@type":"SearchAction","target":{"@type":"EntryPoint","urlTemplate":"https:\/\/thesalmonmarket.com\/pt\/?s={search_term_string}"},"query-input":{"@type":"PropertyValueSpecification","valueRequired":true,"valueName":"search_term_string"}}],"inLanguage":"pt"}]}},"_links":{"self":[{"href":"https:\/\/thesalmonmarket.com\/pt\/wp-json\/wp\/v2\/pages\/7912","targetHints":{"allow":["GET"]}}],"collection":[{"href":"https:\/\/thesalmonmarket.com\/pt\/wp-json\/wp\/v2\/pages"}],"about":[{"href":"https:\/\/thesalmonmarket.com\/pt\/wp-json\/wp\/v2\/types\/page"}],"author":[{"embeddable":true,"href":"https:\/\/thesalmonmarket.com\/pt\/wp-json\/wp\/v2\/users\/2"}],"replies":[{"embeddable":true,"href":"https:\/\/thesalmonmarket.com\/pt\/wp-json\/wp\/v2\/comments?post=7912"}],"version-history":[{"count":1,"href":"https:\/\/thesalmonmarket.com\/pt\/wp-json\/wp\/v2\/pages\/7912\/revisions"}],"predecessor-version":[{"id":7915,"href":"https:\/\/thesalmonmarket.com\/pt\/wp-json\/wp\/v2\/pages\/7912\/revisions\/7915"}],"wp:attachment":[{"href":"https:\/\/thesalmonmarket.com\/pt\/wp-json\/wp\/v2\/media?parent=7912"}],"curies":[{"name":"wp","href":"https:\/\/api.w.org\/{rel}","templated":true}]}}